{"id":9499,"date":"2020-07-01T18:01:59","date_gmt":"2020-07-01T16:01:59","guid":{"rendered":"https:\/\/www.epicerie-lasource.org\/magasin\/?post_type=product&#038;p=9499"},"modified":"2026-04-13T16:04:47","modified_gmt":"2026-04-13T14:04:47","slug":"farine-t80-semi-complete-bio-didier-findinier","status":"publish","type":"product","link":"https:\/\/www.epicerie-lasource.org\/magasin\/produit\/farine-t80-semi-complete-bio-didier-findinier\/","title":{"rendered":"Vrac- Farine T80 Semi compl\u00e8te Bio BIOCER"},"content":{"rendered":"","protected":false},"excerpt":{"rendered":"<p>Farine bio Type 80<br \/>\nFarine de haute qualit\u00e9, obtenue par mouture lente sur meule de pierre est produite par la coop\u00e9rative Biocer (Normandie) \u00e0 partir de bl\u00e9s anciens dans les Hauts de France.<br \/>\nLa farine semi compl\u00e8te s&rsquo;utilise facilement pour de nombreuses pr\u00e9parations (sauces, p\u00e2tes, cakes, cr\u00eapes) et en particulier le pain<\/p>\n","protected":false},"featured_media":24783,"comment_status":"closed","ping_status":"closed","template":"","meta":[],"product_cat":[715,63,703,64,694],"product_tag":[],"supplier_id":24359,"supplier_sku":"","atum_controlled":true,"out_stock_date":null,"out_stock_threshold":null,"inheritable":false,"inbound_stock":0,"stock_on_hold":0,"sold_today":2,"sales_last_days":3.5,"out_stock_days":0,"lost_sales":0,"has_location":false,"update_date":"2026-04-13T12:04:49","atum_locations":[],"atum_stock_status":"onbackorder","restock_status":false,"low_stock_amount":"","sales_update_date":"2026-04-13T12:04:49","calc_backorders":-54.689,"_links":{"self":[{"href":"https:\/\/www.epicerie-lasource.org\/magasin\/wp-json\/wp\/v2\/product\/9499"}],"collection":[{"href":"https:\/\/www.epicerie-lasource.org\/magasin\/wp-json\/wp\/v2\/product"}],"about":[{"href":"https:\/\/www.epicerie-lasource.org\/magasin\/wp-json\/wp\/v2\/types\/product"}],"replies":[{"embeddable":true,"href":"https:\/\/www.epicerie-lasource.org\/magasin\/wp-json\/wp\/v2\/comments?post=9499"}],"wp:featuredmedia":[{"embeddable":true,"href":"https:\/\/www.epicerie-lasource.org\/magasin\/wp-json\/wp\/v2\/media\/24783"}],"wp:attachment":[{"href":"https:\/\/www.epicerie-lasource.org\/magasin\/wp-json\/wp\/v2\/media?parent=9499"}],"wp:term":[{"taxonomy":"product_cat","embeddable":true,"href":"https:\/\/www.epicerie-lasource.org\/magasin\/wp-json\/wp\/v2\/product_cat?post=9499"},{"taxonomy":"product_tag","embeddable":true,"href":"https:\/\/www.epicerie-lasource.org\/magasin\/wp-json\/wp\/v2\/product_tag?post=9499"}],"curies":[{"name":"wp","href":"https:\/\/api.w.org\/{rel}","templated":true}]}}