{"id":8714,"date":"2020-06-09T18:33:37","date_gmt":"2020-06-09T16:33:37","guid":{"rendered":"https:\/\/www.epicerie-lasource.org\/magasin\/?post_type=product&#038;p=8714"},"modified":"2026-04-03T16:24:32","modified_gmt":"2026-04-03T14:24:32","slug":"chocolat-noir-quinoa-cacao-dequateur-et-de-cote-divoire100gr","status":"publish","type":"product","link":"https:\/\/www.epicerie-lasource.org\/magasin\/produit\/chocolat-noir-quinoa-cacao-dequateur-et-de-cote-divoire100gr\/","title":{"rendered":"Chocolat noir Quinoa Cacao 65% P\u00e9rou\/Haiti 100gr"},"content":{"rendered":"","protected":false},"excerpt":{"rendered":"<p>Une version compl\u00e9tement crunchy avec du quinoa !<br \/>\nIngr\u00e9dients<\/p>\n<p>Chocolat noir au quinoa souffl\u00e9 issu du commerce \u00e9quitable et de l\u2019agriculture biologique<\/p>\n<p>P\u00e2te de cacao\u00b0* d\u2019\u00c9quateur et de C\u00f4te d\u2019Ivoire 51%, sucre de canne\u00b0*, billettes de quinoa souffl\u00e9\u00b0* 8%, beurre de cacao\u00b0*, \u00e9mulsifiant : l\u00e9cithine de soja (non OGM)\u00b0<br \/>\nCacao : 63% minimum dans le chocolat<br \/>\n\u00b0issus l&rsquo;agriculture biologique (100%)<br \/>\n*issus du commerce \u00e9quitable (99,5% du poids total avec 84% certifi\u00e9 Symbole des Producteurs Paysans). Ce label garantit un commerce \u00e9quitable exclusivement centr\u00e9 sur la petite agriculture paysanne. Il appartient aux producteurs du commerce \u00e9quitable. ww.spp.com<\/p>\n<p>100 gr<\/p>\n","protected":false},"featured_media":25068,"comment_status":"closed","ping_status":"closed","template":"","meta":[],"product_cat":[64,691],"product_tag":[],"supplier_id":24355,"supplier_sku":"","atum_controlled":true,"out_stock_date":null,"out_stock_threshold":null,"inheritable":false,"inbound_stock":0,"stock_on_hold":0,"sold_today":0,"sales_last_days":2,"out_stock_days":0,"lost_sales":0,"has_location":false,"update_date":"2026-04-27T22:21:23","atum_locations":[],"atum_stock_status":"instock","restock_status":false,"low_stock_amount":"","sales_update_date":"2026-04-27T22:21:23","calc_backorders":0,"_links":{"self":[{"href":"https:\/\/www.epicerie-lasource.org\/magasin\/wp-json\/wp\/v2\/product\/8714"}],"collection":[{"href":"https:\/\/www.epicerie-lasource.org\/magasin\/wp-json\/wp\/v2\/product"}],"about":[{"href":"https:\/\/www.epicerie-lasource.org\/magasin\/wp-json\/wp\/v2\/types\/product"}],"replies":[{"embeddable":true,"href":"https:\/\/www.epicerie-lasource.org\/magasin\/wp-json\/wp\/v2\/comments?post=8714"}],"wp:featuredmedia":[{"embeddable":true,"href":"https:\/\/www.epicerie-lasource.org\/magasin\/wp-json\/wp\/v2\/media\/25068"}],"wp:attachment":[{"href":"https:\/\/www.epicerie-lasource.org\/magasin\/wp-json\/wp\/v2\/media?parent=8714"}],"wp:term":[{"taxonomy":"product_cat","embeddable":true,"href":"https:\/\/www.epicerie-lasource.org\/magasin\/wp-json\/wp\/v2\/product_cat?post=8714"},{"taxonomy":"product_tag","embeddable":true,"href":"https:\/\/www.epicerie-lasource.org\/magasin\/wp-json\/wp\/v2\/product_tag?post=8714"}],"curies":[{"name":"wp","href":"https:\/\/api.w.org\/{rel}","templated":true}]}}