{"id":8639,"date":"2020-06-08T21:42:18","date_gmt":"2020-06-08T19:42:18","guid":{"rendered":"https:\/\/www.epicerie-lasource.org\/magasin\/?post_type=product&#038;p=8639"},"modified":"2026-03-30T11:48:49","modified_gmt":"2026-03-30T09:48:49","slug":"clous-de-girofle-bio-35-gr","status":"publish","type":"product","link":"https:\/\/www.epicerie-lasource.org\/magasin\/produit\/clous-de-girofle-bio-35-gr\/","title":{"rendered":"Clous de girofle entier bio ID 30 gr"},"content":{"rendered":"","protected":false},"excerpt":{"rendered":"<p>C\u00e9l\u00e8bre pour ses propri\u00e9t\u00e9s antiseptiques, anti-inflammatoire et anesth\u00e9siantes, le clou de girofle n\u2019est autre que le bouton floral du giroflier. Ce bouton est r\u00e9colt\u00e9 avant la floraison, puis simplement s\u00e9ch\u00e9.<\/p>\n<p>Ingr\u00e9dients<\/p>\n<p>Clous de girofle issus du commerce \u00e9quitable et de l\u2019agriculture biologique*<\/p>\n<p>*issus de l\u2019agriculture biologique et du commerce \u00e9quitable certifi\u00e9 Symbole des Producteurs Paysans (100% du poids total). Ce label garantit un commerce \u00e9quitable exclusivement centr\u00e9 sur la petite agriculture paysanne. Il appartient aux producteurs du commerce \u00e9quitable. www.spp.com<\/p>\n<p>35 gr<\/p>\n","protected":false},"featured_media":61730,"comment_status":"closed","ping_status":"closed","template":"","meta":[],"product_cat":[63,704],"product_tag":[],"supplier_id":24355,"supplier_sku":"","atum_controlled":true,"out_stock_date":"2026-03-18 18:52:38","out_stock_threshold":null,"inheritable":false,"inbound_stock":0,"stock_on_hold":0,"sold_today":0,"sales_last_days":0,"out_stock_days":41,"lost_sales":23.428571428571,"has_location":false,"update_date":"2026-04-28T22:24:22","atum_locations":[],"atum_stock_status":"onbackorder","restock_status":false,"low_stock_amount":"","sales_update_date":"2026-04-28T22:24:22","calc_backorders":0,"_links":{"self":[{"href":"https:\/\/www.epicerie-lasource.org\/magasin\/wp-json\/wp\/v2\/product\/8639"}],"collection":[{"href":"https:\/\/www.epicerie-lasource.org\/magasin\/wp-json\/wp\/v2\/product"}],"about":[{"href":"https:\/\/www.epicerie-lasource.org\/magasin\/wp-json\/wp\/v2\/types\/product"}],"replies":[{"embeddable":true,"href":"https:\/\/www.epicerie-lasource.org\/magasin\/wp-json\/wp\/v2\/comments?post=8639"}],"wp:featuredmedia":[{"embeddable":true,"href":"https:\/\/www.epicerie-lasource.org\/magasin\/wp-json\/wp\/v2\/media\/61730"}],"wp:attachment":[{"href":"https:\/\/www.epicerie-lasource.org\/magasin\/wp-json\/wp\/v2\/media?parent=8639"}],"wp:term":[{"taxonomy":"product_cat","embeddable":true,"href":"https:\/\/www.epicerie-lasource.org\/magasin\/wp-json\/wp\/v2\/product_cat?post=8639"},{"taxonomy":"product_tag","embeddable":true,"href":"https:\/\/www.epicerie-lasource.org\/magasin\/wp-json\/wp\/v2\/product_tag?post=8639"}],"curies":[{"name":"wp","href":"https:\/\/api.w.org\/{rel}","templated":true}]}}