{"id":8125,"date":"2020-05-23T13:01:34","date_gmt":"2020-05-23T11:01:34","guid":{"rendered":"https:\/\/www.epicerie-lasource.org\/magasin\/?post_type=product&#038;p=8125"},"modified":"2026-04-22T20:32:48","modified_gmt":"2026-04-22T18:32:48","slug":"la-thiriez-triple-blonde-bio-33cl-8-5","status":"publish","type":"product","link":"https:\/\/www.epicerie-lasource.org\/magasin\/produit\/la-thiriez-triple-blonde-bio-33cl-8-5\/","title":{"rendered":"Triple Bio Thiriez 33cl &#8211; 8.5%"},"content":{"rendered":"","protected":false},"excerpt":{"rendered":"<p>La Thiriez Triple, originellement appel\u00e9e \u00ab\u00a02 Sous de table\u00a0\u00bb, a \u00e9t\u00e9 cr\u00e9e en 2012 a la demande d&rsquo;un restaurant Lillois.<\/p>\n<p>Elle a rapidement rencontr\u00e9 un grand succ\u00e8s et a facilement trouv\u00e9 sa place dans la grande famille des bi\u00e8res Thiriez.<\/p>\n<p>Bi\u00e8re blonde dor\u00e9e dans ole style des Triple belges, puissante et g\u00e9n\u00e9reuse.<br \/>\nSans lourdeur, la Thiriez Triple est une bi\u00e8re gourmande et \u00e9quilibr\u00e9e.<br \/>\nL&rsquo;utilisation de notre levure usuellement employ\u00e9e pour des bi\u00e8res de type \u00ab\u00a0Saisons\u00a0\u00bb, apporte une finesse \u00e9tonnante pour un bi\u00e8re de style \u00ab\u00a0Triple\u00a0\u00bb.<\/p>\n<p>Bouteille de 33 cl<br \/>\nDegr\u00e9 d&rsquo;alcool : 8.5%<\/p>\n","protected":false},"featured_media":24563,"comment_status":"open","ping_status":"closed","template":"","meta":[],"product_cat":[22,474],"product_tag":[],"supplier_id":23770,"supplier_sku":"","atum_controlled":true,"out_stock_date":null,"out_stock_threshold":null,"inheritable":false,"inbound_stock":0,"stock_on_hold":0,"sold_today":0,"sales_last_days":6,"out_stock_days":0,"lost_sales":0,"has_location":false,"update_date":"2026-05-02T22:29:49","atum_locations":[],"atum_stock_status":"onbackorder","restock_status":false,"low_stock_amount":"","sales_update_date":"2026-05-02T22:29:49","calc_backorders":-20,"_links":{"self":[{"href":"https:\/\/www.epicerie-lasource.org\/magasin\/wp-json\/wp\/v2\/product\/8125"}],"collection":[{"href":"https:\/\/www.epicerie-lasource.org\/magasin\/wp-json\/wp\/v2\/product"}],"about":[{"href":"https:\/\/www.epicerie-lasource.org\/magasin\/wp-json\/wp\/v2\/types\/product"}],"replies":[{"embeddable":true,"href":"https:\/\/www.epicerie-lasource.org\/magasin\/wp-json\/wp\/v2\/comments?post=8125"}],"wp:featuredmedia":[{"embeddable":true,"href":"https:\/\/www.epicerie-lasource.org\/magasin\/wp-json\/wp\/v2\/media\/24563"}],"wp:attachment":[{"href":"https:\/\/www.epicerie-lasource.org\/magasin\/wp-json\/wp\/v2\/media?parent=8125"}],"wp:term":[{"taxonomy":"product_cat","embeddable":true,"href":"https:\/\/www.epicerie-lasource.org\/magasin\/wp-json\/wp\/v2\/product_cat?post=8125"},{"taxonomy":"product_tag","embeddable":true,"href":"https:\/\/www.epicerie-lasource.org\/magasin\/wp-json\/wp\/v2\/product_tag?post=8125"}],"curies":[{"name":"wp","href":"https:\/\/api.w.org\/{rel}","templated":true}]}}