{"id":8104,"date":"2020-05-23T12:34:16","date_gmt":"2020-05-23T10:34:16","guid":{"rendered":"https:\/\/www.epicerie-lasource.org\/magasin\/?post_type=product&#038;p=8104"},"modified":"2026-05-07T16:14:10","modified_gmt":"2026-05-07T14:14:10","slug":"pastilles-36-meo-expresso-bio-compatible-senseo","status":"publish","type":"product","link":"https:\/\/www.epicerie-lasource.org\/magasin\/produit\/pastilles-36-meo-expresso-bio-compatible-senseo\/","title":{"rendered":"Dosettes (36) m\u00e9o l&rsquo;original Bio (compatible Senseo )"},"content":{"rendered":"","protected":false},"excerpt":{"rendered":"<p>Ce caf\u00e9 pur arabica, fruit\u00e9 et acidul\u00e9, est issu des meilleures plantations d&rsquo;Am\u00e9rique Latine et d&rsquo;Afrique certifi\u00e9es AB (Agriculture Biologique). Caf\u00e9s M\u00e9o Biologique, un caf\u00e9 naturel, labellis\u00e9 et contr\u00f4l\u00e9 ravira les amateurs d&rsquo;un caf\u00e9 authentique, naturellement sensibles \u00e0 la qualit\u00e9 et \u00e0 l&rsquo;exigence.<\/p>\n<p>D\u00e9gustation : id\u00e9al \u00e0 tout moment de la journ\u00e9e.<br \/>\nAr\u00f4me et saveur : fruit\u00e9 et floral.<\/p>\n<p>Profil organoleptique :<br \/>\nAr\u00f4me : 4\/4 (Parfum qu\u2019exhale un caf\u00e9, signe de sa fra\u00eecheur et qualit\u00e9)<br \/>\nFruit\u00e9 : 3\/4 (Perception d\u2019une note fruit\u00e9e, issue d\u2019une palette, allant du fruit frais au fruit sec)<br \/>\nAmertume : 0\/4 (Saveur \u00e9l\u00e9mentaire plus ou moins intense qui contribue \u00e0 l\u2019\u00e9quilibre gustatif du caf\u00e9)<br \/>\nCorps : 3\/4 (Saveurs et notion de persistance en bouche)<\/p>\n<p>Paquet de 250g.<\/p>\n","protected":false},"featured_media":24698,"comment_status":"closed","ping_status":"closed","template":"","meta":[],"product_cat":[180,713],"product_tag":[],"supplier_id":24353,"supplier_sku":"","atum_controlled":true,"out_stock_date":null,"out_stock_threshold":null,"inheritable":false,"inbound_stock":0,"stock_on_hold":0,"sold_today":0,"sales_last_days":3,"out_stock_days":0,"lost_sales":0,"has_location":false,"update_date":"2026-05-11T22:44:14","atum_locations":[],"atum_stock_status":"onbackorder","restock_status":false,"low_stock_amount":"","sales_update_date":"2026-05-11T22:44:14","calc_backorders":-30,"_links":{"self":[{"href":"https:\/\/www.epicerie-lasource.org\/magasin\/wp-json\/wp\/v2\/product\/8104"}],"collection":[{"href":"https:\/\/www.epicerie-lasource.org\/magasin\/wp-json\/wp\/v2\/product"}],"about":[{"href":"https:\/\/www.epicerie-lasource.org\/magasin\/wp-json\/wp\/v2\/types\/product"}],"replies":[{"embeddable":true,"href":"https:\/\/www.epicerie-lasource.org\/magasin\/wp-json\/wp\/v2\/comments?post=8104"}],"wp:featuredmedia":[{"embeddable":true,"href":"https:\/\/www.epicerie-lasource.org\/magasin\/wp-json\/wp\/v2\/media\/24698"}],"wp:attachment":[{"href":"https:\/\/www.epicerie-lasource.org\/magasin\/wp-json\/wp\/v2\/media?parent=8104"}],"wp:term":[{"taxonomy":"product_cat","embeddable":true,"href":"https:\/\/www.epicerie-lasource.org\/magasin\/wp-json\/wp\/v2\/product_cat?post=8104"},{"taxonomy":"product_tag","embeddable":true,"href":"https:\/\/www.epicerie-lasource.org\/magasin\/wp-json\/wp\/v2\/product_tag?post=8104"}],"curies":[{"name":"wp","href":"https:\/\/api.w.org\/{rel}","templated":true}]}}