{"id":7488,"date":"2020-04-27T14:02:21","date_gmt":"2020-04-27T12:02:21","guid":{"rendered":"https:\/\/www.epicerie-lasource.org\/magasin\/?post_type=product&#038;p=7488"},"modified":"2026-04-12T17:28:10","modified_gmt":"2026-04-12T15:28:10","slug":"pastilles-52-meo-expresso-compatible-senseo","status":"publish","type":"product","link":"https:\/\/www.epicerie-lasource.org\/magasin\/produit\/pastilles-52-meo-expresso-compatible-senseo\/","title":{"rendered":"Dosettes (54) m\u00e9o expresso (compatible Senseo )"},"content":{"rendered":"","protected":false},"excerpt":{"rendered":"<p>En Italie, la torr\u00e9faction est plus pouss\u00e9e et plus lente. Le caf\u00e9 obtenu est tr\u00e8s aromatique, \u00e0 la cr\u00e8me g\u00e9n\u00e9reuse et onctueuse. Il est parfaitement adapt\u00e9 pour les amateurs d\u2019espresso intense et de ristretto. Ce m\u00e9lange Espresso est compos\u00e9 des plus beaux arabicas sp\u00e9cialement s\u00e9lectionn\u00e9s pour leur finesse et leur richesse associ\u00e9s \u00e0 une pointe de robusta, issu des meilleures plantations. Gr\u00e2ce \u00e0 sa saveur subtile et la pl\u00e9nitude de son ar\u00f4me, ce caf\u00e9 de caract\u00e8re satisfera pleinement l&rsquo;amateur de caf\u00e9 cors\u00e9 et suave.<\/p>\n<p>ORIGINE<br \/>\nAssemblage d\u2019arabicas d&rsquo;Afrique, d\u2019Asie et d\u2019Am\u00e9rique latine &#8211; 80% Arabica 20% Robusta<br \/>\n364 gr<\/p>\n","protected":false},"featured_media":24699,"comment_status":"closed","ping_status":"closed","template":"","meta":[],"product_cat":[180,713],"product_tag":[],"supplier_id":24353,"supplier_sku":"","atum_controlled":true,"out_stock_date":null,"out_stock_threshold":null,"inheritable":false,"inbound_stock":0,"stock_on_hold":0,"sold_today":0,"sales_last_days":1,"out_stock_days":0,"lost_sales":0,"has_location":false,"update_date":"2026-05-02T22:29:19","atum_locations":[],"atum_stock_status":"onbackorder","restock_status":false,"low_stock_amount":"","sales_update_date":"2026-05-02T22:29:19","calc_backorders":-14,"_links":{"self":[{"href":"https:\/\/www.epicerie-lasource.org\/magasin\/wp-json\/wp\/v2\/product\/7488"}],"collection":[{"href":"https:\/\/www.epicerie-lasource.org\/magasin\/wp-json\/wp\/v2\/product"}],"about":[{"href":"https:\/\/www.epicerie-lasource.org\/magasin\/wp-json\/wp\/v2\/types\/product"}],"replies":[{"embeddable":true,"href":"https:\/\/www.epicerie-lasource.org\/magasin\/wp-json\/wp\/v2\/comments?post=7488"}],"wp:featuredmedia":[{"embeddable":true,"href":"https:\/\/www.epicerie-lasource.org\/magasin\/wp-json\/wp\/v2\/media\/24699"}],"wp:attachment":[{"href":"https:\/\/www.epicerie-lasource.org\/magasin\/wp-json\/wp\/v2\/media?parent=7488"}],"wp:term":[{"taxonomy":"product_cat","embeddable":true,"href":"https:\/\/www.epicerie-lasource.org\/magasin\/wp-json\/wp\/v2\/product_cat?post=7488"},{"taxonomy":"product_tag","embeddable":true,"href":"https:\/\/www.epicerie-lasource.org\/magasin\/wp-json\/wp\/v2\/product_tag?post=7488"}],"curies":[{"name":"wp","href":"https:\/\/api.w.org\/{rel}","templated":true}]}}