{"id":7482,"date":"2020-04-27T13:39:33","date_gmt":"2020-04-27T11:39:33","guid":{"rendered":"https:\/\/www.epicerie-lasource.org\/magasin\/?post_type=product&#038;p=7482"},"modified":"2026-04-30T18:40:10","modified_gmt":"2026-04-30T16:40:10","slug":"cafe-meo-bio-250gr-100-arabica","status":"publish","type":"product","link":"https:\/\/www.epicerie-lasource.org\/magasin\/produit\/cafe-meo-bio-250gr-100-arabica\/","title":{"rendered":"Caf\u00e9 M\u00e9o Bio 250gr 100% arabica moulu"},"content":{"rendered":"","protected":false},"excerpt":{"rendered":"<p>Ce caf\u00e9 pur arabica, fruit\u00e9 et acidul\u00e9, est issu des meilleures plantations d&rsquo;Am\u00e9rique Latine et d&rsquo;Afrique certifi\u00e9es AB (Agriculture Biologique). Caf\u00e9s M\u00e9o Biologique, un caf\u00e9 naturel, labellis\u00e9 et contr\u00f4l\u00e9 ravira les amateurs d&rsquo;un caf\u00e9 authentique, naturellement sensibles \u00e0 la qualit\u00e9 et \u00e0 l&rsquo;exigence.<br \/>\nORIGINE<br \/>\nAssemblage d\u2019arabicas d&rsquo;Afrique et d\u2019Am\u00e9rique latine &#8211; 100% Arabica<br \/>\n250 gr<\/p>\n","protected":false},"featured_media":24701,"comment_status":"closed","ping_status":"closed","template":"","meta":[],"product_cat":[180,713],"product_tag":[],"supplier_id":24353,"supplier_sku":"","atum_controlled":true,"out_stock_date":null,"out_stock_threshold":null,"inheritable":false,"inbound_stock":0,"stock_on_hold":0,"sold_today":0,"sales_last_days":19,"out_stock_days":0,"lost_sales":0,"has_location":false,"update_date":"2026-05-01T22:29:44","atum_locations":[],"atum_stock_status":"onbackorder","restock_status":false,"low_stock_amount":"","sales_update_date":"2026-05-01T22:29:44","calc_backorders":-183,"_links":{"self":[{"href":"https:\/\/www.epicerie-lasource.org\/magasin\/wp-json\/wp\/v2\/product\/7482"}],"collection":[{"href":"https:\/\/www.epicerie-lasource.org\/magasin\/wp-json\/wp\/v2\/product"}],"about":[{"href":"https:\/\/www.epicerie-lasource.org\/magasin\/wp-json\/wp\/v2\/types\/product"}],"replies":[{"embeddable":true,"href":"https:\/\/www.epicerie-lasource.org\/magasin\/wp-json\/wp\/v2\/comments?post=7482"}],"wp:featuredmedia":[{"embeddable":true,"href":"https:\/\/www.epicerie-lasource.org\/magasin\/wp-json\/wp\/v2\/media\/24701"}],"wp:attachment":[{"href":"https:\/\/www.epicerie-lasource.org\/magasin\/wp-json\/wp\/v2\/media?parent=7482"}],"wp:term":[{"taxonomy":"product_cat","embeddable":true,"href":"https:\/\/www.epicerie-lasource.org\/magasin\/wp-json\/wp\/v2\/product_cat?post=7482"},{"taxonomy":"product_tag","embeddable":true,"href":"https:\/\/www.epicerie-lasource.org\/magasin\/wp-json\/wp\/v2\/product_tag?post=7482"}],"curies":[{"name":"wp","href":"https:\/\/api.w.org\/{rel}","templated":true}]}}