{"id":7480,"date":"2020-04-27T13:25:32","date_gmt":"2020-04-27T11:25:32","guid":{"rendered":"https:\/\/www.epicerie-lasource.org\/magasin\/?post_type=product&#038;p=7480"},"modified":"2026-04-18T16:17:59","modified_gmt":"2026-04-18T14:17:59","slug":"cafe-meo-degustation-250gr-100-arabica","status":"publish","type":"product","link":"https:\/\/www.epicerie-lasource.org\/magasin\/produit\/cafe-meo-degustation-250gr-100-arabica\/","title":{"rendered":"Caf\u00e9 M\u00e9o D\u00e9gustation 250gr 100% arabica Moulu"},"content":{"rendered":"","protected":false},"excerpt":{"rendered":"<p>Le caf\u00e9 D\u00e9gustation n&rsquo;est compos\u00e9 que d&rsquo;arabicas \u00e9quilibr\u00e9s et subtils. Il vous garantit un go\u00fbt parfaitement rond et aromatique. Une s\u00e9lection harmonieuse d&rsquo;arabicas d\u2019Am\u00e9rique Latine donne un caf\u00e9 de caract\u00e8re plein, long en bouche qui satisfait l&rsquo;amateur le plus exigeant par sa personnalit\u00e9 et son ar\u00f4me.<\/p>\n<p>ORIGINE<br \/>\nAssemblage d\u2019arabicas d\u2019Am\u00e9rique Latine &#8211; 100% Arabica<br \/>\n250 gr<\/p>\n","protected":false},"featured_media":7481,"comment_status":"closed","ping_status":"closed","template":"","meta":[],"product_cat":[180,713],"product_tag":[],"supplier_id":24353,"supplier_sku":"","atum_controlled":true,"out_stock_date":null,"out_stock_threshold":null,"inheritable":false,"inbound_stock":0,"stock_on_hold":0,"sold_today":0,"sales_last_days":6,"out_stock_days":0,"lost_sales":0,"has_location":false,"update_date":"2026-05-03T22:30:09","atum_locations":[],"atum_stock_status":"onbackorder","restock_status":false,"low_stock_amount":"","sales_update_date":"2026-05-03T22:30:09","calc_backorders":-76,"_links":{"self":[{"href":"https:\/\/www.epicerie-lasource.org\/magasin\/wp-json\/wp\/v2\/product\/7480"}],"collection":[{"href":"https:\/\/www.epicerie-lasource.org\/magasin\/wp-json\/wp\/v2\/product"}],"about":[{"href":"https:\/\/www.epicerie-lasource.org\/magasin\/wp-json\/wp\/v2\/types\/product"}],"replies":[{"embeddable":true,"href":"https:\/\/www.epicerie-lasource.org\/magasin\/wp-json\/wp\/v2\/comments?post=7480"}],"wp:featuredmedia":[{"embeddable":true,"href":"https:\/\/www.epicerie-lasource.org\/magasin\/wp-json\/wp\/v2\/media\/7481"}],"wp:attachment":[{"href":"https:\/\/www.epicerie-lasource.org\/magasin\/wp-json\/wp\/v2\/media?parent=7480"}],"wp:term":[{"taxonomy":"product_cat","embeddable":true,"href":"https:\/\/www.epicerie-lasource.org\/magasin\/wp-json\/wp\/v2\/product_cat?post=7480"},{"taxonomy":"product_tag","embeddable":true,"href":"https:\/\/www.epicerie-lasource.org\/magasin\/wp-json\/wp\/v2\/product_tag?post=7480"}],"curies":[{"name":"wp","href":"https:\/\/api.w.org\/{rel}","templated":true}]}}