{"id":7450,"date":"2020-04-27T13:24:36","date_gmt":"2020-04-27T11:24:36","guid":{"rendered":"https:\/\/www.epicerie-lasource.org\/magasin\/?post_type=product&#038;p=7450"},"modified":"2026-04-30T13:54:17","modified_gmt":"2026-04-30T11:54:17","slug":"cafe-meo-gastronomique-250gr-100-arabica","status":"publish","type":"product","link":"https:\/\/www.epicerie-lasource.org\/magasin\/produit\/cafe-meo-gastronomique-250gr-100-arabica\/","title":{"rendered":"Caf\u00e9 M\u00e9o Gastronomique 250gr 100% arabica Moulu"},"content":{"rendered":"","protected":false},"excerpt":{"rendered":"<p>Transmise de g\u00e9n\u00e9ration en g\u00e9n\u00e9ration depuis 1928, la recette Caf\u00e9s M\u00e9o Gastronomique est une habile association d&rsquo;arabicas d&rsquo;Afrique, d&rsquo;Asie et d&rsquo;Am\u00e9rique du Sud. Cette s\u00e9lection lui conf\u00e8re ce caract\u00e8re fruit\u00e9 et cet ar\u00f4me plein et subtil, tant appr\u00e9ci\u00e9. D\u00e9gustez ce caf\u00e9 doux et tr\u00e8s suave, long en bouche avec de l\u00e9g\u00e8res notes de caramel.<br \/>\nORIGINE<br \/>\nAssemblage d\u2019arabicas d&rsquo;Afrique, d&rsquo;Asie et d&rsquo;Am\u00e9rique du Sud &#8211; 100% Arabica<br \/>\n250 gr<\/p>\n","protected":false},"featured_media":7479,"comment_status":"closed","ping_status":"closed","template":"","meta":[],"product_cat":[180,713],"product_tag":[],"supplier_id":24353,"supplier_sku":"","atum_controlled":true,"out_stock_date":null,"out_stock_threshold":null,"inheritable":false,"inbound_stock":0,"stock_on_hold":0,"sold_today":0,"sales_last_days":16,"out_stock_days":0,"lost_sales":0,"has_location":false,"update_date":"2026-05-01T22:29:27","atum_locations":[],"atum_stock_status":"onbackorder","restock_status":false,"low_stock_amount":"","sales_update_date":"2026-05-01T22:29:27","calc_backorders":-124,"_links":{"self":[{"href":"https:\/\/www.epicerie-lasource.org\/magasin\/wp-json\/wp\/v2\/product\/7450"}],"collection":[{"href":"https:\/\/www.epicerie-lasource.org\/magasin\/wp-json\/wp\/v2\/product"}],"about":[{"href":"https:\/\/www.epicerie-lasource.org\/magasin\/wp-json\/wp\/v2\/types\/product"}],"replies":[{"embeddable":true,"href":"https:\/\/www.epicerie-lasource.org\/magasin\/wp-json\/wp\/v2\/comments?post=7450"}],"wp:featuredmedia":[{"embeddable":true,"href":"https:\/\/www.epicerie-lasource.org\/magasin\/wp-json\/wp\/v2\/media\/7479"}],"wp:attachment":[{"href":"https:\/\/www.epicerie-lasource.org\/magasin\/wp-json\/wp\/v2\/media?parent=7450"}],"wp:term":[{"taxonomy":"product_cat","embeddable":true,"href":"https:\/\/www.epicerie-lasource.org\/magasin\/wp-json\/wp\/v2\/product_cat?post=7450"},{"taxonomy":"product_tag","embeddable":true,"href":"https:\/\/www.epicerie-lasource.org\/magasin\/wp-json\/wp\/v2\/product_tag?post=7450"}],"curies":[{"name":"wp","href":"https:\/\/api.w.org\/{rel}","templated":true}]}}