{"id":7143,"date":"2020-04-08T12:18:46","date_gmt":"2020-04-08T10:18:46","guid":{"rendered":"https:\/\/www.epicerie-lasource.org\/magasin\/?post_type=product&#038;p=7143"},"modified":"2026-04-30T22:38:26","modified_gmt":"2026-04-30T20:38:26","slug":"savon-charbon-vegetal-cedre-et-patchouli-100-gr","status":"publish","type":"product","link":"https:\/\/www.epicerie-lasource.org\/magasin\/produit\/savon-charbon-vegetal-cedre-et-patchouli-100-gr\/","title":{"rendered":"Savon ZWARTBERG Charbon v\u00e9g\u00e9tal, c\u00e8dre et patchouli 100 gr"},"content":{"rendered":"","protected":false},"excerpt":{"rendered":"<p>Charbon v\u00e9g\u00e9tal, c\u00e8dre et patchouli :<\/p>\n<p>5 huiles pour un usage<br \/>\ncorps\/cheveux et rasage, mousse<br \/>\nonctueuse, argile blanche et<br \/>\ncharbon purifiants, parfum bois\u00e9<\/p>\n<p>Ingr\u00e9dients :<br \/>\n&#8211; Huile d\u2019olive* &#8211; Beurre de coco*<br \/>\n&#8211; Beurre de karit\u00e9* &#8211; Eau<br \/>\n&#8211; Glyc\u00e9rine &#8211; Huile de colza*<br \/>\n&#8211; Huile de ricin* &#8211; Huile essentielle de C\u00e8dre*<br \/>\n&#8211; argile blanche &#8211; Huile essentielle de Patchouli*<br \/>\n&#8211; charbon v\u00e9g\u00e9tal<br \/>\nLa glyc\u00e9rine est produite naturellement pendant le proc\u00e9d\u00e9 de fabrication. C\u2019est un excellent agent hydratant.<br \/>\nSurgras : 6%<\/p>\n","protected":false},"featured_media":7144,"comment_status":"closed","ping_status":"closed","template":"","meta":[],"product_cat":[207],"product_tag":[],"supplier_id":null,"supplier_sku":"","atum_controlled":true,"out_stock_date":null,"out_stock_threshold":null,"inheritable":false,"inbound_stock":0,"stock_on_hold":0,"sold_today":0,"sales_last_days":1,"out_stock_days":0,"lost_sales":0,"has_location":false,"update_date":"2026-05-01T22:29:50","atum_locations":[],"atum_stock_status":"instock","restock_status":false,"low_stock_amount":"","sales_update_date":"2026-05-01T22:29:50","calc_backorders":0,"_links":{"self":[{"href":"https:\/\/www.epicerie-lasource.org\/magasin\/wp-json\/wp\/v2\/product\/7143"}],"collection":[{"href":"https:\/\/www.epicerie-lasource.org\/magasin\/wp-json\/wp\/v2\/product"}],"about":[{"href":"https:\/\/www.epicerie-lasource.org\/magasin\/wp-json\/wp\/v2\/types\/product"}],"replies":[{"embeddable":true,"href":"https:\/\/www.epicerie-lasource.org\/magasin\/wp-json\/wp\/v2\/comments?post=7143"}],"wp:featuredmedia":[{"embeddable":true,"href":"https:\/\/www.epicerie-lasource.org\/magasin\/wp-json\/wp\/v2\/media\/7144"}],"wp:attachment":[{"href":"https:\/\/www.epicerie-lasource.org\/magasin\/wp-json\/wp\/v2\/media?parent=7143"}],"wp:term":[{"taxonomy":"product_cat","embeddable":true,"href":"https:\/\/www.epicerie-lasource.org\/magasin\/wp-json\/wp\/v2\/product_cat?post=7143"},{"taxonomy":"product_tag","embeddable":true,"href":"https:\/\/www.epicerie-lasource.org\/magasin\/wp-json\/wp\/v2\/product_tag?post=7143"}],"curies":[{"name":"wp","href":"https:\/\/api.w.org\/{rel}","templated":true}]}}