{"id":7097,"date":"2025-05-03T21:39:48","date_gmt":"2025-05-03T19:39:48","guid":{"rendered":"https:\/\/www.epicerie-lasource.org\/magasin\/?post_type=product&#038;p=7097"},"modified":"2025-05-03T21:39:48","modified_gmt":"2025-05-03T19:39:48","slug":"cotelettes-de-porc-au-kilo-copie","status":"publish","type":"product","link":"https:\/\/www.epicerie-lasource.org\/magasin\/produit\/cotelettes-de-porc-au-kilo-copie\/","title":{"rendered":"C\u00f4tes de Porc Marin\u00e9es au Kilo"},"content":{"rendered":"","protected":false},"excerpt":{"rendered":"<p>Paquet de c\u00f4telettes de Porc marin\u00e9es<\/p>\n<p>1 Kilo environ ou 500 gr<\/p>\n<hr \/>\n<p><span style=\"color: #ff0000;\">[IMPORTANT]<\/span><br \/>\n<span style=\"color: #ff0000;\">!!! Une modification sur le prix peut \u00eatre effectu\u00e9e le jour de la distribution afin d\u2019ajuster le prix au poids exact. !!!<\/span><\/p>\n","protected":false},"featured_media":7098,"comment_status":"open","ping_status":"closed","template":"","meta":[],"product_cat":[15,686],"product_tag":[],"supplier_id":null,"supplier_sku":"","atum_controlled":true,"out_stock_date":null,"out_stock_threshold":null,"inheritable":true,"inbound_stock":0,"stock_on_hold":0,"sold_today":0,"sales_last_days":1,"out_stock_days":0,"lost_sales":0,"has_location":false,"update_date":"2026-05-09T22:32:19","atum_locations":[],"atum_stock_status":"instock","restock_status":false,"low_stock_amount":"","sales_update_date":"2026-05-09T22:32:19","calc_backorders":null,"_links":{"self":[{"href":"https:\/\/www.epicerie-lasource.org\/magasin\/wp-json\/wp\/v2\/product\/7097"}],"collection":[{"href":"https:\/\/www.epicerie-lasource.org\/magasin\/wp-json\/wp\/v2\/product"}],"about":[{"href":"https:\/\/www.epicerie-lasource.org\/magasin\/wp-json\/wp\/v2\/types\/product"}],"replies":[{"embeddable":true,"href":"https:\/\/www.epicerie-lasource.org\/magasin\/wp-json\/wp\/v2\/comments?post=7097"}],"wp:featuredmedia":[{"embeddable":true,"href":"https:\/\/www.epicerie-lasource.org\/magasin\/wp-json\/wp\/v2\/media\/7098"}],"wp:attachment":[{"href":"https:\/\/www.epicerie-lasource.org\/magasin\/wp-json\/wp\/v2\/media?parent=7097"}],"wp:term":[{"taxonomy":"product_cat","embeddable":true,"href":"https:\/\/www.epicerie-lasource.org\/magasin\/wp-json\/wp\/v2\/product_cat?post=7097"},{"taxonomy":"product_tag","embeddable":true,"href":"https:\/\/www.epicerie-lasource.org\/magasin\/wp-json\/wp\/v2\/product_tag?post=7097"}],"curies":[{"name":"wp","href":"https:\/\/api.w.org\/{rel}","templated":true}]}}