{"id":62983,"date":"2026-04-16T12:27:29","date_gmt":"2026-04-16T10:27:29","guid":{"rendered":"https:\/\/www.epicerie-lasource.org\/magasin\/?post_type=product&#038;p=62983"},"modified":"2026-04-24T08:09:09","modified_gmt":"2026-04-24T06:09:09","slug":"shampoing-anti-pelliculaire-etat-pelliculaire-bio-500-ml","status":"publish","type":"product","link":"https:\/\/www.epicerie-lasource.org\/magasin\/produit\/shampoing-anti-pelliculaire-etat-pelliculaire-bio-500-ml\/","title":{"rendered":"shampoing anti-pelliculaire Coslys &#8211; bio &#8211; 500 ml"},"content":{"rendered":"","protected":false},"excerpt":{"rendered":"<div class=\"title collapsible-title\" data-role=\"title\" data-test=\"product.info.description\" aria-expanded=\"true\">\n<h2 id=\"product.info.description\" class=\"h2\"><span dir=\"auto\">DESCRIPTION<\/span><\/h2>\n<\/div>\n<div class=\"collapsible-content content\" data-section-name=\"product.info.description\" data-role=\"content\">\n<div class=\"product attribute description\">\n<div class=\"value\">\n<p><span dir=\"auto\">COSLYS<\/span><br \/>\n<span dir=\"auto\">Shampoing antipelliculaire<\/span><br \/>\n<span dir=\"auto\">Cheveux \u00e0 pellicules<\/span><br \/>\n<span dir=\"auto\">Cosm\u00e9tique biologique<\/span><br \/>\n<span dir=\"auto\">500ml<\/span><\/p>\n<p><span dir=\"auto\">L&rsquo;\u00e9tat pelliculaire se traduit par une perte excessive, r\u00e9guli\u00e8re et visible du cuir chevelu<\/span><br \/>\n<span dir=\"auto\">Il est d\u00fb \u00e0 une modification importante de la flore cutan\u00e9e entra\u00eenant ainsi une irritation et une inflammation<\/span><br \/>\n<span dir=\"auto\">La formule du shampoing antipelliculaire agit d\u00e8s la 1 \u00e8re utilisation<\/span><br \/>\n<span dir=\"auto\">Ses actifs nettoyants, apaisants et r\u00e9g\u00e9n\u00e9rants agissent en synergie pour \u00e9liminer les pellicules, diminuer les d\u00e9mangeaisons et r\u00e9guler la production de s\u00e9bum<\/span><br \/>\n<span dir=\"auto\">Les cheveux sont souples, l\u00e9gers et purifi\u00e9s<\/span><br \/>\n<span dir=\"auto\">Quant \u00e0 l&rsquo;extrait de lierre*, il apporte au cuir chevelu sa fonction d\u00e9graissante et nettoyante tout en ayant une fonction cicatrisante et anti inflammatoire<\/span><\/p>\n<\/div>\n<\/div>\n<div data-test=\"desc-ean\">\n<div class=\"title collapsible-title\" data-role=\"title\" data-test=\"product.info.tips\" aria-expanded=\"true\">\n<h2 id=\"product.info.tips\" class=\"h2\"><span dir=\"auto\">CONSEILS D&rsquo;UTILISATION<\/span><\/h2>\n<\/div>\n<div class=\"collapsible-content content\" data-section-name=\"product.info.tips\" data-role=\"content\">\n<div class=\"product attribute tips\">\n<div class=\"value\">\n<p><span dir=\"auto\">Appliquer sur cheveux mouill\u00e9s, faire mousser puis rincer avec une eau ti\u00e8de afin d&rsquo;\u00e9viter la production de s\u00e9bum.<\/span><br \/>\n<span dir=\"auto\">En compl\u00e9ment, utiliser le Masque r\u00e9parateur profond Coslys<\/span><br \/>\n<span dir=\"auto\">En cas de contact avec les yeux,<\/span><br \/>\n<span dir=\"auto\">Rincer abondamment \u00e0 l&rsquo;eau claire<\/span><\/p>\n<div class=\"title collapsible-title\" data-role=\"title\" data-test=\"product.info.composition\" aria-expanded=\"true\">\n<h2 id=\"product.info.composition\" class=\"h2\"><span dir=\"auto\">COMPOSITIONS ET INGR\u00c9DIENTS<\/span><\/h2>\n<\/div>\n<div class=\"collapsible-content content expanded\" data-section-name=\"product.info.composition\" data-role=\"content\">\n<div class=\"product attribute composition\">\n<div class=\"value\">\n<p class=\"italic\"><span dir=\"auto\">La liste des ingr\u00e9dients peut \u00eatre soumise \u00e0 des variations, nous vous conseillons de toujours v\u00e9rifier la liste figurant sur le produit achet\u00e9.<\/span><\/p>\n<p><span dir=\"auto\">Formule INCI :<\/span><\/p>\n<p><span dir=\"auto\">Aqua (eau), eau florale de spiraea ulmaria, citrate de tri\u00e9thyle, polyglyc\u00e9ryl-4-caprate, propanediol, gomme xanthane, poudre de balle d&rsquo;oryza sativa (riz), polyglyc\u00e9ryl-3-caprylate, poudre de jus de feuille d&rsquo;aloe barbadensis, ferment de candida bombicola \/ glucose \/ m\u00e9thyl coleseedate, bentonite, caproyl\/lauroyl lactylate de sodium, huile de citrus aurantium dulcis (orange), huile de fruit de citrus limon (citron), parfum (fragrance), alcool benzylique, cocoyl glutamate de sodium, acide lactique, acide d\u00e9hydroac\u00e9tique, sorbate de potassium, benzoate de sodium, acide citrique, rhamnose, tocoph\u00e9rol, glucose, acide glucuronique, limon\u00e8ne, citral, citronellol, linalol, g\u00e9raniol.<\/span><\/p>\n<hr \/>\n<p><em><span dir=\"auto\">*Ingr\u00e9dients issus de l&rsquo;Agriculture Biologique \/ Ingr\u00e9dients issus de l&rsquo;Agriculture Biologique<\/span><\/em><\/p>\n<p><em><span dir=\"auto\">98,8% du total des ingr\u00e9dients sont d&rsquo;origine naturelle<\/span><\/em><\/p>\n<p><em><span dir=\"auto\">20% du total des ingr\u00e9dients sont issus de l&rsquo;Agriculture Biologique<\/span><\/em><\/p>\n<p>&nbsp;<\/p>\n<\/div>\n<\/div>\n<\/div>\n<\/div>\n<\/div>\n<\/div>\n<\/div>\n<\/div>\n","protected":false},"featured_media":63108,"comment_status":"closed","ping_status":"closed","template":"","meta":[],"product_cat":[207,652],"product_tag":[],"supplier_id":null,"supplier_sku":"","atum_controlled":true,"out_stock_date":null,"out_stock_threshold":null,"inheritable":false,"inbound_stock":null,"stock_on_hold":0,"sold_today":0,"sales_last_days":0,"out_stock_days":0,"lost_sales":0,"has_location":false,"update_date":"2026-05-09T22:32:21","atum_locations":[],"atum_stock_status":"instock","restock_status":false,"low_stock_amount":1,"sales_update_date":"2026-05-09T22:32:21","calc_backorders":null,"_links":{"self":[{"href":"https:\/\/www.epicerie-lasource.org\/magasin\/wp-json\/wp\/v2\/product\/62983"}],"collection":[{"href":"https:\/\/www.epicerie-lasource.org\/magasin\/wp-json\/wp\/v2\/product"}],"about":[{"href":"https:\/\/www.epicerie-lasource.org\/magasin\/wp-json\/wp\/v2\/types\/product"}],"replies":[{"embeddable":true,"href":"https:\/\/www.epicerie-lasource.org\/magasin\/wp-json\/wp\/v2\/comments?post=62983"}],"wp:featuredmedia":[{"embeddable":true,"href":"https:\/\/www.epicerie-lasource.org\/magasin\/wp-json\/wp\/v2\/media\/63108"}],"wp:attachment":[{"href":"https:\/\/www.epicerie-lasource.org\/magasin\/wp-json\/wp\/v2\/media?parent=62983"}],"wp:term":[{"taxonomy":"product_cat","embeddable":true,"href":"https:\/\/www.epicerie-lasource.org\/magasin\/wp-json\/wp\/v2\/product_cat?post=62983"},{"taxonomy":"product_tag","embeddable":true,"href":"https:\/\/www.epicerie-lasource.org\/magasin\/wp-json\/wp\/v2\/product_tag?post=62983"}],"curies":[{"name":"wp","href":"https:\/\/api.w.org\/{rel}","templated":true}]}}