{"id":62981,"date":"2026-04-16T12:16:45","date_gmt":"2026-04-16T10:16:45","guid":{"rendered":"https:\/\/www.epicerie-lasource.org\/magasin\/?post_type=product&#038;p=62981"},"modified":"2026-04-24T08:05:32","modified_gmt":"2026-04-24T06:05:32","slug":"bain-de-bouche-menthe-coslys-flacon-250-ml","status":"publish","type":"product","link":"https:\/\/www.epicerie-lasource.org\/magasin\/produit\/bain-de-bouche-menthe-coslys-flacon-250-ml\/","title":{"rendered":"bain de bouche menthe &#8211; Coslys &#8211; flacon 250 ml"},"content":{"rendered":"","protected":false},"excerpt":{"rendered":"<h2><strong>En compl\u00e9ment du brossage. Pour une haleine fra\u00eeche.<\/strong><\/h2>\n<p>Protection compl\u00e8te des dents et des gencives, agit l\u00e0 o\u00f9 la brosse ne passe pas. Combinaison d\u2019extraits de plantes bio et d\u2019un ar\u00f4me naturel de menthe pour une haleine fra\u00eeche. PH compris entre 5 et 7.<\/p>\n<p>Conseils d&rsquo;utilisation :<br \/>\n&#8211; S\u2019utilise matin et soir apr\u00e8s le brossage.<br \/>\n&#8211; Remplir le doseur jusqu\u2019\u00e0 la ligne 20 ml.<br \/>\n&#8211; Se rincer la bouche pendant 30 secondes puis recracher.<\/p>\n<p>Pr\u00e9cautions d\u2019emploi :<br \/>\n&#8211; Tenir hors de port\u00e9e des enfants.<\/p>\n<p>Fabriqu\u00e9 en France.<\/p>\n<p>Flacon de 250 ml.<\/p>\n<p>Ingr\u00e9dients :<br \/>\naqua (water), alcohol** denat, xylitol, glycerin, mentha piperita (mint) water*, hydrogenated starch hydrolysate, aroma (flavor), camellia sinensis leaf extract*, citric acid, potassium sorbate, sodium benzoate, limonene.<br \/>\n*Ingr\u00e9dients issus de l&rsquo;Agriculture Biologique.<br \/>\n**Transform\u00e9s \u00e0 partir d\u2019ingr\u00e9dients biologiques.<\/p>\n<p>99,9% du total des ingr\u00e9dients sont d&rsquo;origine naturelle.<br \/>\n22,5% du total des ingr\u00e9dients sont issus de l&rsquo;Agriculture Biologique.<\/p>\n","protected":false},"featured_media":63105,"comment_status":"closed","ping_status":"closed","template":"","meta":[],"product_cat":[207,652],"product_tag":[],"supplier_id":null,"supplier_sku":"","atum_controlled":true,"out_stock_date":null,"out_stock_threshold":null,"inheritable":false,"inbound_stock":null,"stock_on_hold":0,"sold_today":0,"sales_last_days":2,"out_stock_days":0,"lost_sales":0,"has_location":false,"update_date":"2026-05-08T22:30:29","atum_locations":[],"atum_stock_status":"instock","restock_status":false,"low_stock_amount":"","sales_update_date":"2026-05-08T22:30:29","calc_backorders":null,"_links":{"self":[{"href":"https:\/\/www.epicerie-lasource.org\/magasin\/wp-json\/wp\/v2\/product\/62981"}],"collection":[{"href":"https:\/\/www.epicerie-lasource.org\/magasin\/wp-json\/wp\/v2\/product"}],"about":[{"href":"https:\/\/www.epicerie-lasource.org\/magasin\/wp-json\/wp\/v2\/types\/product"}],"replies":[{"embeddable":true,"href":"https:\/\/www.epicerie-lasource.org\/magasin\/wp-json\/wp\/v2\/comments?post=62981"}],"wp:featuredmedia":[{"embeddable":true,"href":"https:\/\/www.epicerie-lasource.org\/magasin\/wp-json\/wp\/v2\/media\/63105"}],"wp:attachment":[{"href":"https:\/\/www.epicerie-lasource.org\/magasin\/wp-json\/wp\/v2\/media?parent=62981"}],"wp:term":[{"taxonomy":"product_cat","embeddable":true,"href":"https:\/\/www.epicerie-lasource.org\/magasin\/wp-json\/wp\/v2\/product_cat?post=62981"},{"taxonomy":"product_tag","embeddable":true,"href":"https:\/\/www.epicerie-lasource.org\/magasin\/wp-json\/wp\/v2\/product_tag?post=62981"}],"curies":[{"name":"wp","href":"https:\/\/api.w.org\/{rel}","templated":true}]}}