{"id":62979,"date":"2026-04-16T11:53:11","date_gmt":"2026-04-16T09:53:11","guid":{"rendered":"https:\/\/www.epicerie-lasource.org\/magasin\/?post_type=product&#038;p=62979"},"modified":"2026-04-24T08:16:23","modified_gmt":"2026-04-24T06:16:23","slug":"tablettes-wc-2-en-1-etamine-des-lys","status":"publish","type":"product","link":"https:\/\/www.epicerie-lasource.org\/magasin\/produit\/tablettes-wc-2-en-1-etamine-des-lys\/","title":{"rendered":"tablettes wc 2 en 1 Etamine des Lys"},"content":{"rendered":"","protected":false},"excerpt":{"rendered":"<ul>\n<li>Nettoie et d\u00e9tartre<\/li>\n<li>Agit sans frotter<\/li>\n<li>Sans parfum<\/li>\n<li>Bo\u00eete en carton 100% recycl\u00e9<\/li>\n<li>Bo\u00eete de 12 tablettes<\/li>\n<\/ul>\n<div id=\"more_fonction\" class=\"custom-more-info fonction\">\n<div class=\"info-header\">\n<h2 class=\"info-title\"><i class=\"icon-fonction\"><\/i>FONCTION<\/h2>\n<\/div>\n<div class=\"content\">\n<p>Les Tablettes 2 en 1 WC Etamine du lys\u00a0<strong>nettoient, d\u00e9tartrent et redonnent de l&rsquo;\u00e9cla<\/strong>t \u00e0 vos cuvettes de WC.<\/p>\n<p>Les tablettes WC permettent un\u00a0<strong>nettoyage simple et efficace<\/strong>\u00a0de vos cuvettes et des canalisations. Ainsi, m\u00eame les endroits inaccessibles pour la brosse profitent de l&rsquo;action des tablettes.\u00a0<strong>Les tablettes agissent sous l&rsquo;eau sans frotter<\/strong>.<\/p>\n<p>La nouvelle formule de nos Tablettes vous assure un\u00a0<strong>pouvoir d\u00e9tartrant sup\u00e9rieur de 7%<\/strong>\u00a0par rapport \u00e0 notre ancienne formule.<\/p>\n<p>Ce produit d&rsquo;entretien naturel est\u00a0<strong>sans javel ni acide sulfurique<\/strong>. Cela permet une utilisation\u00a0<strong>compatible avec les fosses septiques<\/strong>.<\/p>\n<p>Au quotidien, Etamine du lys recommande\u00a0<a href=\"https:\/\/www.etaminedulys.fr\/boutique\/nettoyant-maison\/15-bloc-gel-wc-3538394511101.html\">le bloc WC<\/a>\u00a0rechargeable afin de pr\u00e9venir le d\u00e9p\u00f4t de tartre.<\/p>\n<\/div>\n<\/div>\n<div id=\"more_utilisation\" class=\"custom-more-info utilisation\">\n<div class=\"info-header\">\n<h2 class=\"info-title\"><i class=\"icon-utilisation\"><\/i>UTILISATION<\/h2>\n<\/div>\n<div class=\"content\">\n<ol>\n<li>Ouvrir le sachet et laisser tomber la tablette d\u00e9licatement dans la cuvette.<\/li>\n<li>Laisser agir au moins 1 heure ou toute la nuit.<\/li>\n<li>Tirer la chasse.<\/li>\n<\/ol>\n<p>Si d\u00e9p\u00f4ts importants ou anciens : 2 tablettes pendant la nuit.<\/p>\n<p>Pour un entretien r\u00e9gulier de la cuvette et des conduits : 1 tablette 1fois par semaine. 3 tablettes maximum par semaine.<\/p>\n<p>Doit \u00eatre utilis\u00e9 seul, sans autre produit chimique (eau de javel, soude\u2026).<\/p>\n<p>Conserver les tablettes \u00e0 l\u2019abri de la chaleur, du froid et de l\u2019humidit\u00e9 dans leur emballage.<\/p>\n<p>Pour r\u00e9duire l&rsquo;impact environnemental, respectez les doses recommand\u00e9es d&rsquo;utilisation.<\/p>\n<p>&nbsp;<\/p>\n<\/div>\n<\/div>\n<div id=\"more_ingredients\" class=\"custom-more-info ingredients\">\n<div class=\"info-header\">\n<h2 class=\"info-title\"><i class=\"icon-ingredients\"><\/i>INGREDIENTS<\/h2>\n<\/div>\n<div class=\"content\">\n<p>&lt;5% : agents de blanchiment oxyg\u00e9n\u00e9s,\u00a0agents de surface anioniques, savon.<\/p>\n<p>Contient aussi : correcteur d&rsquo;acidit\u00e9, stabilisants, sels de carbonate, sels de sulfates, cellulose.<\/p>\n<p><em>99,9% du total des ingr\u00e9dients sont d\u2019origine naturelle.<\/em><\/p>\n<p><strong>Dangereux<\/strong>. Respectez les pr\u00e9cautions d&#8217;emploi.<\/p>\n<p><strong>ATTENTION.<\/strong>\u00a0Provoque une s\u00e9v\u00e8re irritation des yeux.<\/p>\n<p>Contient SODIUM CARBONATE PEROXIDE, D-GLUCOPYRANOSE, OLIGOM\u00c8RIQUE, C10-16-ALKYL GLYCOSIDES, ALCOHOLS C12-14, ETHOXYLATED, SODIUM SILICATE<\/p>\n<p><img loading=\"lazy\" decoding=\"async\" src=\"https:\/\/www.etaminedulys.fr\/boutique\/img\/cms\/Pictos\/Picto%20acide.png\" alt=\"\" width=\"74\" height=\"74\" \/><\/p>\n<\/div>\n<\/div>\n<div id=\"more_certifications\" class=\"custom-more-info certifications\">\n<div class=\"info-header\">\n<h2 class=\"info-title\"><i class=\"icon-certifications\"><\/i>CERTIFICATIONS<\/h2>\n<\/div>\n<div class=\"content\">\n<p>D\u00e9tergent certifi\u00e9 par ECOCERT Greenlife selon le r\u00e9f\u00e9rentiel ECOCERT \u00abEcod\u00e9tergent\u00bb disponible sur\u00a0<a href=\"https:\/\/www.ecocert.com\/fr-FR\/certification\/produits-de-nettoyage-ecologiques-ecodetergents\" target=\"_blank\" rel=\"noopener\">http:\/\/detergents.ecocert.com<\/a><\/p>\n<\/div>\n<\/div>\n","protected":false},"featured_media":63111,"comment_status":"closed","ping_status":"closed","template":"","meta":[],"product_cat":[324,652],"product_tag":[],"supplier_id":null,"supplier_sku":"","atum_controlled":true,"out_stock_date":null,"out_stock_threshold":null,"inheritable":false,"inbound_stock":null,"stock_on_hold":0,"sold_today":0,"sales_last_days":1,"out_stock_days":0,"lost_sales":0,"has_location":false,"update_date":"2026-04-30T22:28:58","atum_locations":[],"atum_stock_status":"instock","restock_status":false,"low_stock_amount":"","sales_update_date":"2026-04-30T22:28:58","calc_backorders":null,"_links":{"self":[{"href":"https:\/\/www.epicerie-lasource.org\/magasin\/wp-json\/wp\/v2\/product\/62979"}],"collection":[{"href":"https:\/\/www.epicerie-lasource.org\/magasin\/wp-json\/wp\/v2\/product"}],"about":[{"href":"https:\/\/www.epicerie-lasource.org\/magasin\/wp-json\/wp\/v2\/types\/product"}],"replies":[{"embeddable":true,"href":"https:\/\/www.epicerie-lasource.org\/magasin\/wp-json\/wp\/v2\/comments?post=62979"}],"wp:featuredmedia":[{"embeddable":true,"href":"https:\/\/www.epicerie-lasource.org\/magasin\/wp-json\/wp\/v2\/media\/63111"}],"wp:attachment":[{"href":"https:\/\/www.epicerie-lasource.org\/magasin\/wp-json\/wp\/v2\/media?parent=62979"}],"wp:term":[{"taxonomy":"product_cat","embeddable":true,"href":"https:\/\/www.epicerie-lasource.org\/magasin\/wp-json\/wp\/v2\/product_cat?post=62979"},{"taxonomy":"product_tag","embeddable":true,"href":"https:\/\/www.epicerie-lasource.org\/magasin\/wp-json\/wp\/v2\/product_tag?post=62979"}],"curies":[{"name":"wp","href":"https:\/\/api.w.org\/{rel}","templated":true}]}}