{"id":62967,"date":"2026-04-16T10:45:07","date_gmt":"2026-04-16T08:45:07","guid":{"rendered":"https:\/\/www.epicerie-lasource.org\/magasin\/?post_type=product&#038;p=62967"},"modified":"2026-04-26T20:15:27","modified_gmt":"2026-04-26T18:15:27","slug":"lessive-linge-delicat-etamine-des-lys-5-litres","status":"publish","type":"product","link":"https:\/\/www.epicerie-lasource.org\/magasin\/produit\/lessive-linge-delicat-etamine-des-lys-5-litres\/","title":{"rendered":"lessive linge d\u00e9licat Etamine des Lys &#8211; 1 litre"},"content":{"rendered":"","protected":false},"excerpt":{"rendered":"<ul>\n<li>Pour le lainage et linge d\u00e9licat<\/li>\n<li>Action anti-feutrage<\/li>\n<li>Parfum\u00a0au lavandin bio<\/li>\n<li>Vegan et non test\u00e9 sur les animaux<\/li>\n<\/ul>\n<div id=\"more_fonction\" class=\"custom-more-info fonction\">\n<div class=\"info-header\">\u00a0FONCTION<\/div>\n<div class=\"content\">\n<p>La\u00a0<strong>lessive\u00a0Linge d\u00e9licat Etamine du lys,\u00a0<\/strong>au\u00a0<strong>parfum 100% d&rsquo;origine naturelle\u00a0<\/strong>de lavandin<strong>,<\/strong>\u00a0est sp\u00e9cialement adapt\u00e9e au lavage de tous les textiles fragiles : soies, laines, lingerie.<\/p>\n<p>Cette lessive liquide\u00a0d&rsquo;origine naturelle, convient particuli\u00e8rement pour le lavage du linge noir et fonc\u00e9.<\/p>\n<p>Elle est utilisable pour le lavage en machine ou \u00e0 la main. Elle d\u00e9feutre la laine et prot\u00e8ge les fibres.<\/p>\n<p>Disponible en format 1L, 3L et 5L, les flacons 1L et 5L contiennent 50% de plastique recycl\u00e9.<\/p>\n<p>1L = 40 lavages.<\/p>\n<p>La base lavante est d&rsquo;origine v\u00e9g\u00e9tale.<\/p>\n<p>Etamine du lys propose aussi une\u00a0<a href=\"http:\/\/www.etaminedulys.fr\/boutique\/entretien-du-linge\/40-lessive-liquide-3538394911109.html\" target=\"_blank\" rel=\"noopener\">lessive liquide au lavandin<\/a>, une\u00a0<a href=\"http:\/\/www.etaminedulys.fr\/boutique\/entretien-du-linge\/41-lessive-liquide-hypoallergenique-3538394530331.html\" target=\"_blank\" rel=\"noopener\">lessive hypoallerg\u00e9nique<\/a>\u00a0et une\u00a0<a href=\"http:\/\/www.etaminedulys.fr\/boutique\/entretien-du-linge\/39-lessive-poudre-speciale-blanc-3538394911505.html\" target=\"_blank\" rel=\"noopener\">lessive en poudre<\/a>.<\/p>\n<\/div>\n<\/div>\n<div id=\"more_utilisation\" class=\"custom-more-info utilisation\">\n<div class=\"info-header\">\u00a0UTILISATION<\/div>\n<div class=\"content\">\n<p><img loading=\"lazy\" decoding=\"async\" src=\"https:\/\/www.etaminedulys.fr\/boutique\/img\/cms\/tableau-lingedelicat.jpg\" alt=\"\" width=\"350\" height=\"151\" \/>1 bouchon = 30ml<\/p>\n<p>Les conseils de lavage sont donn\u00e9s pour une machine de 2.5kg de linge.<\/p>\n<p>Convient pour un lavage \u00e0 30\u00b0<\/p>\n<p>Ne n\u00e9cessite pas de pr\u00e9lavage.<\/p>\n<ul>\n<li>A la main : diluer 12.5ml de lessive dans 5 litres d&rsquo;eau puis ajouter votre linge.<\/li>\n<li>En machine : 10 \u00e0 37,5ml selon la duret\u00e9 de l&rsquo;eau et la salet\u00e9 du linge.<\/li>\n<\/ul>\n<p>Pour les 1\/2 charges, diviser les doses par deux. Suivre les indications de lavages inscrites sur l&rsquo;\u00e9tiquette des textiles.<\/p>\n<p>Pour respecter l&rsquo;environnement, faire tourner le lave-linge \u00e0 pleine charge, privil\u00e9gier les cycles de lavage \u00e0 basse temp\u00e9rature et suivre les instructions de dosage.<\/p>\n<\/div>\n<\/div>\n<div id=\"more_ingredients\" class=\"custom-more-info ingredients\">\n<div class=\"info-header\">\n<h2 class=\"info-title\">INGREDIENTS<\/h2>\n<\/div>\n<div class=\"content\">\n<ul>\n<li>5-15% : agents de surface non ioniques (c\u00e9r\u00e9ali\u00e8re, coco, palmiste), agents de surface anioniques (palmiste).<\/li>\n<li>&lt;5% : savon, sodium benzoate, potassium sorbate, parfum 100% d\u2019origine naturelle (entre autres : huile essentielle de lavandin**) (linalool).<\/li>\n<li>Contient aussi : eau, sel, s\u00e9questrants, correcteur d&rsquo;acidit\u00e9.<\/li>\n<\/ul>\n<p>97,5% du total des ingr\u00e9dients sont d&rsquo;origine naturelle.<br \/>\n**0,01% du total des ingr\u00e9dients sont issus de l&rsquo;Agriculture Biologique<\/p>\n<\/div>\n<\/div>\n<p>&nbsp;<\/p>\n","protected":false},"featured_media":62975,"comment_status":"closed","ping_status":"closed","template":"","meta":[],"product_cat":[324,652],"product_tag":[],"supplier_id":null,"supplier_sku":"","atum_controlled":true,"out_stock_date":null,"out_stock_threshold":null,"inheritable":true,"inbound_stock":null,"stock_on_hold":0,"sold_today":0,"sales_last_days":1,"out_stock_days":0,"lost_sales":0,"has_location":false,"update_date":"2026-04-30T13:57:22","atum_locations":[],"atum_stock_status":"instock","restock_status":false,"low_stock_amount":2,"sales_update_date":"2026-04-29T22:27:06","calc_backorders":null,"_links":{"self":[{"href":"https:\/\/www.epicerie-lasource.org\/magasin\/wp-json\/wp\/v2\/product\/62967"}],"collection":[{"href":"https:\/\/www.epicerie-lasource.org\/magasin\/wp-json\/wp\/v2\/product"}],"about":[{"href":"https:\/\/www.epicerie-lasource.org\/magasin\/wp-json\/wp\/v2\/types\/product"}],"replies":[{"embeddable":true,"href":"https:\/\/www.epicerie-lasource.org\/magasin\/wp-json\/wp\/v2\/comments?post=62967"}],"wp:featuredmedia":[{"embeddable":true,"href":"https:\/\/www.epicerie-lasource.org\/magasin\/wp-json\/wp\/v2\/media\/62975"}],"wp:attachment":[{"href":"https:\/\/www.epicerie-lasource.org\/magasin\/wp-json\/wp\/v2\/media?parent=62967"}],"wp:term":[{"taxonomy":"product_cat","embeddable":true,"href":"https:\/\/www.epicerie-lasource.org\/magasin\/wp-json\/wp\/v2\/product_cat?post=62967"},{"taxonomy":"product_tag","embeddable":true,"href":"https:\/\/www.epicerie-lasource.org\/magasin\/wp-json\/wp\/v2\/product_tag?post=62967"}],"curies":[{"name":"wp","href":"https:\/\/api.w.org\/{rel}","templated":true}]}}