{"id":62964,"date":"2026-04-16T10:15:23","date_gmt":"2026-04-16T08:15:23","guid":{"rendered":"https:\/\/www.epicerie-lasource.org\/magasin\/?post_type=product&#038;p=62964"},"modified":"2026-04-23T13:48:35","modified_gmt":"2026-04-23T11:48:35","slug":"sel-regenerant-etamine-du-lys-25-kg","status":"publish","type":"product","link":"https:\/\/www.epicerie-lasource.org\/magasin\/produit\/sel-regenerant-etamine-du-lys-25-kg\/","title":{"rendered":"Sel r\u00e9g\u00e9n\u00e9rant Etamine du Lys 2,5 kg"},"content":{"rendered":"","protected":false},"excerpt":{"rendered":"<ul>\n<li>Evite la formation de tartre sur la vaisselle<\/li>\n<li>Sans parfum<\/li>\n<li>Sans allerg\u00e8ne<\/li>\n<li>Vegan et non test\u00e9 sur les animaux<\/li>\n<li>Disponible en 2,5kg<\/li>\n<\/ul>\n<div id=\"more_fonction\" class=\"custom-more-info fonction\">\n<div class=\"info-header\">\u00a0FONCTION<\/div>\n<div class=\"content\">\n<p>Le<strong>\u00a0Sel R\u00e9g\u00e9n\u00e9rant Etamine du lys<\/strong>\u00a0\u00e9limine le calcaire de l&rsquo;eau de lavage et \u00e9vite la formation de tartre sur la vaisselle.<\/p>\n<p>Pr\u00e9sent\u00e9 sous forme de pastille, ce produit d&rsquo;entretien naturel permet une dissolution plus lente et donc plus \u00e9conomique.<\/p>\n<div>Sans ferronitrile de sodium (antiagglom\u00e9rant de la famille des nitrites couramment utilis\u00e9 en conventionnel), sans parfum et sans allerg\u00e8ne, ce produit est 100% d&rsquo;origine naturelle.<\/div>\n<p>Ce produit d&rsquo;entretien naturel fait partie de la\u00a0<a href=\"https:\/\/www.etaminedulys.fr\/boutique\/83-lavage-en-machine\" target=\"_blank\" rel=\"noopener\">gamme de produits pour lave-vaisselle Etamine du lys<\/a>, comme les\u00a0<a href=\"http:\/\/www.etaminedulys.fr\/boutique\/nettoyant-vaisselle\/31-tablettes-lave-vaisselle-classique-3538395207102.html\" target=\"_blank\" rel=\"noopener\">Tablettes lave-vaisselle<\/a>.<\/p>\n<\/div>\n<\/div>\n<div id=\"more_utilisation\" class=\"custom-more-info utilisation\">\n<div class=\"info-header\">\u00a0UTILISATION<\/div>\n<div class=\"content\">\n<p>S&rsquo;assurer\u00a0que le r\u00e9servoir soit toujours plein au \u00be. La pr\u00e9sentation sous forme de pastilles permet une dissolution plus lente et donc plus \u00e9conomique.<\/p>\n<p>Pour respecter l&rsquo;environnement, faire tourner le lave-vaisselle \u00e0 pleine charge, privil\u00e9gier les cycles de lavage \u00e0 basse temp\u00e9rature et suivre les instructions de dosage.<\/p>\n<\/div>\n<\/div>\n<div id=\"more_ingredients\" class=\"custom-more-info ingredients\">\n<div class=\"info-header\">\u00a0INGREDIENTS<\/div>\n<div class=\"content\">\n<ul>\n<li>100% Chlorure de sodium<\/li>\n<\/ul>\n<p>100% des ingr\u00e9dients sont d&rsquo;origine naturelle<\/p>\n<\/div>\n<\/div>\n","protected":false},"featured_media":62965,"comment_status":"closed","ping_status":"closed","template":"","meta":[],"product_cat":[324,652],"product_tag":[],"supplier_id":null,"supplier_sku":"","atum_controlled":true,"out_stock_date":null,"out_stock_threshold":null,"inheritable":false,"inbound_stock":null,"stock_on_hold":0,"sold_today":0,"sales_last_days":0,"out_stock_days":0,"lost_sales":0,"has_location":false,"update_date":"2026-04-29T22:28:15","atum_locations":[],"atum_stock_status":"instock","restock_status":false,"low_stock_amount":"","sales_update_date":"2026-04-29T22:28:15","calc_backorders":null,"_links":{"self":[{"href":"https:\/\/www.epicerie-lasource.org\/magasin\/wp-json\/wp\/v2\/product\/62964"}],"collection":[{"href":"https:\/\/www.epicerie-lasource.org\/magasin\/wp-json\/wp\/v2\/product"}],"about":[{"href":"https:\/\/www.epicerie-lasource.org\/magasin\/wp-json\/wp\/v2\/types\/product"}],"replies":[{"embeddable":true,"href":"https:\/\/www.epicerie-lasource.org\/magasin\/wp-json\/wp\/v2\/comments?post=62964"}],"wp:featuredmedia":[{"embeddable":true,"href":"https:\/\/www.epicerie-lasource.org\/magasin\/wp-json\/wp\/v2\/media\/62965"}],"wp:attachment":[{"href":"https:\/\/www.epicerie-lasource.org\/magasin\/wp-json\/wp\/v2\/media?parent=62964"}],"wp:term":[{"taxonomy":"product_cat","embeddable":true,"href":"https:\/\/www.epicerie-lasource.org\/magasin\/wp-json\/wp\/v2\/product_cat?post=62964"},{"taxonomy":"product_tag","embeddable":true,"href":"https:\/\/www.epicerie-lasource.org\/magasin\/wp-json\/wp\/v2\/product_tag?post=62964"}],"curies":[{"name":"wp","href":"https:\/\/api.w.org\/{rel}","templated":true}]}}