{"id":62928,"date":"2026-04-15T12:05:02","date_gmt":"2026-04-15T10:05:02","guid":{"rendered":"https:\/\/www.epicerie-lasource.org\/magasin\/?post_type=product&#038;p=62928"},"modified":"2026-04-20T17:01:55","modified_gmt":"2026-04-20T15:01:55","slug":"couvercles-en-coton-bio-jardin-dhiver-kit-de-3-grand-65-g","status":"publish","type":"product","link":"https:\/\/www.epicerie-lasource.org\/magasin\/produit\/couvercles-en-coton-bio-jardin-dhiver-kit-de-3-grand-65-g\/","title":{"rendered":"couvercles en coton bio \u00ab\u00a0Jardin d&rsquo;hiver\u00a0\u00bb kit de 3 grand &#8211; 65 g"},"content":{"rendered":"","protected":false},"excerpt":{"rendered":"<p>Une touche de couleur dans votre cuisine avec nos charlottes alimentaires !<br \/>\nFini le film plastique et le papier aluminium : optez pour une solution durable, lavable et r\u00e9utilisable. Nos charlottes, aux jolis motifs et en coton bio r\u00e9sistant, prot\u00e8gent vos aliments tout en les laissant respirer.<br \/>\nGr\u00e2ce \u00e0 leur contour \u00e9lastique, elles s&rsquo;adaptent facilement \u00e0 tous types de contenants &#8211; ronds, carr\u00e9s, petits ou grands !<br \/>\nPratiques et esth\u00e9tiques, elles passent en machine pour un nettoyage facile et vous accompagnent au quotidien dans une d\u00e9marche plus responsable. avec style !<br \/>\n0<br \/>\n0<br \/>\n<b>Certification : <\/b>GOTS 100 % des fibres sont issues de l&rsquo;agriculture biologique. Textile biologique.Certificat d\u00e9livr\u00e9 par Ecocert Greenlife selon le r\u00e9f\u00e9rentiel GOTS. Licence n\u00b0 122176-\u00c9codis<br \/>\n<b>Composition : <\/b>Couvercle : 100% Coton issu de l&rsquo;Agriculture Biologique, Ruban \u00e9lastique : \u00e9lasthanne.<br \/>\n<b>Pr\u00e9caution d&#8217;emploi et conditions de conservation : <\/b>Laver avant le premier utilisation. Rincer \u00e0 l&rsquo;eau apr\u00e8s utilisation. Pour un nettoyage complet, lavage en machine \u00e0 40\u00b0C. Pas de s\u00e8che-linge ni repassage.<br \/>\n<b>Age d&rsquo;utilisation du jouet : <\/b>Non applicable<br \/>\n<b>Origine du produit : <\/b>Inde<br \/>\n<b>Marque : <\/b>AH TABLE<\/p>\n","protected":false},"featured_media":62929,"comment_status":"closed","ping_status":"closed","template":"","meta":[],"product_cat":[256,652],"product_tag":[],"supplier_id":null,"supplier_sku":"","atum_controlled":true,"out_stock_date":null,"out_stock_threshold":null,"inheritable":false,"inbound_stock":null,"stock_on_hold":0,"sold_today":1,"sales_last_days":1,"out_stock_days":0,"lost_sales":0,"has_location":false,"update_date":"2026-04-24T14:10:45","atum_locations":[],"atum_stock_status":"instock","restock_status":false,"low_stock_amount":"","sales_update_date":"2026-04-24T14:10:45","calc_backorders":null,"_links":{"self":[{"href":"https:\/\/www.epicerie-lasource.org\/magasin\/wp-json\/wp\/v2\/product\/62928"}],"collection":[{"href":"https:\/\/www.epicerie-lasource.org\/magasin\/wp-json\/wp\/v2\/product"}],"about":[{"href":"https:\/\/www.epicerie-lasource.org\/magasin\/wp-json\/wp\/v2\/types\/product"}],"replies":[{"embeddable":true,"href":"https:\/\/www.epicerie-lasource.org\/magasin\/wp-json\/wp\/v2\/comments?post=62928"}],"wp:featuredmedia":[{"embeddable":true,"href":"https:\/\/www.epicerie-lasource.org\/magasin\/wp-json\/wp\/v2\/media\/62929"}],"wp:attachment":[{"href":"https:\/\/www.epicerie-lasource.org\/magasin\/wp-json\/wp\/v2\/media?parent=62928"}],"wp:term":[{"taxonomy":"product_cat","embeddable":true,"href":"https:\/\/www.epicerie-lasource.org\/magasin\/wp-json\/wp\/v2\/product_cat?post=62928"},{"taxonomy":"product_tag","embeddable":true,"href":"https:\/\/www.epicerie-lasource.org\/magasin\/wp-json\/wp\/v2\/product_tag?post=62928"}],"curies":[{"name":"wp","href":"https:\/\/api.w.org\/{rel}","templated":true}]}}