{"id":62925,"date":"2026-04-15T11:56:50","date_gmt":"2026-04-15T09:56:50","guid":{"rendered":"https:\/\/www.epicerie-lasource.org\/magasin\/?post_type=product&#038;p=62925"},"modified":"2026-04-20T17:04:22","modified_gmt":"2026-04-20T15:04:22","slug":"lessive-en-poudre-ultra-concentree-800-g-sac-800-g","status":"publish","type":"product","link":"https:\/\/www.epicerie-lasource.org\/magasin\/produit\/lessive-en-poudre-ultra-concentree-800-g-sac-800-g\/","title":{"rendered":"Lessive en poudre ultra-concentr\u00e9e 800 g sac &#8211; 800 g"},"content":{"rendered":"","protected":false},"excerpt":{"rendered":"<p>Lessive en poudre made in France, efficace d\u00e8s 30\u00b0C, douce pour vos tissus et la plan\u00e8te, 80 lavages sans parfum ni allerg\u00e8ne.<br \/>\nCette lessive en poudre ultra-d\u00e9tachante est efficace d\u00e8s 30\u00b0C sur tous les textiles blancs et couleurs, pour 80 lavages en machine ou \u00e0 la main.<br \/>\nFabriqu\u00e9e en France \u00e0 partir d&rsquo;huile v\u00e9g\u00e9tale bio, elle est sans allerg\u00e8ne, sans parfum, sans huile de palme, sans glyc\u00e9rines &#8230;<br \/>\nLa fabrication se fait en circuit court : culture de graines Fran\u00e7aise issue de l&rsquo;Agriculture Biologique, pressage de l&rsquo;huile et saponification locale, pour un excellent bilan carbone.<br \/>\n&#8211; Ultra-d\u00e9tachante<br \/>\n&#8211;\u00a080 lavages<br \/>\n&#8211;\u00a0Non allergisante<br \/>\n&#8211;\u00a0Huile BIO &amp; Fran\u00e7aise<br \/>\n<b>Certification : <\/b>ECODET D\u00e9tergent certifi\u00e9 par ECOCERT Greenlife selon le r\u00e9f\u00e9rentiel ECOCERT \u00ab Ecod\u00e9tergent \u00bb disponible sur http:\/\/detergents.ecocert.com<br \/>\n<b>Composition : <\/b>Plus de 30% : savon obtenu uniquement d&rsquo;huile v\u00e9g\u00e9tale biologique fran\u00e7aise. De 15 \u00e0 30% : eau. * Ingr\u00e9dients d&rsquo;origine naturelle.<br \/>\n<b>Pr\u00e9caution d&#8217;emploi et conditions de conservation : <\/b>Tenir hors de port\u00e9e des enfants. Conserver \u00e0 temp\u00e9rature ambiante, \u00e0 l&rsquo;abri de l&rsquo;humidt\u00e9 et de la lumi\u00e8re dans son emballage d&rsquo;origine.<br \/>\n<b>Age d&rsquo;utilisation du jouet : <\/b>Non applicable<br \/>\n<b>Origine du produit : <\/b>France<br \/>\n<b>Marque : <\/b>DROGUERIE ECOLOGIQUE<\/p>\n","protected":false},"featured_media":62926,"comment_status":"closed","ping_status":"closed","template":"","meta":[],"product_cat":[324,652],"product_tag":[],"supplier_id":null,"supplier_sku":"","atum_controlled":true,"out_stock_date":null,"out_stock_threshold":null,"inheritable":false,"inbound_stock":null,"stock_on_hold":0,"sold_today":0,"sales_last_days":0,"out_stock_days":0,"lost_sales":0,"has_location":false,"update_date":"2026-04-30T22:26:49","atum_locations":[],"atum_stock_status":"instock","restock_status":false,"low_stock_amount":"","sales_update_date":"2026-04-30T22:26:49","calc_backorders":null,"_links":{"self":[{"href":"https:\/\/www.epicerie-lasource.org\/magasin\/wp-json\/wp\/v2\/product\/62925"}],"collection":[{"href":"https:\/\/www.epicerie-lasource.org\/magasin\/wp-json\/wp\/v2\/product"}],"about":[{"href":"https:\/\/www.epicerie-lasource.org\/magasin\/wp-json\/wp\/v2\/types\/product"}],"replies":[{"embeddable":true,"href":"https:\/\/www.epicerie-lasource.org\/magasin\/wp-json\/wp\/v2\/comments?post=62925"}],"wp:featuredmedia":[{"embeddable":true,"href":"https:\/\/www.epicerie-lasource.org\/magasin\/wp-json\/wp\/v2\/media\/62926"}],"wp:attachment":[{"href":"https:\/\/www.epicerie-lasource.org\/magasin\/wp-json\/wp\/v2\/media?parent=62925"}],"wp:term":[{"taxonomy":"product_cat","embeddable":true,"href":"https:\/\/www.epicerie-lasource.org\/magasin\/wp-json\/wp\/v2\/product_cat?post=62925"},{"taxonomy":"product_tag","embeddable":true,"href":"https:\/\/www.epicerie-lasource.org\/magasin\/wp-json\/wp\/v2\/product_tag?post=62925"}],"curies":[{"name":"wp","href":"https:\/\/api.w.org\/{rel}","templated":true}]}}