{"id":62920,"date":"2026-04-15T11:29:38","date_gmt":"2026-04-15T09:29:38","guid":{"rendered":"https:\/\/www.epicerie-lasource.org\/magasin\/?post_type=product&#038;p=62920"},"modified":"2026-05-07T10:09:33","modified_gmt":"2026-05-07T08:09:33","slug":"papier-cuisson-anti-adherent-222-g","status":"publish","type":"product","link":"https:\/\/www.epicerie-lasource.org\/magasin\/produit\/papier-cuisson-anti-adherent-222-g\/","title":{"rendered":"Papier cuisson anti adh\u00e9rent &#8211; 222 g"},"content":{"rendered":"","protected":false},"excerpt":{"rendered":"<p>Un papier cuisson large et pratique pour cuisiner, cuire et conserver vos pr\u00e9parations avec soin, tout en respectant la plan\u00e8te.<br \/>\nCe papier cuisson anti-adh\u00e9rent convient \u00e0 tous les types de pr\u00e9parations culinaires. Brun, non blanchi, il conserve sa teinte naturelle.<br \/>\nDe grande largeur, (37 cm), il s&rsquo;adapte \u00e0 toutes les plaques de cuisson.<br \/>\nPour faciliter l&rsquo;utilisation, l&#8217;emballage carton est muni d&rsquo;un syst\u00e8me de d\u00e9coupe.<br \/>\nUtilisable au four (jusqu&rsquo;\u00e0 200\u00b0c pendant 2 heures), au micro-ondes ou pour la r\u00e9frig\u00e9ration et la cong\u00e9lation (\u00e0 -18\u00b0c).<br \/>\nIl r\u00e9duit vos d\u00e9chets en se compostant au jardin ou en point de collecte.<br \/>\nLe papier cuisson et son emballage sont issus de for\u00eats g\u00e9r\u00e9es de mani\u00e8re responsable labellis\u00e9s FSC\u00ae.<br \/>\n. Anti-adh\u00e9rent et performant<br \/>\n. Papier non blanchi et compostable<br \/>\n. Grande largeur<br \/>\n. Papier et son emballage certifi\u00e9s FSC\u00ae<br \/>\n. Emballage carton avec d\u00e9coupe int\u00e9gr\u00e9e<br \/>\n0<br \/>\n0<br \/>\n<b>Certification : <\/b>FSCM Produit certifi\u00e9 FSC Mixte<br \/>\n<b>Composition : <\/b>Papier brun silicon\u00e9e<br \/>\n<b>Pr\u00e9caution d&#8217;emploi et conditions de conservation : <\/b>Utilisable au four jusqu&rsquo;\u00e0 200\u00b0C pendant 2 heures, au micro-ondes ou pour la r\u00e9frig\u00e9ration et la cong\u00e9lation jusqu&rsquo;\u00e0 -18\u00b0C.<br \/>\nTenir hors de port\u00e9e des enfants. Eviter tout contact avec une flamme, les r\u00e9sistances ou les parois du four. Attention \u00e0 la scie coupante.<br \/>\nConserver \u00e0 l&rsquo;abri de la lumi\u00e8re et de l&rsquo;humidit\u00e9.<br \/>\n<b>Age d&rsquo;utilisation du jouet : <\/b>Non applicable<br \/>\n<b>Origine du produit : <\/b>France<br \/>\n<b>Marque : <\/b>AH TABLE<\/p>\n","protected":false},"featured_media":62921,"comment_status":"closed","ping_status":"closed","template":"","meta":[],"product_cat":[256,652],"product_tag":[],"supplier_id":null,"supplier_sku":"","atum_controlled":true,"out_stock_date":null,"out_stock_threshold":null,"inheritable":false,"inbound_stock":null,"stock_on_hold":0,"sold_today":0,"sales_last_days":0,"out_stock_days":0,"lost_sales":0,"has_location":false,"update_date":"2026-05-08T22:30:27","atum_locations":[],"atum_stock_status":"instock","restock_status":false,"low_stock_amount":"","sales_update_date":"2026-05-08T22:30:27","calc_backorders":null,"_links":{"self":[{"href":"https:\/\/www.epicerie-lasource.org\/magasin\/wp-json\/wp\/v2\/product\/62920"}],"collection":[{"href":"https:\/\/www.epicerie-lasource.org\/magasin\/wp-json\/wp\/v2\/product"}],"about":[{"href":"https:\/\/www.epicerie-lasource.org\/magasin\/wp-json\/wp\/v2\/types\/product"}],"replies":[{"embeddable":true,"href":"https:\/\/www.epicerie-lasource.org\/magasin\/wp-json\/wp\/v2\/comments?post=62920"}],"wp:featuredmedia":[{"embeddable":true,"href":"https:\/\/www.epicerie-lasource.org\/magasin\/wp-json\/wp\/v2\/media\/62921"}],"wp:attachment":[{"href":"https:\/\/www.epicerie-lasource.org\/magasin\/wp-json\/wp\/v2\/media?parent=62920"}],"wp:term":[{"taxonomy":"product_cat","embeddable":true,"href":"https:\/\/www.epicerie-lasource.org\/magasin\/wp-json\/wp\/v2\/product_cat?post=62920"},{"taxonomy":"product_tag","embeddable":true,"href":"https:\/\/www.epicerie-lasource.org\/magasin\/wp-json\/wp\/v2\/product_tag?post=62920"}],"curies":[{"name":"wp","href":"https:\/\/api.w.org\/{rel}","templated":true}]}}