{"id":62688,"date":"2026-03-30T19:45:36","date_gmt":"2026-03-30T17:45:36","guid":{"rendered":"https:\/\/www.epicerie-lasource.org\/magasin\/?post_type=product&#038;p=62688"},"modified":"2026-04-02T10:28:38","modified_gmt":"2026-04-02T08:28:38","slug":"veloute-legumes-varies-bio-75-cl","status":"publish","type":"product","link":"https:\/\/www.epicerie-lasource.org\/magasin\/produit\/veloute-legumes-varies-bio-75-cl\/","title":{"rendered":"Velout\u00e9 l\u00e9gumes vari\u00e9s &#8211; bio &#8211; 75 cl"},"content":{"rendered":"","protected":false},"excerpt":{"rendered":"<h2 class=\"\">INGR\u00c9DIENTS<\/h2>\n<div class=\"\">\n<p>Eau, l\u00e9gumes* 37% (pomme de terre*, carotte*, choux fleurs*, C\u00c9LERI*, oignon*, navet*), amidon de ma\u00efs*, huile de colza*, sel, CR\u00c8ME*0,4%, persil*, ar\u00f4mes naturels. *Ingr\u00e9dients issus de l\u2019agriculture biologique.<\/p>\n<p><span class=\"allergenes_produit\">Les ingr\u00e9dients renseign\u00e9s en majuscule attestent des allerg\u00e8nes pr\u00e9sents dans le ou les produits.<\/span><\/p>\n<\/div>\n<div>\n<h2 class=\"\">VALEURS NUTRITIONNELLES<\/h2>\n<div class=\"\">\n<p>Energie 125kj \/ 30kcal,<\/p>\n<p>Mati\u00e8res grasses 0.8g dont acides gras satur\u00e9s 0.1g,<\/p>\n<p>Glucides 4.6g dont sucres 1,0g,<\/p>\n<p>Prot\u00e9ines 0.6g,<\/p>\n<p>Sel 0.61g.<\/p>\n<p>Avant ouverture, \u00e0 conserver \u00e0 temp\u00e9rature ambiante. Apr\u00e8s puverture, \u00e0 conserver au r\u00e9frig\u00e9rateur.<\/p>\n<p>Agitez avant d\u2019ouvrir.<br \/>\nA la casserole : \u00e0 feu doux jusqu\u2019\u00e0 l\u00e9g\u00e8re \u00e9bullition.<br \/>\nAu four \u00e0 micro-onde : versez dans un r\u00e9cipient adapt\u00e9 et r\u00e9chauffer quelques instants.<\/p>\n<p>Traces possibles de crustac\u00e9s, fruits \u00e0 coque, gluten, mollusques, moutarde, \u0153uf, poisson et soja.<\/p>\n<\/div>\n<\/div>\n","protected":false},"featured_media":62689,"comment_status":"closed","ping_status":"closed","template":"","meta":[],"product_cat":[146,652,63,706],"product_tag":[],"supplier_id":null,"supplier_sku":"","atum_controlled":true,"out_stock_date":null,"out_stock_threshold":null,"inheritable":false,"inbound_stock":null,"stock_on_hold":0,"sold_today":0,"sales_last_days":2,"out_stock_days":0,"lost_sales":0,"has_location":false,"update_date":"2026-04-05T22:05:30","atum_locations":[],"atum_stock_status":"instock","restock_status":false,"low_stock_amount":1,"sales_update_date":"2026-04-05T22:05:30","calc_backorders":null,"_links":{"self":[{"href":"https:\/\/www.epicerie-lasource.org\/magasin\/wp-json\/wp\/v2\/product\/62688"}],"collection":[{"href":"https:\/\/www.epicerie-lasource.org\/magasin\/wp-json\/wp\/v2\/product"}],"about":[{"href":"https:\/\/www.epicerie-lasource.org\/magasin\/wp-json\/wp\/v2\/types\/product"}],"replies":[{"embeddable":true,"href":"https:\/\/www.epicerie-lasource.org\/magasin\/wp-json\/wp\/v2\/comments?post=62688"}],"wp:featuredmedia":[{"embeddable":true,"href":"https:\/\/www.epicerie-lasource.org\/magasin\/wp-json\/wp\/v2\/media\/62689"}],"wp:attachment":[{"href":"https:\/\/www.epicerie-lasource.org\/magasin\/wp-json\/wp\/v2\/media?parent=62688"}],"wp:term":[{"taxonomy":"product_cat","embeddable":true,"href":"https:\/\/www.epicerie-lasource.org\/magasin\/wp-json\/wp\/v2\/product_cat?post=62688"},{"taxonomy":"product_tag","embeddable":true,"href":"https:\/\/www.epicerie-lasource.org\/magasin\/wp-json\/wp\/v2\/product_tag?post=62688"}],"curies":[{"name":"wp","href":"https:\/\/api.w.org\/{rel}","templated":true}]}}