{"id":62686,"date":"2026-03-30T19:40:28","date_gmt":"2026-03-30T17:40:28","guid":{"rendered":"https:\/\/www.epicerie-lasource.org\/magasin\/?post_type=product&#038;p=62686"},"modified":"2026-04-01T21:47:57","modified_gmt":"2026-04-01T19:47:57","slug":"veloute-poireaux-pommes-de-terre-bio-75-cl","status":"publish","type":"product","link":"https:\/\/www.epicerie-lasource.org\/magasin\/produit\/veloute-poireaux-pommes-de-terre-bio-75-cl\/","title":{"rendered":"velout\u00e9 poireaux pommes de terre &#8211; bio &#8211; 75 cl"},"content":{"rendered":"","protected":false},"excerpt":{"rendered":"<h2 class=\"\">INGR\u00c9DIENTS<\/h2>\n<div class=\"\">\n<p>Eau, poireaux* 25%, pommes de terre* 24%, oigons*, CREME* 3%, \u00e9pinards* 1%, huile de colza*, sel.<\/p>\n<p>*Ingr\u00e9dients issus de l&rsquo;agriculture biologique UE \/ non UE<\/p>\n<p><span class=\"allergenes_produit\">Les ingr\u00e9dients renseign\u00e9s en majuscule attestent des allerg\u00e8nes pr\u00e9sents dans le ou les produits.<\/span><\/p>\n<\/div>\n<div>\n<h2 class=\"\">VALEURS NUTRITIONNELLES<\/h2>\n<div class=\"\">\n<p>Energie 166 kJ \/ 40 kcal,<\/p>\n<p>Mati\u00e8res grasses 1.9g dont acides gras satur\u00e9s 0.7g,<\/p>\n<p>Glucides 4.6g dont sucres 0.6g,<\/p>\n<p>Prot\u00e9ines 0.7g,<\/p>\n<p>Sel 0.59g.<\/p>\n<h2 class=\"\">INFORMATIONS PRODUITS<\/h2>\n<div class=\"\">\n<p>A conserver \u00e0 l&rsquo;abri de la chaleur, de la lumi\u00e8re et de l&rsquo;humidit\u00e9.<\/p>\n<\/div>\n<\/div>\n<\/div>\n","protected":false},"featured_media":62687,"comment_status":"closed","ping_status":"closed","template":"","meta":[],"product_cat":[146,652,63,706],"product_tag":[],"supplier_id":null,"supplier_sku":"","atum_controlled":true,"out_stock_date":null,"out_stock_threshold":null,"inheritable":false,"inbound_stock":null,"stock_on_hold":0,"sold_today":0,"sales_last_days":1,"out_stock_days":0,"lost_sales":0,"has_location":false,"update_date":"2026-04-04T22:05:42","atum_locations":[],"atum_stock_status":"instock","restock_status":false,"low_stock_amount":1,"sales_update_date":"2026-04-04T22:05:42","calc_backorders":null,"_links":{"self":[{"href":"https:\/\/www.epicerie-lasource.org\/magasin\/wp-json\/wp\/v2\/product\/62686"}],"collection":[{"href":"https:\/\/www.epicerie-lasource.org\/magasin\/wp-json\/wp\/v2\/product"}],"about":[{"href":"https:\/\/www.epicerie-lasource.org\/magasin\/wp-json\/wp\/v2\/types\/product"}],"replies":[{"embeddable":true,"href":"https:\/\/www.epicerie-lasource.org\/magasin\/wp-json\/wp\/v2\/comments?post=62686"}],"wp:featuredmedia":[{"embeddable":true,"href":"https:\/\/www.epicerie-lasource.org\/magasin\/wp-json\/wp\/v2\/media\/62687"}],"wp:attachment":[{"href":"https:\/\/www.epicerie-lasource.org\/magasin\/wp-json\/wp\/v2\/media?parent=62686"}],"wp:term":[{"taxonomy":"product_cat","embeddable":true,"href":"https:\/\/www.epicerie-lasource.org\/magasin\/wp-json\/wp\/v2\/product_cat?post=62686"},{"taxonomy":"product_tag","embeddable":true,"href":"https:\/\/www.epicerie-lasource.org\/magasin\/wp-json\/wp\/v2\/product_tag?post=62686"}],"curies":[{"name":"wp","href":"https:\/\/api.w.org\/{rel}","templated":true}]}}