{"id":62684,"date":"2026-03-30T19:35:02","date_gmt":"2026-03-30T17:35:02","guid":{"rendered":"https:\/\/www.epicerie-lasource.org\/magasin\/?post_type=product&#038;p=62684"},"modified":"2026-04-27T17:18:21","modified_gmt":"2026-04-27T15:18:21","slug":"pur-jus-mandarine-et-orange-sanguine-1-l","status":"publish","type":"product","link":"https:\/\/www.epicerie-lasource.org\/magasin\/produit\/pur-jus-mandarine-et-orange-sanguine-1-l\/","title":{"rendered":"pur jus mandarine et orange sanguine &#8211; 1 l"},"content":{"rendered":"","protected":false},"excerpt":{"rendered":"<p>Jus de mandarine (68,5%), jus d\u2019orange sanguine (30%), jus d\u2019aronia.<\/p>\n<p><span class=\"allergenes_produit\">Les ingr\u00e9dients renseign\u00e9s en majuscule attestent des allerg\u00e8nes pr\u00e9sents dans le ou les produits.<\/span><\/p>\n<h2 class=\"\">VALEURS NUTRITIONNELLES<\/h2>\n<div class=\"\">\n<p>Energie 188 kcal \/ 44\u00a0kJ<\/p>\n<p>Mati\u00e8res grasses &lt;0.5g dont acides gras satur\u00e9s 0g<\/p>\n<p>Glucides 10g dont sucres 9.6g<\/p>\n<p>Prot\u00e9ines 0.7g<\/p>\n<p>Sel &lt;0.01g<\/p>\n<h2 class=\"\">INFORMATIONS PRODUITS<\/h2>\n<div class=\"\">\n<p>Agiter avant d\u2019ouvrir et servir frais.<br \/>\n\u00c0 conserver \u00e0 l\u2019abri de la chaleur, de la lumi\u00e8re et de l\u2019humidit\u00e9. Apr\u00e8s ouverture, \u00e0 conserver au r\u00e9frig\u00e9rateur et \u00e0 consommer dans les 3 jours.<\/p>\n<p>Riche en Vitamine C.<\/p>\n<\/div>\n<\/div>\n","protected":false},"featured_media":63112,"comment_status":"closed","ping_status":"closed","template":"","meta":[],"product_cat":[652,475],"product_tag":[],"supplier_id":null,"supplier_sku":"","atum_controlled":true,"out_stock_date":"2026-04-27 15:18:21","out_stock_threshold":null,"inheritable":false,"inbound_stock":null,"stock_on_hold":0,"sold_today":0,"sales_last_days":3,"out_stock_days":16,"lost_sales":13.942857142857,"has_location":false,"update_date":"2026-05-13T22:46:11","atum_locations":[],"atum_stock_status":"outofstock","restock_status":false,"low_stock_amount":1,"sales_update_date":"2026-05-13T22:46:11","calc_backorders":null,"_links":{"self":[{"href":"https:\/\/www.epicerie-lasource.org\/magasin\/wp-json\/wp\/v2\/product\/62684"}],"collection":[{"href":"https:\/\/www.epicerie-lasource.org\/magasin\/wp-json\/wp\/v2\/product"}],"about":[{"href":"https:\/\/www.epicerie-lasource.org\/magasin\/wp-json\/wp\/v2\/types\/product"}],"replies":[{"embeddable":true,"href":"https:\/\/www.epicerie-lasource.org\/magasin\/wp-json\/wp\/v2\/comments?post=62684"}],"wp:featuredmedia":[{"embeddable":true,"href":"https:\/\/www.epicerie-lasource.org\/magasin\/wp-json\/wp\/v2\/media\/63112"}],"wp:attachment":[{"href":"https:\/\/www.epicerie-lasource.org\/magasin\/wp-json\/wp\/v2\/media?parent=62684"}],"wp:term":[{"taxonomy":"product_cat","embeddable":true,"href":"https:\/\/www.epicerie-lasource.org\/magasin\/wp-json\/wp\/v2\/product_cat?post=62684"},{"taxonomy":"product_tag","embeddable":true,"href":"https:\/\/www.epicerie-lasource.org\/magasin\/wp-json\/wp\/v2\/product_tag?post=62684"}],"curies":[{"name":"wp","href":"https:\/\/api.w.org\/{rel}","templated":true}]}}