{"id":62658,"date":"2026-03-30T11:25:10","date_gmt":"2026-03-30T09:25:10","guid":{"rendered":"https:\/\/www.epicerie-lasource.org\/magasin\/?post_type=product&#038;p=62658"},"modified":"2026-03-30T18:55:44","modified_gmt":"2026-03-30T16:55:44","slug":"pommes-jonagold-francois-swynghedeaux-2","status":"publish","type":"product","link":"https:\/\/www.epicerie-lasource.org\/magasin\/produit\/pommes-jonagold-francois-swynghedeaux-2\/","title":{"rendered":"pommes jonagold &#8211; Fran\u00e7ois SWYNGHEDEAUX"},"content":{"rendered":"","protected":false},"excerpt":{"rendered":"<p>La Jonagold est une pomme de gros calibre au charme \u00e9clatant, avec une peau jaune-orang\u00e9 stri\u00e9e de rouge et un feuillage vert vif. R\u00e9colt\u00e9e entre d\u00e9but et mi-octobre, elle se conserve jusqu&rsquo;\u00e0 fin d\u00e9cembre. D\u00e9licieuse \u00e0 croquer ou en desserts, elle se plante en racines nues d\u2019octobre \u00e0 avril ou en pot toute l\u2019ann\u00e9e. Sa floraison gracieuse illumine les vergers de mi-avril \u00e0 d\u00e9but mai.<\/p>\n","protected":false},"featured_media":62678,"comment_status":"closed","ping_status":"closed","template":"","meta":[],"product_cat":[145,652],"product_tag":[],"supplier_id":null,"supplier_sku":"","atum_controlled":true,"out_stock_date":null,"out_stock_threshold":null,"inheritable":false,"inbound_stock":null,"stock_on_hold":4,"sold_today":4,"sales_last_days":7,"out_stock_days":0,"lost_sales":0,"has_location":false,"update_date":"2026-04-05T15:35:05","atum_locations":[],"atum_stock_status":"instock","restock_status":false,"low_stock_amount":"","sales_update_date":"2026-04-05T15:35:05","calc_backorders":null,"_links":{"self":[{"href":"https:\/\/www.epicerie-lasource.org\/magasin\/wp-json\/wp\/v2\/product\/62658"}],"collection":[{"href":"https:\/\/www.epicerie-lasource.org\/magasin\/wp-json\/wp\/v2\/product"}],"about":[{"href":"https:\/\/www.epicerie-lasource.org\/magasin\/wp-json\/wp\/v2\/types\/product"}],"replies":[{"embeddable":true,"href":"https:\/\/www.epicerie-lasource.org\/magasin\/wp-json\/wp\/v2\/comments?post=62658"}],"wp:featuredmedia":[{"embeddable":true,"href":"https:\/\/www.epicerie-lasource.org\/magasin\/wp-json\/wp\/v2\/media\/62678"}],"wp:attachment":[{"href":"https:\/\/www.epicerie-lasource.org\/magasin\/wp-json\/wp\/v2\/media?parent=62658"}],"wp:term":[{"taxonomy":"product_cat","embeddable":true,"href":"https:\/\/www.epicerie-lasource.org\/magasin\/wp-json\/wp\/v2\/product_cat?post=62658"},{"taxonomy":"product_tag","embeddable":true,"href":"https:\/\/www.epicerie-lasource.org\/magasin\/wp-json\/wp\/v2\/product_tag?post=62658"}],"curies":[{"name":"wp","href":"https:\/\/api.w.org\/{rel}","templated":true}]}}