{"id":62508,"date":"2026-03-20T19:15:15","date_gmt":"2026-03-20T18:15:15","guid":{"rendered":"https:\/\/www.epicerie-lasource.org\/magasin\/?post_type=product&#038;p=62508"},"modified":"2026-03-30T19:04:50","modified_gmt":"2026-03-30T17:04:50","slug":"vrac-pois-chiche-bio-fermes-de-chassagne","status":"publish","type":"product","link":"https:\/\/www.epicerie-lasource.org\/magasin\/produit\/vrac-pois-chiche-bio-fermes-de-chassagne\/","title":{"rendered":"vrac &#8211; pois chiche &#8211; bio &#8211; fermes de chassagne"},"content":{"rendered":"<p>Les fermes de Chassagne c\u2019est 25 fermes 100 % BIO en Charente, et notre groupement est labellis\u00e9 Bio Equitable en France. Nous sommes sp\u00e9cialis\u00e9s dans la production d\u2019alimentation humaine avec des c\u00e9r\u00e9ales, des l\u00e9gumes secs et des huiles depuis plus de 25 ans.<\/p>\n<p>G\u00e9r\u00e9 par des paysans, notre groupement produit, trie, transforme, conditionne et commercialise lui-m\u00eame ses productions.<\/p>\n<p>Lorsque vous choisissez les produits des Fermes de Chassagne (l\u00e9gumes secs, farines et huiles), vous soutenez un groupement de producteurs charentais qui se mobilise pour une autre agriculture : bio, locale, \u00e9quitable.<\/p>\n","protected":false},"excerpt":{"rendered":"<p>Les fermes de Chassagne c\u2019est 25 fermes 100 % BIO en Charente, et notre groupement est labellis\u00e9 Bio Equitable en France. Nous sommes sp\u00e9cialis\u00e9s dans la production d\u2019alimentation humaine avec des c\u00e9r\u00e9ales, des l\u00e9gumes secs et des huiles depuis plus de 25 ans.<\/p>\n<p>G\u00e9r\u00e9 par des paysans, notre groupement produit, trie, transforme, conditionne et commercialise lui-m\u00eame ses productions.<\/p>\n<p>Lorsque vous choisissez les produits des Fermes de Chassagne (l\u00e9gumes secs, farines et huiles), vous soutenez un groupement de producteurs charentais qui se mobilise pour une autre agriculture : bio, locale, \u00e9quitable.<\/p>\n","protected":false},"featured_media":62681,"comment_status":"closed","ping_status":"closed","template":"","meta":[],"product_cat":[652,63,702],"product_tag":[],"supplier_id":null,"supplier_sku":"","atum_controlled":true,"out_stock_date":null,"out_stock_threshold":null,"inheritable":true,"inbound_stock":null,"stock_on_hold":0,"sold_today":0,"sales_last_days":0,"out_stock_days":0,"lost_sales":0,"has_location":false,"update_date":"2026-05-12T22:45:52","atum_locations":[],"atum_stock_status":"instock","restock_status":false,"low_stock_amount":"","sales_update_date":"2026-05-12T22:45:52","calc_backorders":null,"_links":{"self":[{"href":"https:\/\/www.epicerie-lasource.org\/magasin\/wp-json\/wp\/v2\/product\/62508"}],"collection":[{"href":"https:\/\/www.epicerie-lasource.org\/magasin\/wp-json\/wp\/v2\/product"}],"about":[{"href":"https:\/\/www.epicerie-lasource.org\/magasin\/wp-json\/wp\/v2\/types\/product"}],"replies":[{"embeddable":true,"href":"https:\/\/www.epicerie-lasource.org\/magasin\/wp-json\/wp\/v2\/comments?post=62508"}],"wp:featuredmedia":[{"embeddable":true,"href":"https:\/\/www.epicerie-lasource.org\/magasin\/wp-json\/wp\/v2\/media\/62681"}],"wp:attachment":[{"href":"https:\/\/www.epicerie-lasource.org\/magasin\/wp-json\/wp\/v2\/media?parent=62508"}],"wp:term":[{"taxonomy":"product_cat","embeddable":true,"href":"https:\/\/www.epicerie-lasource.org\/magasin\/wp-json\/wp\/v2\/product_cat?post=62508"},{"taxonomy":"product_tag","embeddable":true,"href":"https:\/\/www.epicerie-lasource.org\/magasin\/wp-json\/wp\/v2\/product_tag?post=62508"}],"curies":[{"name":"wp","href":"https:\/\/api.w.org\/{rel}","templated":true}]}}