{"id":62414,"date":"2026-03-17T14:03:53","date_gmt":"2026-03-17T13:03:53","guid":{"rendered":"https:\/\/www.epicerie-lasource.org\/magasin\/?post_type=product&#038;p=62414"},"modified":"2026-04-30T17:15:52","modified_gmt":"2026-04-30T15:15:52","slug":"biscottes-depeautre-bio-moulin-des-moines-400-g","status":"publish","type":"product","link":"https:\/\/www.epicerie-lasource.org\/magasin\/produit\/biscottes-depeautre-bio-moulin-des-moines-400-g\/","title":{"rendered":"Biscottes d&rsquo;\u00e9peautre bio &#8211; Moulin des Moines &#8211; 400 g"},"content":{"rendered":"","protected":false},"excerpt":{"rendered":"<div id=\"description-full\" class=\"container clearfix\">\n<div class=\"product-plusproduits\">\n<div class=\"product-plusproduits__header\">\n<h2 class=\"h2 text-center\">Description<\/h2>\n<div class=\"paragraph\">\n<p>Vous recherchez des <strong>biscottes bio<\/strong>, \u00e0 la fois <strong>croustillantes, l\u00e9g\u00e8res et savoureuses<\/strong> ? D\u00e9couvrez nos <strong>biscottes \u00e0 la farine d\u2019\u00e9peautre<\/strong>, une alternative saine aux biscottes de bl\u00e9 classiques.<\/p>\n<p>Nos biscottes b\u00e9n\u00e9ficient d\u2019une <strong>fabrication artisanale authentique<\/strong>, alliant tradition et ingr\u00e9dients de qualit\u00e9.<\/p>\n<p>L\u2019<strong>\u00e9peautre<\/strong>, c\u00e9r\u00e9ale ancienne, est r\u00e9put\u00e9 pour sa <strong>richesse en fibres et nutriments<\/strong>, ainsi que pour sa <strong>grande digestibilit\u00e9<\/strong>. Un choix id\u00e9al pour un petit-d\u00e9jeuner \u00e9quilibr\u00e9 !<\/p>\n<p>Savourez-les <strong>tartin\u00e9es de <a href=\"https:\/\/moulindesmoines.com\/confitures-bio\/268-confiture-de-fraise-au-sucre-de-canne-bio-3347434889489.html\">confiture \u00e0 la fraise<\/a>, <a href=\"https:\/\/moulindesmoines.com\/pates-a-tartiner-bio\/212-pate-a-tartiner-noisettes-chocolat-bio-3347437005336.html\">p\u00e2te \u00e0 tartiner<\/a> ou <a href=\"https:\/\/moulindesmoines.com\/pates-a-tartiner-bio\/85-beurre-de-cacahuete-cremeux-bio-3347430026734.html\">beurre de cacahu\u00e8te<\/a><\/strong>\u00a0pour un moment gourmand et nutritif.<\/p>\n<p>Adoptez les <strong>biscottes d\u2019\u00e9peautre bio<\/strong> et faites de votre petit-d\u00e9jeuner un instant de plaisir et de bien-\u00eatre !<\/p>\n<\/div>\n<\/div>\n<\/div>\n<\/div>\n","protected":false},"featured_media":62682,"comment_status":"closed","ping_status":"closed","template":"","meta":[],"product_cat":[156,652],"product_tag":[],"supplier_id":null,"supplier_sku":"","atum_controlled":true,"out_stock_date":null,"out_stock_threshold":null,"inheritable":false,"inbound_stock":null,"stock_on_hold":0,"sold_today":0,"sales_last_days":4,"out_stock_days":0,"lost_sales":0,"has_location":false,"update_date":"2026-05-05T22:29:31","atum_locations":[],"atum_stock_status":"instock","restock_status":true,"low_stock_amount":2,"sales_update_date":"2026-05-05T22:29:31","calc_backorders":0,"_links":{"self":[{"href":"https:\/\/www.epicerie-lasource.org\/magasin\/wp-json\/wp\/v2\/product\/62414"}],"collection":[{"href":"https:\/\/www.epicerie-lasource.org\/magasin\/wp-json\/wp\/v2\/product"}],"about":[{"href":"https:\/\/www.epicerie-lasource.org\/magasin\/wp-json\/wp\/v2\/types\/product"}],"replies":[{"embeddable":true,"href":"https:\/\/www.epicerie-lasource.org\/magasin\/wp-json\/wp\/v2\/comments?post=62414"}],"wp:featuredmedia":[{"embeddable":true,"href":"https:\/\/www.epicerie-lasource.org\/magasin\/wp-json\/wp\/v2\/media\/62682"}],"wp:attachment":[{"href":"https:\/\/www.epicerie-lasource.org\/magasin\/wp-json\/wp\/v2\/media?parent=62414"}],"wp:term":[{"taxonomy":"product_cat","embeddable":true,"href":"https:\/\/www.epicerie-lasource.org\/magasin\/wp-json\/wp\/v2\/product_cat?post=62414"},{"taxonomy":"product_tag","embeddable":true,"href":"https:\/\/www.epicerie-lasource.org\/magasin\/wp-json\/wp\/v2\/product_tag?post=62414"}],"curies":[{"name":"wp","href":"https:\/\/api.w.org\/{rel}","templated":true}]}}