{"id":62244,"date":"2026-03-10T13:07:55","date_gmt":"2026-03-10T12:07:55","guid":{"rendered":"https:\/\/www.epicerie-lasource.org\/magasin\/?post_type=product&#038;p=62244"},"modified":"2026-03-11T13:59:22","modified_gmt":"2026-03-11T12:59:22","slug":"sel-aromatise-retour-dislande-bio-10-gr","status":"publish","type":"product","link":"https:\/\/www.epicerie-lasource.org\/magasin\/produit\/sel-aromatise-retour-dislande-bio-10-gr\/","title":{"rendered":"Sel aromatis\u00e9 \u201dRetour d\u2019Islande\u201d &#8211; 10 gr"},"content":{"rendered":"","protected":false},"excerpt":{"rendered":"<p>Sel aromatis\u00e9 aux ar\u00f4mes frais et piquants. Parfait pour assaisonner un poisson ou un plat asiatique\u2026<\/p>\n<p>Sel de Noirmoutier Nature et Progr\u00e8s, Sauge*, Estragon*<\/p>\n<p><em>Plantes certifi\u00e9es Agriculture Biologique produites et r\u00e9colt\u00e9es en Hauts-de-France<\/em><\/p>\n","protected":false},"featured_media":62264,"comment_status":"closed","ping_status":"closed","template":"","meta":[],"product_cat":[652,63,707,704],"product_tag":[],"supplier_id":null,"supplier_sku":"","atum_controlled":true,"out_stock_date":null,"out_stock_threshold":null,"inheritable":false,"inbound_stock":null,"stock_on_hold":0,"sold_today":0,"sales_last_days":0,"out_stock_days":0,"lost_sales":0,"has_location":false,"update_date":"2026-05-01T22:28:38","atum_locations":[],"atum_stock_status":"instock","restock_status":false,"low_stock_amount":"","sales_update_date":"2026-05-01T22:28:37","calc_backorders":null,"_links":{"self":[{"href":"https:\/\/www.epicerie-lasource.org\/magasin\/wp-json\/wp\/v2\/product\/62244"}],"collection":[{"href":"https:\/\/www.epicerie-lasource.org\/magasin\/wp-json\/wp\/v2\/product"}],"about":[{"href":"https:\/\/www.epicerie-lasource.org\/magasin\/wp-json\/wp\/v2\/types\/product"}],"replies":[{"embeddable":true,"href":"https:\/\/www.epicerie-lasource.org\/magasin\/wp-json\/wp\/v2\/comments?post=62244"}],"wp:featuredmedia":[{"embeddable":true,"href":"https:\/\/www.epicerie-lasource.org\/magasin\/wp-json\/wp\/v2\/media\/62264"}],"wp:attachment":[{"href":"https:\/\/www.epicerie-lasource.org\/magasin\/wp-json\/wp\/v2\/media?parent=62244"}],"wp:term":[{"taxonomy":"product_cat","embeddable":true,"href":"https:\/\/www.epicerie-lasource.org\/magasin\/wp-json\/wp\/v2\/product_cat?post=62244"},{"taxonomy":"product_tag","embeddable":true,"href":"https:\/\/www.epicerie-lasource.org\/magasin\/wp-json\/wp\/v2\/product_tag?post=62244"}],"curies":[{"name":"wp","href":"https:\/\/api.w.org\/{rel}","templated":true}]}}