{"id":62241,"date":"2026-03-10T13:00:25","date_gmt":"2026-03-10T12:00:25","guid":{"rendered":"https:\/\/www.epicerie-lasource.org\/magasin\/?post_type=product&#038;p=62241"},"modified":"2026-03-11T14:01:09","modified_gmt":"2026-03-11T13:01:09","slug":"sel-aromatise-arrivage-dorient-bio-10-gr","status":"publish","type":"product","link":"https:\/\/www.epicerie-lasource.org\/magasin\/produit\/sel-aromatise-arrivage-dorient-bio-10-gr\/","title":{"rendered":"Sel aromatis\u00e9 \u201dArrivage d\u2019Orient\u201d &#8211; 10 gr"},"content":{"rendered":"","protected":false},"excerpt":{"rendered":"<p>Sel aromatis\u00e9 aux ar\u00f4mes frais et piquants. Parfait pour assaisonner un poisson ou un plat asiatique\u2026<\/p>\n<h2>Description<\/h2>\n<p>Sel de Noirmoutier Nature et Progr\u00e8s, Gingembre*, Verveine citronn\u00e9e<\/p>\n<p><em>Plantes certifi\u00e9es Agriculture Biologique produites et r\u00e9colt\u00e9es en Hauts-de-France<\/em><\/p>\n","protected":false},"featured_media":62266,"comment_status":"closed","ping_status":"closed","template":"","meta":[],"product_cat":[652,707,704],"product_tag":[],"supplier_id":null,"supplier_sku":"","atum_controlled":true,"out_stock_date":null,"out_stock_threshold":null,"inheritable":false,"inbound_stock":null,"stock_on_hold":0,"sold_today":0,"sales_last_days":0,"out_stock_days":0,"lost_sales":0,"has_location":false,"update_date":"2026-05-01T22:28:37","atum_locations":[],"atum_stock_status":"instock","restock_status":false,"low_stock_amount":"","sales_update_date":"2026-05-01T22:28:37","calc_backorders":null,"_links":{"self":[{"href":"https:\/\/www.epicerie-lasource.org\/magasin\/wp-json\/wp\/v2\/product\/62241"}],"collection":[{"href":"https:\/\/www.epicerie-lasource.org\/magasin\/wp-json\/wp\/v2\/product"}],"about":[{"href":"https:\/\/www.epicerie-lasource.org\/magasin\/wp-json\/wp\/v2\/types\/product"}],"replies":[{"embeddable":true,"href":"https:\/\/www.epicerie-lasource.org\/magasin\/wp-json\/wp\/v2\/comments?post=62241"}],"wp:featuredmedia":[{"embeddable":true,"href":"https:\/\/www.epicerie-lasource.org\/magasin\/wp-json\/wp\/v2\/media\/62266"}],"wp:attachment":[{"href":"https:\/\/www.epicerie-lasource.org\/magasin\/wp-json\/wp\/v2\/media?parent=62241"}],"wp:term":[{"taxonomy":"product_cat","embeddable":true,"href":"https:\/\/www.epicerie-lasource.org\/magasin\/wp-json\/wp\/v2\/product_cat?post=62241"},{"taxonomy":"product_tag","embeddable":true,"href":"https:\/\/www.epicerie-lasource.org\/magasin\/wp-json\/wp\/v2\/product_tag?post=62241"}],"curies":[{"name":"wp","href":"https:\/\/api.w.org\/{rel}","templated":true}]}}