{"id":62240,"date":"2026-03-10T12:45:54","date_gmt":"2026-03-10T11:45:54","guid":{"rendered":"https:\/\/www.epicerie-lasource.org\/magasin\/?post_type=product&#038;p=62240"},"modified":"2026-03-11T13:58:38","modified_gmt":"2026-03-11T12:58:38","slug":"tisane-promesse-deostre-bio-30-gr","status":"publish","type":"product","link":"https:\/\/www.epicerie-lasource.org\/magasin\/produit\/tisane-promesse-deostre-bio-30-gr\/","title":{"rendered":"Tisane \u201dPromesse d\u2019Eostre\u201d &#8211; 30 gr"},"content":{"rendered":"","protected":false},"excerpt":{"rendered":"<p>R\u00e9activez la s\u00e8ve en vous et gardez l\u2019\u00e9quilibre avec la tisane \u00ab\u00a0Promesse d\u2019Eostre\u00a0\u00bb aux saveurs douces et printani\u00e8res\u2026<\/p>\n<h2>Description<\/h2>\n<div>\n<p class=\"cvGsUA direction-ltr align-center para-style-body\"><span class=\"a_GcMg font-feature-liga-off font-feature-clig-off font-feature-calt-off text-decoration-none text-strikethrough-none\">La tisane \u00ab\u00a0Promesse d\u2019Eostre\u00a0\u00bb m\u00eale verveine citronn\u00e9e, tilleul, orange, lavande et camomille pour offrir une pause douce inspir\u00e9e d\u2019Ostara, le temps o\u00f9 la lumi\u00e8re revient et la nature s\u2019\u00e9veille.<\/span><\/p>\n<p class=\"cvGsUA direction-ltr align-center para-style-body\"><span class=\"a_GcMg font-feature-liga-off font-feature-clig-off font-feature-calt-off text-decoration-none text-strikethrough-none\">Promenez-vous dans un jardin fleuri au printemps avec ce breuvage apportant une sensation de calme. Ode au retour \u00e0 la simplicit\u00e9 de la nature, la tisane \u00ab\u00a0Promesse d\u2019Eostre\u00a0\u00bb n\u2019est pas seulement une boisson, c\u2019est une exp\u00e9rience qui calme l\u2019esprit et r\u00e9chauffe le c\u0153ur, apportant douceur et harmonie.<\/span><\/p>\n<\/div>\n","protected":false},"featured_media":62263,"comment_status":"closed","ping_status":"closed","template":"","meta":[],"product_cat":[180,714,652],"product_tag":[],"supplier_id":null,"supplier_sku":"","atum_controlled":true,"out_stock_date":null,"out_stock_threshold":null,"inheritable":false,"inbound_stock":null,"stock_on_hold":1,"sold_today":1,"sales_last_days":1,"out_stock_days":0,"lost_sales":0,"has_location":false,"update_date":"2026-05-11T16:55:40","atum_locations":[],"atum_stock_status":"instock","restock_status":false,"low_stock_amount":"","sales_update_date":"2026-05-11T16:55:40","calc_backorders":null,"_links":{"self":[{"href":"https:\/\/www.epicerie-lasource.org\/magasin\/wp-json\/wp\/v2\/product\/62240"}],"collection":[{"href":"https:\/\/www.epicerie-lasource.org\/magasin\/wp-json\/wp\/v2\/product"}],"about":[{"href":"https:\/\/www.epicerie-lasource.org\/magasin\/wp-json\/wp\/v2\/types\/product"}],"replies":[{"embeddable":true,"href":"https:\/\/www.epicerie-lasource.org\/magasin\/wp-json\/wp\/v2\/comments?post=62240"}],"wp:featuredmedia":[{"embeddable":true,"href":"https:\/\/www.epicerie-lasource.org\/magasin\/wp-json\/wp\/v2\/media\/62263"}],"wp:attachment":[{"href":"https:\/\/www.epicerie-lasource.org\/magasin\/wp-json\/wp\/v2\/media?parent=62240"}],"wp:term":[{"taxonomy":"product_cat","embeddable":true,"href":"https:\/\/www.epicerie-lasource.org\/magasin\/wp-json\/wp\/v2\/product_cat?post=62240"},{"taxonomy":"product_tag","embeddable":true,"href":"https:\/\/www.epicerie-lasource.org\/magasin\/wp-json\/wp\/v2\/product_tag?post=62240"}],"curies":[{"name":"wp","href":"https:\/\/api.w.org\/{rel}","templated":true}]}}