{"id":62238,"date":"2026-03-10T12:41:39","date_gmt":"2026-03-10T11:41:39","guid":{"rendered":"https:\/\/www.epicerie-lasource.org\/magasin\/?post_type=product&#038;p=62238"},"modified":"2026-03-11T13:44:28","modified_gmt":"2026-03-11T12:44:28","slug":"tisane-ombre-de-persephone-bio-25-gr","status":"publish","type":"product","link":"https:\/\/www.epicerie-lasource.org\/magasin\/produit\/tisane-ombre-de-persephone-bio-25-gr\/","title":{"rendered":"Tisane \u201dOmbre de Pers\u00e9phone\u201d &#8211; 25 gr"},"content":{"rendered":"","protected":false},"excerpt":{"rendered":"<p>Reconnectez-vous \u00e0 votre intuition et embrassez la sagesse qui r\u00e9side en vous avec cette tisane aux ar\u00f4mes rafra\u00eechissants de menthe poivr\u00e9e m\u00eal\u00e9es \u00e0 la chaleur de l\u2019origan\u2026<\/p>\n<h2>Description<\/h2>\n<p>Une tisane rafraichissante et chaleureuse \u00e0 la fois, Ombre de Pers\u00e9phone a \u00e9t\u00e9 cr\u00e9\u00e9e pour se reconnecter \u00e0 soi et \u00e0 son intuition.<\/p>\n<p>Les plantes qui la composent sont propices \u00e0 favoriser le calme et l\u2019introspection tout en appelant de hautes vibrations.<\/p>\n<ul>\n<li>La menthe poivr\u00e9e, reconnue pour ses propri\u00e9t\u00e9s rafra\u00eechissantes et stimulantes, aide \u00e0 clarifier l\u2019esprit, favorisant une pens\u00e9e lucide et intuitive.<\/li>\n<li>Le sureau, arbre sacr\u00e9 souvent utilis\u00e9 dans des rituels pour purifier et clarifier l\u2019esprit, est connue pour sa capacit\u00e9 \u00e0 dissiper les \u00e9nergies n\u00e9gatives, cr\u00e9ant ainsi un espace mental propice \u00e0 l\u2019introspection et \u00e0 la r\u00e9ceptivit\u00e9 intuitive.<\/li>\n<li>L\u2019origan est plus qu\u2019une simple herbe culinaire, il permet d\u2019avoir les id\u00e9es plus claires pour mieux \u00e9couter sa voix int\u00e9rieure.<\/li>\n<li>L\u2019hysope, herbe ancienne associ\u00e9e \u00e0 la purification, aide \u00e0 nettoyer l\u2019esprit des pens\u00e9es parasites, permettant une meilleure ouverture \u00e0 l\u2019intuition et \u00e0 la sagesse int\u00e9rieure.<\/li>\n<\/ul>\n<p class=\"cvGsUA direction-ltr align-justify para-style-body\"><em><span class=\"OYPEnA font-feature-liga-off font-feature-clig-off font-feature-calt-off text-decoration-none text-strikethrough-none\">Menthe poivr\u00e9e ou marocaine\u00a0<\/span><span class=\"OYPEnA font-feature-liga-off font-feature-clig-off font-feature-calt-off text-decoration-none text-strikethrough-none\">(Mentha piperita ou spicata)<\/span><span class=\"OYPEnA font-feature-liga-off font-feature-clig-off font-feature-calt-off text-decoration-none text-strikethrough-none\">*, Basilic pourpre ou r\u00e9glisse\u00a0<\/span><span class=\"OYPEnA font-feature-liga-off font-feature-clig-off font-feature-calt-off text-decoration-none text-strikethrough-none\">(Ocimum basilicum purpurescens)<\/span><span class=\"OYPEnA font-feature-liga-off font-feature-clig-off font-feature-calt-off text-decoration-none text-strikethrough-none\">, Origan\u00a0<\/span><span class=\"OYPEnA font-feature-liga-off font-feature-clig-off font-feature-calt-off text-decoration-none text-strikethrough-none\">(Origanum vulgare)<\/span><span class=\"OYPEnA font-feature-liga-off font-feature-clig-off font-feature-calt-off text-decoration-none text-strikethrough-none\">, Sauge\u00a0<\/span><span class=\"OYPEnA font-feature-liga-off font-feature-clig-off font-feature-calt-off text-decoration-none text-strikethrough-none\">(Salvia officinalis)*<\/span><span class=\"OYPEnA font-feature-liga-off font-feature-clig-off font-feature-calt-off text-decoration-none text-strikethrough-none\">, Mauve\u00a0<\/span><span class=\"OYPEnA font-feature-liga-off font-feature-clig-off font-feature-calt-off text-decoration-none text-strikethrough-none\">(Malva sylvestris)<\/span><span class=\"OYPEnA font-feature-liga-off font-feature-clig-off font-feature-calt-off text-decoration-none text-strikethrough-none\">*, Hysope\u00a0<\/span><span class=\"OYPEnA font-feature-liga-off font-feature-clig-off font-feature-calt-off text-decoration-none text-strikethrough-none\">(Hyssopus officinalis)*<\/span><span class=\"OYPEnA font-feature-liga-off font-feature-clig-off font-feature-calt-off text-decoration-none text-strikethrough-none\">, Calendula\u00a0<\/span><span class=\"OYPEnA font-feature-liga-off font-feature-clig-off font-feature-calt-off text-decoration-none text-strikethrough-none\">(Calendula officinalis)<\/span><span class=\"OYPEnA font-feature-liga-off font-feature-clig-off font-feature-calt-off text-decoration-none text-strikethrough-none\">*.<\/span><\/em><\/p>\n<p class=\"cvGsUA direction-ltr align-justify para-style-body\"><em><span class=\"OYPEnA font-feature-liga-off font-feature-clig-off font-feature-calt-off text-decoration-none text-strikethrough-none\">*Plantes cultiv\u00e9es en agriculture biologique<\/span><\/em><\/p>\n<p class=\"cvGsUA direction-ltr align-justify para-style-body\"><em><span class=\"OYPEnA font-feature-liga-off font-feature-clig-off font-feature-calt-off text-decoration-none text-strikethrough-none\">Origine Hauts-de-France<\/span><\/em><\/p>\n","protected":false},"featured_media":62239,"comment_status":"closed","ping_status":"closed","template":"","meta":[],"product_cat":[180,714,652],"product_tag":[],"supplier_id":null,"supplier_sku":"","atum_controlled":true,"out_stock_date":null,"out_stock_threshold":null,"inheritable":false,"inbound_stock":null,"stock_on_hold":1,"sold_today":1,"sales_last_days":1,"out_stock_days":0,"lost_sales":0,"has_location":false,"update_date":"2026-05-11T16:55:40","atum_locations":[],"atum_stock_status":"instock","restock_status":false,"low_stock_amount":"","sales_update_date":"2026-05-11T16:55:40","calc_backorders":null,"_links":{"self":[{"href":"https:\/\/www.epicerie-lasource.org\/magasin\/wp-json\/wp\/v2\/product\/62238"}],"collection":[{"href":"https:\/\/www.epicerie-lasource.org\/magasin\/wp-json\/wp\/v2\/product"}],"about":[{"href":"https:\/\/www.epicerie-lasource.org\/magasin\/wp-json\/wp\/v2\/types\/product"}],"replies":[{"embeddable":true,"href":"https:\/\/www.epicerie-lasource.org\/magasin\/wp-json\/wp\/v2\/comments?post=62238"}],"wp:featuredmedia":[{"embeddable":true,"href":"https:\/\/www.epicerie-lasource.org\/magasin\/wp-json\/wp\/v2\/media\/62239"}],"wp:attachment":[{"href":"https:\/\/www.epicerie-lasource.org\/magasin\/wp-json\/wp\/v2\/media?parent=62238"}],"wp:term":[{"taxonomy":"product_cat","embeddable":true,"href":"https:\/\/www.epicerie-lasource.org\/magasin\/wp-json\/wp\/v2\/product_cat?post=62238"},{"taxonomy":"product_tag","embeddable":true,"href":"https:\/\/www.epicerie-lasource.org\/magasin\/wp-json\/wp\/v2\/product_tag?post=62238"}],"curies":[{"name":"wp","href":"https:\/\/api.w.org\/{rel}","templated":true}]}}