{"id":62235,"date":"2026-03-10T12:30:52","date_gmt":"2026-03-10T11:30:52","guid":{"rendered":"https:\/\/www.epicerie-lasource.org\/magasin\/?post_type=product&#038;p=62235"},"modified":"2026-03-11T13:43:20","modified_gmt":"2026-03-11T12:43:20","slug":"tisane-pouvoir-solaire-bio-25-grs","status":"publish","type":"product","link":"https:\/\/www.epicerie-lasource.org\/magasin\/produit\/tisane-pouvoir-solaire-bio-25-grs\/","title":{"rendered":"Tisane \u201dPouvoir solaire\u201d &#8211; 25 grs"},"content":{"rendered":"","protected":false},"excerpt":{"rendered":"<div id=\"tab-description\" class=\"woocommerce-Tabs-panel woocommerce-Tabs-panel--description panel entry-content wc-tab\" role=\"tabpanel\" aria-labelledby=\"tab-title-description\">\n<h2>Retrouvez votre lumi\u00e8re gr\u00e2ce aux \u00e9nergies rayonnantes de Pouvoir Solaire !<\/h2>\n<h2>Description<\/h2>\n<div>\n<p>Compos\u00e9e de savoureux m\u00e9langes de parfums du Sud, cette tisane saura faire rayonner votre lumi\u00e8re int\u00e9rieure\u2026<\/p>\n<\/div>\n<div>\n<p>A d\u00e9guster aussi bien chaude que glac\u00e9e, elle int\u00e8gre principalement des plantes m\u00e9diterran\u00e9ennes telles que :<\/p>\n<\/div>\n<div>\n<ul>\n<li>Le romarin : Connue pour ses propri\u00e9t\u00e9s stimulantes et revigorantes, cette plante apporte une touche de fra\u00eecheur et d\u2019\u00e9nergie \u00e0 la tisane. Le romarin est souvent utilis\u00e9 pour am\u00e9liorer la concentration et la m\u00e9moire, ajoutant ainsi une clart\u00e9 mentale \u00e0 votre quotidien.<\/li>\n<li>La lavande : Avec son parfum apaisant et ses propri\u00e9t\u00e9s relaxantes, la lavande aide \u00e0 calmer l\u2019esprit et \u00e0 r\u00e9duire le stress. Elle est parfaite pour apporter une sensation de paix int\u00e9rieure et favoriser un sommeil r\u00e9parateur.<\/li>\n<li>Le thym citron : Ce thym aux ar\u00f4mes citronn\u00e9s ajoute une note vivifiante et zest\u00e9e \u00e0 la tisane.<\/li>\n<li>L\u2019 achill\u00e9e millefeuille : Utilis\u00e9e traditionnellement pour ses bienfaits sur la digestion, elle offre \u00e9galement un doux parfum herbac\u00e9 \u00e0 la tisane.<\/li>\n<li>Le fenouil : Appr\u00e9ci\u00e9 pour ses propri\u00e9t\u00e9s digestives, le fenouil apporte une saveur douce et anis\u00e9e. Il est id\u00e9al pour faciliter la digestion et r\u00e9duire les ballonnements, vous laissant une sensation de l\u00e9g\u00e8ret\u00e9 et de bien-\u00eatre.<\/li>\n<\/ul>\n<\/div>\n<div>\n<p>Savourez cette tisane et laissez-vous envelopper par ses bienfaits m\u00e9diterran\u00e9ens tout en ravivant votre feu digestif.<\/p>\n<div>\n<p><em>Composition : Romarin (Rosmarinus officinalis)*, Lavande (Lavandula angustifolia)*, Ortie (Urtica Dioica)*, Thym citron (Thymus citriodorus)*, Achill\u00e9e millefeuille (Achillea Millefollium), Calendula (Calendula officinalis)<\/em><\/p>\n<p><em>*Plantes cultiv\u00e9es en Agriculture Biologique en Hauts-de-France<\/em><\/p>\n<\/div>\n<\/div>\n<\/div>\n<div id=\"tab-additional_information\" class=\"woocommerce-Tabs-panel woocommerce-Tabs-panel--additional_information panel entry-content wc-tab\" role=\"tabpanel\" aria-labelledby=\"tab-title-additional_information\"><\/div>\n","protected":false},"featured_media":62236,"comment_status":"closed","ping_status":"closed","template":"","meta":[],"product_cat":[180,714,652],"product_tag":[],"supplier_id":null,"supplier_sku":"","atum_controlled":true,"out_stock_date":null,"out_stock_threshold":null,"inheritable":false,"inbound_stock":null,"stock_on_hold":0,"sold_today":0,"sales_last_days":0,"out_stock_days":0,"lost_sales":0,"has_location":false,"update_date":"2026-05-01T22:28:37","atum_locations":[],"atum_stock_status":"instock","restock_status":false,"low_stock_amount":"","sales_update_date":"2026-05-01T22:28:37","calc_backorders":null,"_links":{"self":[{"href":"https:\/\/www.epicerie-lasource.org\/magasin\/wp-json\/wp\/v2\/product\/62235"}],"collection":[{"href":"https:\/\/www.epicerie-lasource.org\/magasin\/wp-json\/wp\/v2\/product"}],"about":[{"href":"https:\/\/www.epicerie-lasource.org\/magasin\/wp-json\/wp\/v2\/types\/product"}],"replies":[{"embeddable":true,"href":"https:\/\/www.epicerie-lasource.org\/magasin\/wp-json\/wp\/v2\/comments?post=62235"}],"wp:featuredmedia":[{"embeddable":true,"href":"https:\/\/www.epicerie-lasource.org\/magasin\/wp-json\/wp\/v2\/media\/62236"}],"wp:attachment":[{"href":"https:\/\/www.epicerie-lasource.org\/magasin\/wp-json\/wp\/v2\/media?parent=62235"}],"wp:term":[{"taxonomy":"product_cat","embeddable":true,"href":"https:\/\/www.epicerie-lasource.org\/magasin\/wp-json\/wp\/v2\/product_cat?post=62235"},{"taxonomy":"product_tag","embeddable":true,"href":"https:\/\/www.epicerie-lasource.org\/magasin\/wp-json\/wp\/v2\/product_tag?post=62235"}],"curies":[{"name":"wp","href":"https:\/\/api.w.org\/{rel}","templated":true}]}}