{"id":62213,"date":"2026-03-08T11:38:52","date_gmt":"2026-03-08T10:38:52","guid":{"rendered":"https:\/\/www.epicerie-lasource.org\/magasin\/?post_type=product&#038;p=62213"},"modified":"2026-05-04T21:29:06","modified_gmt":"2026-05-04T19:29:06","slug":"biscuits-cuillere-paquet-300g-maison-des-delices","status":"publish","type":"product","link":"https:\/\/www.epicerie-lasource.org\/magasin\/produit\/biscuits-cuillere-paquet-300g-maison-des-delices\/","title":{"rendered":"Biscuits cuill\u00e8re paquet 300g Maison des D\u00e9lices"},"content":{"rendered":"","protected":false},"excerpt":{"rendered":"<p>Sucre, farine de BLE, \u0152UFS frais 34%, sirop de sucre inverti, stabilisant: glyc\u00e9rol, ar\u00f4me, sel, acidifiant: tartrates de potassium, \u00e9paississant: gomme xanthane.<\/p>\n<h2 class=\"\">VALEURS NUTRITIONNELLES<\/h2>\n<div class=\"\">\n<p>Energie :\u00a01489 kJ \/ 352kcal<\/p>\n<p>Mati\u00e8res grasses : 3,3g dont acides gras satur\u00e9s : 1,2g<\/p>\n<p>Glucides : 73g dont sucres : 48g<\/p>\n<p>Prot\u00e9ines : 7,2g<\/p>\n<p>Sel : 0.42g<\/p>\n<p>A conserver \u00e0 l&rsquo;abri de la chaleur, de la lumi\u00e8re et de l&rsquo;humidit\u00e9. Bien refermer le paquet apr\u00e8s ouverture.<\/p>\n<p>\u0152ufs frais<br \/>\n36 biscuits (6 sachets fra\u00eecheur)<\/p>\n<p>Fabriqu\u00e9 en France<br \/>\n\u0152ufs d&rsquo;origine UE<\/p>\n<\/div>\n","protected":false},"featured_media":62214,"comment_status":"closed","ping_status":"closed","template":"","meta":[],"product_cat":[652,64,693],"product_tag":[],"supplier_id":null,"supplier_sku":"","atum_controlled":true,"out_stock_date":null,"out_stock_threshold":null,"inheritable":false,"inbound_stock":null,"stock_on_hold":0,"sold_today":0,"sales_last_days":4,"out_stock_days":0,"lost_sales":0,"has_location":false,"update_date":"2026-05-07T13:03:39","atum_locations":[],"atum_stock_status":"instock","restock_status":false,"low_stock_amount":2,"sales_update_date":"2026-05-07T13:03:39","calc_backorders":null,"_links":{"self":[{"href":"https:\/\/www.epicerie-lasource.org\/magasin\/wp-json\/wp\/v2\/product\/62213"}],"collection":[{"href":"https:\/\/www.epicerie-lasource.org\/magasin\/wp-json\/wp\/v2\/product"}],"about":[{"href":"https:\/\/www.epicerie-lasource.org\/magasin\/wp-json\/wp\/v2\/types\/product"}],"replies":[{"embeddable":true,"href":"https:\/\/www.epicerie-lasource.org\/magasin\/wp-json\/wp\/v2\/comments?post=62213"}],"wp:featuredmedia":[{"embeddable":true,"href":"https:\/\/www.epicerie-lasource.org\/magasin\/wp-json\/wp\/v2\/media\/62214"}],"wp:attachment":[{"href":"https:\/\/www.epicerie-lasource.org\/magasin\/wp-json\/wp\/v2\/media?parent=62213"}],"wp:term":[{"taxonomy":"product_cat","embeddable":true,"href":"https:\/\/www.epicerie-lasource.org\/magasin\/wp-json\/wp\/v2\/product_cat?post=62213"},{"taxonomy":"product_tag","embeddable":true,"href":"https:\/\/www.epicerie-lasource.org\/magasin\/wp-json\/wp\/v2\/product_tag?post=62213"}],"curies":[{"name":"wp","href":"https:\/\/api.w.org\/{rel}","templated":true}]}}