{"id":61958,"date":"2026-02-22T16:00:36","date_gmt":"2026-02-22T15:00:36","guid":{"rendered":"https:\/\/www.epicerie-lasource.org\/magasin\/?post_type=product&#038;p=61958"},"modified":"2026-03-05T08:02:06","modified_gmt":"2026-03-05T07:02:06","slug":"pommes-dalyrian-francois-swynghedeaux","status":"publish","type":"product","link":"https:\/\/www.epicerie-lasource.org\/magasin\/produit\/pommes-dalyrian-francois-swynghedeaux\/","title":{"rendered":"pommes dalyrian &#8211; Fran\u00e7ois SWYNGHEDEAUX"},"content":{"rendered":"","protected":false},"excerpt":{"rendered":"<p><b>Descriptif fruit :\u00a0<\/b>rouge intense, tr\u00e8s fonc\u00e9 sur 100% de la surface du fruit<br \/>\n<b>Chair :\u00a0<\/b>texture fine, croquante, juteuse, de bonne qualit\u00e9 gustative dans la mesure o\u00f9 les arbres ne sont pas trop charg\u00e9s<br \/>\n<b>Conservation :\u00a0<\/b>f\u00e9vrier en froid normal, juin en AC<\/p>\n","protected":false},"featured_media":61959,"comment_status":"closed","ping_status":"closed","template":"","meta":[],"product_cat":[145,652],"product_tag":[],"supplier_id":null,"supplier_sku":"","atum_controlled":true,"out_stock_date":null,"out_stock_threshold":null,"inheritable":false,"inbound_stock":null,"stock_on_hold":4,"sold_today":0,"sales_last_days":22,"out_stock_days":0,"lost_sales":0,"has_location":false,"update_date":"2026-04-28T22:23:41","atum_locations":[],"atum_stock_status":"instock","restock_status":false,"low_stock_amount":"","sales_update_date":"2026-04-28T22:23:41","calc_backorders":null,"_links":{"self":[{"href":"https:\/\/www.epicerie-lasource.org\/magasin\/wp-json\/wp\/v2\/product\/61958"}],"collection":[{"href":"https:\/\/www.epicerie-lasource.org\/magasin\/wp-json\/wp\/v2\/product"}],"about":[{"href":"https:\/\/www.epicerie-lasource.org\/magasin\/wp-json\/wp\/v2\/types\/product"}],"replies":[{"embeddable":true,"href":"https:\/\/www.epicerie-lasource.org\/magasin\/wp-json\/wp\/v2\/comments?post=61958"}],"wp:featuredmedia":[{"embeddable":true,"href":"https:\/\/www.epicerie-lasource.org\/magasin\/wp-json\/wp\/v2\/media\/61959"}],"wp:attachment":[{"href":"https:\/\/www.epicerie-lasource.org\/magasin\/wp-json\/wp\/v2\/media?parent=61958"}],"wp:term":[{"taxonomy":"product_cat","embeddable":true,"href":"https:\/\/www.epicerie-lasource.org\/magasin\/wp-json\/wp\/v2\/product_cat?post=61958"},{"taxonomy":"product_tag","embeddable":true,"href":"https:\/\/www.epicerie-lasource.org\/magasin\/wp-json\/wp\/v2\/product_tag?post=61958"}],"curies":[{"name":"wp","href":"https:\/\/api.w.org\/{rel}","templated":true}]}}