{"id":61724,"date":"2026-02-11T12:01:18","date_gmt":"2026-02-11T11:01:18","guid":{"rendered":"https:\/\/www.epicerie-lasource.org\/magasin\/?post_type=product&#038;p=61724"},"modified":"2026-02-11T12:01:23","modified_gmt":"2026-02-11T11:01:23","slug":"vrac-gomasio-bio-markal","status":"publish","type":"product","link":"https:\/\/www.epicerie-lasource.org\/magasin\/produit\/vrac-gomasio-bio-markal\/","title":{"rendered":"vrac &#8211; gomasio bio markal"},"content":{"rendered":"","protected":false},"excerpt":{"rendered":"<div class=\"ficheDetail-infos-description\">\n<p>Le gomasio (ou gomashio) est un condiment compos\u00e9 d&rsquo;un m\u00e9lange de s\u00e9same grill\u00e9 et de sel marin. Il est utilis\u00e9 depuis des mill\u00e9naires au Japon. Le mot gomasio est form\u00e9 \u00e0 partir de goma qui signifie \u00ab s\u00e9same \u00bb en japonais et de shio (\u00ab sel \u00bb).<\/p>\n<h2 class=\"titre5 text-quaternary\">Ingr\u00e9dients<\/h2>\n<p>S\u00e9same complet*, sel marin<\/p>\n<p>*Issu de l&rsquo;agriculture biologique<\/p>\n<h2 class=\"titre5 text-quaternary\">Conseils d&rsquo;utilisation<\/h2>\n<p>A conserver dans un endroit frais, sec et \u00e0 l&rsquo;abri de la lumi\u00e8re.<\/p>\n<h2 class=\"titre5 text-quaternary\">Allerg\u00e8nes<\/h2>\n<p>S\u00e9same<\/p>\n<h2 class=\"titre5 text-quaternary\">Traces possibles d&rsquo;Allerg\u00e8nes<\/h2>\n<p>Gluten, Soja<\/p>\n<\/div>\n<div class=\"ficheDetail-boutons\">\n<div class=\"ficheDetail-boutons-downloads\"><\/div>\n<\/div>\n","protected":false},"featured_media":61725,"comment_status":"closed","ping_status":"closed","template":"","meta":[],"product_cat":[652,707,702],"product_tag":[],"supplier_id":null,"supplier_sku":"","atum_controlled":true,"out_stock_date":null,"out_stock_threshold":null,"inheritable":true,"inbound_stock":null,"stock_on_hold":0,"sold_today":0,"sales_last_days":1,"out_stock_days":0,"lost_sales":0,"has_location":false,"update_date":"2026-04-04T22:06:02","atum_locations":[],"atum_stock_status":"instock","restock_status":false,"low_stock_amount":"","sales_update_date":"2026-04-04T22:06:02","calc_backorders":null,"_links":{"self":[{"href":"https:\/\/www.epicerie-lasource.org\/magasin\/wp-json\/wp\/v2\/product\/61724"}],"collection":[{"href":"https:\/\/www.epicerie-lasource.org\/magasin\/wp-json\/wp\/v2\/product"}],"about":[{"href":"https:\/\/www.epicerie-lasource.org\/magasin\/wp-json\/wp\/v2\/types\/product"}],"replies":[{"embeddable":true,"href":"https:\/\/www.epicerie-lasource.org\/magasin\/wp-json\/wp\/v2\/comments?post=61724"}],"wp:featuredmedia":[{"embeddable":true,"href":"https:\/\/www.epicerie-lasource.org\/magasin\/wp-json\/wp\/v2\/media\/61725"}],"wp:attachment":[{"href":"https:\/\/www.epicerie-lasource.org\/magasin\/wp-json\/wp\/v2\/media?parent=61724"}],"wp:term":[{"taxonomy":"product_cat","embeddable":true,"href":"https:\/\/www.epicerie-lasource.org\/magasin\/wp-json\/wp\/v2\/product_cat?post=61724"},{"taxonomy":"product_tag","embeddable":true,"href":"https:\/\/www.epicerie-lasource.org\/magasin\/wp-json\/wp\/v2\/product_tag?post=61724"}],"curies":[{"name":"wp","href":"https:\/\/api.w.org\/{rel}","templated":true}]}}