{"id":61670,"date":"2026-02-06T17:51:25","date_gmt":"2026-02-06T16:51:25","guid":{"rendered":"https:\/\/www.epicerie-lasource.org\/magasin\/?post_type=product&#038;p=61670"},"modified":"2026-02-06T17:51:48","modified_gmt":"2026-02-06T16:51:48","slug":"sardines-a-lhuile-dolive-120-grs","status":"publish","type":"product","link":"https:\/\/www.epicerie-lasource.org\/magasin\/produit\/sardines-a-lhuile-dolive-120-grs\/","title":{"rendered":"sardines \u00e0 l&rsquo;huile d&rsquo;olive &#8211; 120 grs"},"content":{"rendered":"","protected":false},"excerpt":{"rendered":"<p>Ces petites sardines \u00ab sprats \u00bb sont pr\u00e9par\u00e9es et marin\u00e9es dans de l&rsquo;huile d\u2019olive. Elles ont une saveur prononc\u00e9e, proche de nos sardines, mais plus cors\u00e9e.<\/p>\n<p>Les sprats, souvent appel\u00e9s petites sardines, sont tr\u00e8s pris\u00e9s dans les pays baltes et de plus en plus populaires en France.<\/p>\n","protected":false},"featured_media":61672,"comment_status":"closed","ping_status":"closed","template":"","meta":[],"product_cat":[652,449],"product_tag":[],"supplier_id":null,"supplier_sku":"","atum_controlled":true,"out_stock_date":null,"out_stock_threshold":null,"inheritable":false,"inbound_stock":null,"stock_on_hold":0,"sold_today":0,"sales_last_days":0,"out_stock_days":0,"lost_sales":0,"has_location":false,"update_date":"2026-04-05T22:05:22","atum_locations":[],"atum_stock_status":"instock","restock_status":false,"low_stock_amount":"","sales_update_date":"2026-04-05T22:05:22","calc_backorders":null,"_links":{"self":[{"href":"https:\/\/www.epicerie-lasource.org\/magasin\/wp-json\/wp\/v2\/product\/61670"}],"collection":[{"href":"https:\/\/www.epicerie-lasource.org\/magasin\/wp-json\/wp\/v2\/product"}],"about":[{"href":"https:\/\/www.epicerie-lasource.org\/magasin\/wp-json\/wp\/v2\/types\/product"}],"replies":[{"embeddable":true,"href":"https:\/\/www.epicerie-lasource.org\/magasin\/wp-json\/wp\/v2\/comments?post=61670"}],"wp:featuredmedia":[{"embeddable":true,"href":"https:\/\/www.epicerie-lasource.org\/magasin\/wp-json\/wp\/v2\/media\/61672"}],"wp:attachment":[{"href":"https:\/\/www.epicerie-lasource.org\/magasin\/wp-json\/wp\/v2\/media?parent=61670"}],"wp:term":[{"taxonomy":"product_cat","embeddable":true,"href":"https:\/\/www.epicerie-lasource.org\/magasin\/wp-json\/wp\/v2\/product_cat?post=61670"},{"taxonomy":"product_tag","embeddable":true,"href":"https:\/\/www.epicerie-lasource.org\/magasin\/wp-json\/wp\/v2\/product_tag?post=61670"}],"curies":[{"name":"wp","href":"https:\/\/api.w.org\/{rel}","templated":true}]}}