{"id":61646,"date":"2026-02-06T13:08:10","date_gmt":"2026-02-06T12:08:10","guid":{"rendered":"https:\/\/www.epicerie-lasource.org\/magasin\/?post_type=product&#038;p=61646"},"modified":"2026-03-20T15:15:54","modified_gmt":"2026-03-20T14:15:54","slug":"lessive-fleur-de-cerisier-jasmin-bio-3-litres","status":"publish","type":"product","link":"https:\/\/www.epicerie-lasource.org\/magasin\/produit\/lessive-fleur-de-cerisier-jasmin-bio-3-litres\/","title":{"rendered":"VRAC &#8211; Lessive Fleur de Cerisier &#8211; Jasmin BIO &#8211; Au choix"},"content":{"rendered":"","protected":false},"excerpt":{"rendered":"<ul>\n<li>Sp\u00e9cial blancs et couleurs<\/li>\n<li>Agent lavant fran\u00e7ais issu du bl\u00e9<\/li>\n<li>Parfum naturel \u00e0 la fleur de cerisier et jasmin<\/li>\n<li>Vegan et non test\u00e9 sur animaux<\/li>\n<li>Performante d\u00e8s 30 degr\u00e9s, la <strong>Lessive liquide fleur de cerisier &amp; jasmin Etamine du lys<\/strong> prend soin de votre linge.Cette <strong>lessive liquide<\/strong> peut \u00eatre utilis\u00e9e pour laver le linge \u00e0 la main ou en machine. Elle est particuli\u00e8rement adapt\u00e9e aux textiles blancs et aux couleurs de tous types (synth\u00e9tiques et coton).Pour prot\u00e9ger les fibres de votre linge, utiliser en compl\u00e9ment l&rsquo;assouplissant fleur de cerisier &amp; Jasmin.1 bouchon = 30 mlLes conseils de lavage sont donn\u00e9s pour une machine de 4,5 kilos de linge. Suivre les indications de lavage inscrites sur l\u2019\u00e9tiquette des textiles.\n<ul>\n<li>A la main : diluer 25 ml de lessive liquide dans 5 litres d\u2019eau.<\/li>\n<li>En machine : 30 \u00e0 125 ml selon la duret\u00e9 de l\u2019eau et la salet\u00e9 du linge.<\/li>\n<\/ul>\n<p>Pour respecter l\u2019environnement, faites tourner votre lave-linge \u00e0 pleine charge, privil\u00e9giez les cycles de lavage \u00e0 basse temp\u00e9rature et suivez les instructions de dosage. Convient pour un lavage de 30\u00b0 \u00e0 60\u00b0.<\/p>\n<p>Se laver les mains soigneusement apr\u00e8s manipulation. EN CAS DE CONTACT AVEC LES YEUX: rincer avec pr\u00e9caution \u00e0 l\u2019eau pendant plusieurs minutes. Si l\u2019irritation oculaire persiste: consulter un m\u00e9decin.<\/li>\n<li><strong>Ingr\u00e9dients:<\/strong><\/li>\n<li>\n<ul>\n<li>5-15% : savon (colza, coco)<\/li>\n<li>&lt;5% : agents de surface non ioniques (bl\u00e9, ma\u00efs, palmiste, coco), agents de surface anioniques (coco, palmiste), potassium sorbate (agent de conservation), parfum 100% d\u2019origine naturelle aux notes de fleur de cerisier &amp; jasmin.<\/li>\n<li>Contient aussi : eau, s\u00e9questrants, alcool, correcteur d&rsquo;acidit\u00e9, extrait glycerin\u00e9 de cerisier bio**, d\u00e9naturant.<\/li>\n<\/ul>\n<p>96,5% du total des ingr\u00e9dients sont d&rsquo;origine naturelle.<\/p>\n<p>**0,04% du total des ingr\u00e9dients sont issus de l\u2019Agriculture Biologique.<\/li>\n<\/ul>\n","protected":false},"featured_media":0,"comment_status":"closed","ping_status":"closed","template":"","meta":[],"product_cat":[715,324],"product_tag":[],"supplier_id":35273,"supplier_sku":"","atum_controlled":true,"out_stock_date":null,"out_stock_threshold":null,"inheritable":true,"inbound_stock":null,"stock_on_hold":0,"sold_today":0,"sales_last_days":5.5,"out_stock_days":0,"lost_sales":0,"has_location":false,"update_date":"2026-05-09T22:31:21","atum_locations":[],"atum_stock_status":"instock","restock_status":false,"low_stock_amount":"","sales_update_date":"2026-05-09T22:31:21","calc_backorders":null,"_links":{"self":[{"href":"https:\/\/www.epicerie-lasource.org\/magasin\/wp-json\/wp\/v2\/product\/61646"}],"collection":[{"href":"https:\/\/www.epicerie-lasource.org\/magasin\/wp-json\/wp\/v2\/product"}],"about":[{"href":"https:\/\/www.epicerie-lasource.org\/magasin\/wp-json\/wp\/v2\/types\/product"}],"replies":[{"embeddable":true,"href":"https:\/\/www.epicerie-lasource.org\/magasin\/wp-json\/wp\/v2\/comments?post=61646"}],"wp:attachment":[{"href":"https:\/\/www.epicerie-lasource.org\/magasin\/wp-json\/wp\/v2\/media?parent=61646"}],"wp:term":[{"taxonomy":"product_cat","embeddable":true,"href":"https:\/\/www.epicerie-lasource.org\/magasin\/wp-json\/wp\/v2\/product_cat?post=61646"},{"taxonomy":"product_tag","embeddable":true,"href":"https:\/\/www.epicerie-lasource.org\/magasin\/wp-json\/wp\/v2\/product_tag?post=61646"}],"curies":[{"name":"wp","href":"https:\/\/api.w.org\/{rel}","templated":true}]}}