{"id":61582,"date":"2026-02-04T11:22:03","date_gmt":"2026-02-04T10:22:03","guid":{"rendered":"https:\/\/www.epicerie-lasource.org\/magasin\/?post_type=product&#038;p=61582"},"modified":"2026-04-22T22:15:10","modified_gmt":"2026-04-22T20:15:10","slug":"filtres-a-cafe-coton-bio-vrac-6-g","status":"publish","type":"product","link":"https:\/\/www.epicerie-lasource.org\/magasin\/produit\/filtres-a-cafe-coton-bio-vrac-6-g\/","title":{"rendered":"Filtres \u00e0 caf\u00e9 coton bio vrac\u00a0&#8211; 6\u00a0g"},"content":{"rendered":"","protected":false},"excerpt":{"rendered":"<div class=\"text-block-product-header product-details\">\n<h1>Filtres \u00e0 caf\u00e9 coton bio vrac\u00a0&#8211; 6\u00a0g<\/h1>\n<\/div>\n<div class=\"product-label-container\"><\/div>\n<div>\n<p class=\"txtwhitespace product-description\">Alternative Z\u00e9ro d\u00e9chet aux filtres \u00e0 caf\u00e9 en papier, les filtres Ah!Table! en coton biologique s&rsquo;utilisent sur tous les types de cafeti\u00e8re (taille standard 4).<\/p>\n<p>Conseils d&rsquo;utilisation : Humidifier compl\u00e8tement le filtre avant d&rsquo;y verser le caf\u00e9, pour une meilleur filtration.<\/p>\n<p>Entretien : laver avant le premier usage. Pour un simple nettoyage : laver \u00e0 l&rsquo;eau simplement. Pour un nettoyage complet : lavage en machine \u00e0 40\u00b0C, avec utilisation du percarbonate de soude.<\/p>\n<p>Fabrication en Inde<\/p>\n<div class=\"product-technical-details\">\n<div class=\"ng-star-inserted\"><span class=\"product-technical-details-label add-colon\">Marque<\/span><span class=\"product-technical-details-value\">AH TABLE<\/span><\/div>\n<div class=\"ng-star-inserted\"><span class=\"product-technical-details-label add-colon\">Conditions de conservation<\/span><span class=\"product-technical-details-value\">A stocker dans un endroit sec<\/span><\/div>\n<div class=\"ng-star-inserted\"><span class=\"product-technical-details-label add-colon\">Composition, ingr\u00e9dients<\/span><span class=\"product-technical-details-value\">100 % coton; 100% des fibres sont issues de l&rsquo;agriculture biologique. Produit certifi\u00e9 GOTS par Ecocert Greenlife.<\/span><\/div>\n<div class=\"ng-star-inserted\"><span class=\"product-technical-details-label add-colon\">Origine<\/span><span class=\"product-technical-details-value\">Inde<\/span><\/div>\n<\/div>\n<\/div>\n","protected":false},"featured_media":61583,"comment_status":"closed","ping_status":"closed","template":"","meta":[],"product_cat":[256,713,324,652],"product_tag":[],"supplier_id":null,"supplier_sku":"","atum_controlled":true,"out_stock_date":null,"out_stock_threshold":null,"inheritable":false,"inbound_stock":null,"stock_on_hold":0,"sold_today":0,"sales_last_days":3,"out_stock_days":0,"lost_sales":0,"has_location":false,"update_date":"2026-05-09T22:32:24","atum_locations":[],"atum_stock_status":"instock","restock_status":false,"low_stock_amount":"","sales_update_date":"2026-05-09T22:32:24","calc_backorders":0,"_links":{"self":[{"href":"https:\/\/www.epicerie-lasource.org\/magasin\/wp-json\/wp\/v2\/product\/61582"}],"collection":[{"href":"https:\/\/www.epicerie-lasource.org\/magasin\/wp-json\/wp\/v2\/product"}],"about":[{"href":"https:\/\/www.epicerie-lasource.org\/magasin\/wp-json\/wp\/v2\/types\/product"}],"replies":[{"embeddable":true,"href":"https:\/\/www.epicerie-lasource.org\/magasin\/wp-json\/wp\/v2\/comments?post=61582"}],"wp:featuredmedia":[{"embeddable":true,"href":"https:\/\/www.epicerie-lasource.org\/magasin\/wp-json\/wp\/v2\/media\/61583"}],"wp:attachment":[{"href":"https:\/\/www.epicerie-lasource.org\/magasin\/wp-json\/wp\/v2\/media?parent=61582"}],"wp:term":[{"taxonomy":"product_cat","embeddable":true,"href":"https:\/\/www.epicerie-lasource.org\/magasin\/wp-json\/wp\/v2\/product_cat?post=61582"},{"taxonomy":"product_tag","embeddable":true,"href":"https:\/\/www.epicerie-lasource.org\/magasin\/wp-json\/wp\/v2\/product_tag?post=61582"}],"curies":[{"name":"wp","href":"https:\/\/api.w.org\/{rel}","templated":true}]}}