{"id":61326,"date":"2026-01-21T11:04:17","date_gmt":"2026-01-21T10:04:17","guid":{"rendered":"https:\/\/www.epicerie-lasource.org\/magasin\/?post_type=product&#038;p=61326"},"modified":"2026-01-21T11:04:22","modified_gmt":"2026-01-21T10:04:22","slug":"sauce-provencale-bio-190g-l-martin","status":"publish","type":"product","link":"https:\/\/www.epicerie-lasource.org\/magasin\/produit\/sauce-provencale-bio-190g-l-martin\/","title":{"rendered":"Sauce provencale &#8211; BIO &#8211; 190g &#8211;  L.Martin"},"content":{"rendered":"","protected":false},"excerpt":{"rendered":"<h2 class=\"\">INGR\u00c9DIENTS<\/h2>\n<div class=\"\">\n<p>Pur\u00e9e de tomates *, pulpe de tomates* type \u00ab\u00a0Roma\u00a0\u00bb, oignons*, carottes*, huile de tournesol*, sucre*, huile d\u2019olive vierge extra*, amidon de BL\u00c9*, sel de Gu\u00e9rande, \u00e9pices*, plantes aromatiques* (sarriette*, basilic*, origan*, laurier*, poivre*), ar\u00f4me naturel basilic, acide citrique. *Ingr\u00e9dients issus de l&rsquo;agriculture biologique.<\/p>\n<h2 class=\"\">VALEURS NUTRITIONNELLES<\/h2>\n<div class=\"\">\n<p>Energie 266kj \/\u00a064kcal,<\/p>\n<p>Mati\u00e8res grasses\u00a02.6g dont acides gras satur\u00e9s 0.4g,<\/p>\n<p>Glucides\u00a07.2g dont sucres\u00a05.5g,<\/p>\n<p>Fibres 2.5g,<\/p>\n<p>Prot\u00e9ines 1.6g,<\/p>\n<p>Sel\u00a01g.<\/p>\n<h2 class=\"\">INFORMATIONS PRODUITS<\/h2>\n<div class=\"\">\n<p>Avant ouverture, \u00e0 conserver \u00e0 temp\u00e9rature ambiante. Apr\u00e8s ouverture, \u00e0 conserver au r\u00e9frig\u00e9rateur.<\/p>\n<\/div>\n<\/div>\n<\/div>\n","protected":false},"featured_media":61327,"comment_status":"closed","ping_status":"closed","template":"","meta":[],"product_cat":[652,63,704],"product_tag":[],"supplier_id":null,"supplier_sku":"","atum_controlled":true,"out_stock_date":null,"out_stock_threshold":null,"inheritable":false,"inbound_stock":null,"stock_on_hold":0,"sold_today":0,"sales_last_days":2,"out_stock_days":0,"lost_sales":0,"has_location":false,"update_date":"2026-05-12T22:45:03","atum_locations":[],"atum_stock_status":"instock","restock_status":false,"low_stock_amount":"","sales_update_date":"2026-05-12T22:45:03","calc_backorders":null,"_links":{"self":[{"href":"https:\/\/www.epicerie-lasource.org\/magasin\/wp-json\/wp\/v2\/product\/61326"}],"collection":[{"href":"https:\/\/www.epicerie-lasource.org\/magasin\/wp-json\/wp\/v2\/product"}],"about":[{"href":"https:\/\/www.epicerie-lasource.org\/magasin\/wp-json\/wp\/v2\/types\/product"}],"replies":[{"embeddable":true,"href":"https:\/\/www.epicerie-lasource.org\/magasin\/wp-json\/wp\/v2\/comments?post=61326"}],"wp:featuredmedia":[{"embeddable":true,"href":"https:\/\/www.epicerie-lasource.org\/magasin\/wp-json\/wp\/v2\/media\/61327"}],"wp:attachment":[{"href":"https:\/\/www.epicerie-lasource.org\/magasin\/wp-json\/wp\/v2\/media?parent=61326"}],"wp:term":[{"taxonomy":"product_cat","embeddable":true,"href":"https:\/\/www.epicerie-lasource.org\/magasin\/wp-json\/wp\/v2\/product_cat?post=61326"},{"taxonomy":"product_tag","embeddable":true,"href":"https:\/\/www.epicerie-lasource.org\/magasin\/wp-json\/wp\/v2\/product_tag?post=61326"}],"curies":[{"name":"wp","href":"https:\/\/api.w.org\/{rel}","templated":true}]}}