{"id":61188,"date":"2026-01-14T13:48:07","date_gmt":"2026-01-14T12:48:07","guid":{"rendered":"https:\/\/www.epicerie-lasource.org\/magasin\/?post_type=product&#038;p=61188"},"modified":"2026-01-14T17:21:27","modified_gmt":"2026-01-14T16:21:27","slug":"chicoree-nature-bio-pot-soluble-cherico-80-g","status":"publish","type":"product","link":"https:\/\/www.epicerie-lasource.org\/magasin\/produit\/chicoree-nature-bio-pot-soluble-cherico-80-g\/","title":{"rendered":"Chicor\u00e9e Nature bio &#8211; Pot Soluble &#8211; Ch\u00e9rico &#8211; 80 g"},"content":{"rendered":"","protected":false},"excerpt":{"rendered":"<p dir=\"ltr\" role=\"presentation\">Nous avons cr\u00e9\u00e9 une recette unique pour offrir une chicor\u00e9e au go\u00fbt \u00e9quilibr\u00e9, m\u00ealant gourmandise et amertume.\u00a0Elle r\u00e9v\u00e8le des notes toast\u00e9es et de noisettes.<\/p>\n<p dir=\"ltr\" role=\"presentation\">Notre recette est certifi\u00e9e BIO<\/p>\n<ul>\n<li>100% Chicor\u00e9e soluble nature<\/li>\n<li>Fabriqu\u00e9e \u00e0 partir de racines de chicor\u00e9e<\/li>\n<li>Certifi\u00e9e BIO<\/li>\n<li>Origine France et Union Europ\u00e9enne<\/li>\n<\/ul>\n<h6>Pr\u00e9paration<\/h6>\n<ol>\n<li>Versez 2<strong>\u00a0cuill\u00e8res \u00e0 caf\u00e9 rases<\/strong>\u00a0dans votre tasse.<\/li>\n<li>Ajoutez\u00a0<strong>150 \u00e0 200ml\u00a0<\/strong>d\u2019eau chaude, de lait ou de boisson v\u00e9g\u00e9tale au choix.<\/li>\n<li>C&rsquo;est pr\u00eat !<\/li>\n<\/ol>\n<h6><strong>Conservation :<\/strong><\/h6>\n<ul>\n<li>Pot ferm\u00e9 : DLUO 2 ans<\/li>\n<li>Une fois le pot ouvert, consommez-le\u00a0<strong>dans le mois suivant<\/strong>\u00a0pour garantir une saveur optimale. A Conserver dans un endroit sec.<\/li>\n<\/ul>\n","protected":false},"featured_media":61189,"comment_status":"closed","ping_status":"closed","template":"","meta":[],"product_cat":[180,713,652],"product_tag":[],"supplier_id":null,"supplier_sku":"","atum_controlled":true,"out_stock_date":null,"out_stock_threshold":null,"inheritable":false,"inbound_stock":null,"stock_on_hold":0,"sold_today":0,"sales_last_days":0,"out_stock_days":0,"lost_sales":0,"has_location":false,"update_date":"2026-05-11T22:43:42","atum_locations":[],"atum_stock_status":"instock","restock_status":false,"low_stock_amount":"","sales_update_date":"2026-05-11T22:43:42","calc_backorders":null,"_links":{"self":[{"href":"https:\/\/www.epicerie-lasource.org\/magasin\/wp-json\/wp\/v2\/product\/61188"}],"collection":[{"href":"https:\/\/www.epicerie-lasource.org\/magasin\/wp-json\/wp\/v2\/product"}],"about":[{"href":"https:\/\/www.epicerie-lasource.org\/magasin\/wp-json\/wp\/v2\/types\/product"}],"replies":[{"embeddable":true,"href":"https:\/\/www.epicerie-lasource.org\/magasin\/wp-json\/wp\/v2\/comments?post=61188"}],"wp:featuredmedia":[{"embeddable":true,"href":"https:\/\/www.epicerie-lasource.org\/magasin\/wp-json\/wp\/v2\/media\/61189"}],"wp:attachment":[{"href":"https:\/\/www.epicerie-lasource.org\/magasin\/wp-json\/wp\/v2\/media?parent=61188"}],"wp:term":[{"taxonomy":"product_cat","embeddable":true,"href":"https:\/\/www.epicerie-lasource.org\/magasin\/wp-json\/wp\/v2\/product_cat?post=61188"},{"taxonomy":"product_tag","embeddable":true,"href":"https:\/\/www.epicerie-lasource.org\/magasin\/wp-json\/wp\/v2\/product_tag?post=61188"}],"curies":[{"name":"wp","href":"https:\/\/api.w.org\/{rel}","templated":true}]}}