{"id":60719,"date":"2025-12-19T12:44:24","date_gmt":"2025-12-19T11:44:24","guid":{"rendered":"https:\/\/www.epicerie-lasource.org\/magasin\/?post_type=product&#038;p=60719"},"modified":"2026-01-09T13:26:20","modified_gmt":"2026-01-09T12:26:20","slug":"chocolat-noir-63-eclats-cacao-100-grs-el-inti-saldac-bio","status":"publish","type":"product","link":"https:\/\/www.epicerie-lasource.org\/magasin\/produit\/chocolat-noir-63-eclats-cacao-100-grs-el-inti-saldac-bio\/","title":{"rendered":"chocolat noir 69% eclats cacao &#8211; 100 grs &#8211; EL INTI &#8211; SALDAC &#8211; BIO"},"content":{"rendered":"","protected":false},"excerpt":{"rendered":"<p><strong>Chocolat noir 63 % de cacao et 15 % d\u2019\u00e9clats de f\u00e8ves grill\u00e9es<\/strong>, f\u00e8ves de la Coop. Pangoa P\u00e9rou, sucre de canne complet du P\u00e9rou, biologique. Pour les connaisseurs de chocolats \u201cGrand Cru\u201d. Pure origine Criollo, tr\u00e8s fruit\u00e9 et croustillant.<\/p>\n<p><strong>Un vrai chocolat artisanal fabriqu\u00e9 \u00e0 partir de la f\u00e8ve.<\/strong><\/p>\n<p><strong>Ingr\u00e9dients<\/strong>\u00a0: f\u00e8ves de cacao, panela, \u00e9clats de f\u00e8ves 15%, beurre de cacao<\/p>\n<p><strong>Caract\u00e9ristiques nutritionnelles\u00a0<\/strong>(valeurs moyennes pour 100g)<\/p>\n<p>Glucides\u00a0:\u00a044,5 g (dont sucres\u00a027,1 g) Lipides\u00a0:\u00a043,6 g (dont acides gras satur\u00e9s\u00a026,3 g) Prot\u00e9ines\u00a0:\u00a08,8 g\u00a0\u00a0 Sel\u00a0: 0,08 g Valeur \u00e9nerg\u00e9tique\u00a0:\u00a0606\u00a0\u00a0kcal \/\u00a02\u00a0519\u00a0kJ<\/p>\n<p><strong>Notre gamme de chocolats est certifi\u00e9e commerce \u00e9quitable par le syst\u00e8me SPP \u201cSimbolo de los Pequenos Productores\u201d, un label qui appartient enfin aux producteurs : www.spp.coop<\/strong><\/p>\n","protected":false},"featured_media":60765,"comment_status":"closed","ping_status":"closed","template":"","meta":[],"product_cat":[652,691],"product_tag":[],"supplier_id":null,"supplier_sku":"","atum_controlled":true,"out_stock_date":null,"out_stock_threshold":null,"inheritable":false,"inbound_stock":null,"stock_on_hold":0,"sold_today":0,"sales_last_days":4,"out_stock_days":0,"lost_sales":0,"has_location":false,"update_date":"2026-04-05T22:06:29","atum_locations":[],"atum_stock_status":"instock","restock_status":false,"low_stock_amount":"","sales_update_date":"2026-04-05T22:06:29","calc_backorders":null,"_links":{"self":[{"href":"https:\/\/www.epicerie-lasource.org\/magasin\/wp-json\/wp\/v2\/product\/60719"}],"collection":[{"href":"https:\/\/www.epicerie-lasource.org\/magasin\/wp-json\/wp\/v2\/product"}],"about":[{"href":"https:\/\/www.epicerie-lasource.org\/magasin\/wp-json\/wp\/v2\/types\/product"}],"replies":[{"embeddable":true,"href":"https:\/\/www.epicerie-lasource.org\/magasin\/wp-json\/wp\/v2\/comments?post=60719"}],"wp:featuredmedia":[{"embeddable":true,"href":"https:\/\/www.epicerie-lasource.org\/magasin\/wp-json\/wp\/v2\/media\/60765"}],"wp:attachment":[{"href":"https:\/\/www.epicerie-lasource.org\/magasin\/wp-json\/wp\/v2\/media?parent=60719"}],"wp:term":[{"taxonomy":"product_cat","embeddable":true,"href":"https:\/\/www.epicerie-lasource.org\/magasin\/wp-json\/wp\/v2\/product_cat?post=60719"},{"taxonomy":"product_tag","embeddable":true,"href":"https:\/\/www.epicerie-lasource.org\/magasin\/wp-json\/wp\/v2\/product_tag?post=60719"}],"curies":[{"name":"wp","href":"https:\/\/api.w.org\/{rel}","templated":true}]}}