{"id":60640,"date":"2025-12-16T13:38:20","date_gmt":"2025-12-16T12:38:20","guid":{"rendered":"https:\/\/www.epicerie-lasource.org\/magasin\/?post_type=product&#038;p=60640"},"modified":"2025-12-16T13:38:24","modified_gmt":"2025-12-16T12:38:24","slug":"petits-pois-france-bocal-420g-bio","status":"publish","type":"product","link":"https:\/\/www.epicerie-lasource.org\/magasin\/produit\/petits-pois-france-bocal-420g-bio\/","title":{"rendered":"Petits pois France bocal &#8211; 420g &#8211; BIO"},"content":{"rendered":"","protected":false},"excerpt":{"rendered":"<h2 class=\"\">INGR\u00c9DIENTS<\/h2>\n<div class=\"\">\n<p>Petits pois*, eau, sel de mer.<\/p>\n<p>*Ingr\u00e9dient issu de l&rsquo;agriculture biologique.<\/p>\n<p><span class=\"allergenes_produit\">Les ingr\u00e9dients renseign\u00e9s en majuscule attestent des allerg\u00e8nes pr\u00e9sents dans le ou les produits.<\/span><\/div>\n<div>\n<h2 class=\"\">VALEURS NUTRITIONNELLES<\/h2>\n<div class=\"\">\n<p>Energie 340 kJ \/ 81 kcal,<\/p>\n<p>Mati\u00e8res grasses 0.9g dont acides gras satur\u00e9s 0.2g,<\/p>\n<p>Glucides 10g dont sucres 2.0g,<\/p>\n<p>Fibres alimentaires 5.4g,<\/p>\n<p>Prot\u00e9ines 5.5g,<\/p>\n<p>Sel 0.60g.<\/p>\n<h2 class=\"\">INFORMATIONS PRODUITS<\/h2>\n<div class=\"\">\n<p>\u00c0 conserver \u00e0 l&rsquo;abri de la chaleur, de la lumi\u00e8re et de l&rsquo;humidit\u00e9. Apr\u00e8s ouverture, \u00e0 conserver au r\u00e9frig\u00e9rateur dans un emballage alimentaire herm\u00e9tique et \u00e0 consommer dans les 2 jours.<\/p>\n<p>Source de fibres.<\/p><\/div>\n<\/div>\n<\/div>\n","protected":false},"featured_media":60641,"comment_status":"closed","ping_status":"closed","template":"","meta":[],"product_cat":[652,63,708],"product_tag":[],"supplier_id":null,"supplier_sku":"","atum_controlled":true,"out_stock_date":null,"out_stock_threshold":null,"inheritable":false,"inbound_stock":null,"stock_on_hold":0,"sold_today":0,"sales_last_days":1,"out_stock_days":0,"lost_sales":0,"has_location":false,"update_date":"2026-05-01T22:29:31","atum_locations":[],"atum_stock_status":"instock","restock_status":false,"low_stock_amount":"","sales_update_date":"2026-05-01T22:29:31","calc_backorders":null,"_links":{"self":[{"href":"https:\/\/www.epicerie-lasource.org\/magasin\/wp-json\/wp\/v2\/product\/60640"}],"collection":[{"href":"https:\/\/www.epicerie-lasource.org\/magasin\/wp-json\/wp\/v2\/product"}],"about":[{"href":"https:\/\/www.epicerie-lasource.org\/magasin\/wp-json\/wp\/v2\/types\/product"}],"replies":[{"embeddable":true,"href":"https:\/\/www.epicerie-lasource.org\/magasin\/wp-json\/wp\/v2\/comments?post=60640"}],"wp:featuredmedia":[{"embeddable":true,"href":"https:\/\/www.epicerie-lasource.org\/magasin\/wp-json\/wp\/v2\/media\/60641"}],"wp:attachment":[{"href":"https:\/\/www.epicerie-lasource.org\/magasin\/wp-json\/wp\/v2\/media?parent=60640"}],"wp:term":[{"taxonomy":"product_cat","embeddable":true,"href":"https:\/\/www.epicerie-lasource.org\/magasin\/wp-json\/wp\/v2\/product_cat?post=60640"},{"taxonomy":"product_tag","embeddable":true,"href":"https:\/\/www.epicerie-lasource.org\/magasin\/wp-json\/wp\/v2\/product_tag?post=60640"}],"curies":[{"name":"wp","href":"https:\/\/api.w.org\/{rel}","templated":true}]}}