{"id":60637,"date":"2025-12-16T13:02:01","date_gmt":"2025-12-16T12:02:01","guid":{"rendered":"https:\/\/www.epicerie-lasource.org\/magasin\/?post_type=product&#038;p=60637"},"modified":"2025-12-19T15:22:27","modified_gmt":"2025-12-19T14:22:27","slug":"chocolats-truffes-fantaisies-nature-boite-200g","status":"publish","type":"product","link":"https:\/\/www.epicerie-lasource.org\/magasin\/produit\/chocolats-truffes-fantaisies-nature-boite-200g\/","title":{"rendered":"Chocolats truffes fantaisies nature &#8211; bo\u00eete 200g"},"content":{"rendered":"","protected":false},"excerpt":{"rendered":"<h2>Fabriqu\u00e9 en France<\/h2>\n<h2 class=\"\">INGR\u00c9DIENTS<\/h2>\n<div class=\"\">\n<p>Graisse v\u00e9g\u00e9tale (coprah), sucre, cacao maigre en poudre, LACTOSERUM en poudre, p\u00e2te de cacao, cacao en poudre, \u00e9mulsifiant: l\u00e9cithines (SOJA).<\/p>\n<p><span class=\"allergenes_produit\">Les ingr\u00e9dients renseign\u00e9s en majuscule attestent des allerg\u00e8nes pr\u00e9sents dans le ou les produits.<\/span><\/p>\n<\/div>\n<div><\/div>\n<div>\n<h2 class=\"\">VALEURS NUTRITIONNELLES<\/h2>\n<div class=\"\">\n<p>Energie 2499kJ \/ 602kcal,<\/p>\n<p>Mati\u00e8res grasses 46g, dont acides gras satur\u00e9s 39g,<\/p>\n<p>Glucides 42g, dont sucres 40g,<\/p>\n<p>Prot\u00e9ines 3.5g,<\/p>\n<p>Sel 0.14g.<\/p>\n<h2 class=\"\">INFORMATIONS PRODUITS<\/h2>\n<div class=\"\">\n<p>A conserver \u00e0 l&rsquo;abri de la chaleur, de l&rsquo;humidit\u00e9 et de la lumi\u00e8re.<\/p>\n<p>Traces possibles de gluten, amandes, noisettes, \u0153ufs et pistaches.<\/p>\n<\/div>\n<\/div>\n<\/div>\n","protected":false},"featured_media":60638,"comment_status":"closed","ping_status":"closed","template":"","meta":[],"product_cat":[652,691],"product_tag":[],"supplier_id":null,"supplier_sku":"","atum_controlled":true,"out_stock_date":null,"out_stock_threshold":null,"inheritable":false,"inbound_stock":null,"stock_on_hold":0,"sold_today":0,"sales_last_days":4,"out_stock_days":0,"lost_sales":0,"has_location":false,"update_date":"2026-04-05T22:05:30","atum_locations":[],"atum_stock_status":"instock","restock_status":false,"low_stock_amount":"","sales_update_date":"2026-04-05T22:05:30","calc_backorders":null,"_links":{"self":[{"href":"https:\/\/www.epicerie-lasource.org\/magasin\/wp-json\/wp\/v2\/product\/60637"}],"collection":[{"href":"https:\/\/www.epicerie-lasource.org\/magasin\/wp-json\/wp\/v2\/product"}],"about":[{"href":"https:\/\/www.epicerie-lasource.org\/magasin\/wp-json\/wp\/v2\/types\/product"}],"replies":[{"embeddable":true,"href":"https:\/\/www.epicerie-lasource.org\/magasin\/wp-json\/wp\/v2\/comments?post=60637"}],"wp:featuredmedia":[{"embeddable":true,"href":"https:\/\/www.epicerie-lasource.org\/magasin\/wp-json\/wp\/v2\/media\/60638"}],"wp:attachment":[{"href":"https:\/\/www.epicerie-lasource.org\/magasin\/wp-json\/wp\/v2\/media?parent=60637"}],"wp:term":[{"taxonomy":"product_cat","embeddable":true,"href":"https:\/\/www.epicerie-lasource.org\/magasin\/wp-json\/wp\/v2\/product_cat?post=60637"},{"taxonomy":"product_tag","embeddable":true,"href":"https:\/\/www.epicerie-lasource.org\/magasin\/wp-json\/wp\/v2\/product_tag?post=60637"}],"curies":[{"name":"wp","href":"https:\/\/api.w.org\/{rel}","templated":true}]}}