{"id":60619,"date":"2025-12-16T11:54:08","date_gmt":"2025-12-16T10:54:08","guid":{"rendered":"https:\/\/www.epicerie-lasource.org\/magasin\/?post_type=product&#038;p=60619"},"modified":"2025-12-21T13:30:05","modified_gmt":"2025-12-21T12:30:05","slug":"orangettes-enrobees-chocolat-noir-63-150g-boite-degust-bio","status":"publish","type":"product","link":"https:\/\/www.epicerie-lasource.org\/magasin\/produit\/orangettes-enrobees-chocolat-noir-63-150g-boite-degust-bio\/","title":{"rendered":"Orangettes enrobees chocolat noir 63% &#8211; 150g &#8211; Boite degust -bio"},"content":{"rendered":"","protected":false},"excerpt":{"rendered":"<p><strong>Des varit\u00e9t\u00e9s d\u2019orange tr\u00e8s parfum\u00e9es, confites au P\u00e9rou par nos partenaires<\/strong>, enrob\u00e9es de chocolat noir 63 %. Excellent tout simplement. L\u2019alliance r\u00e9ussie des ar\u00f4mes de l\u2019\u00e9corce d\u2019orange et la puissance du chocolat.<\/p>\n<p><strong>Grand cru de pure origine Criollo<\/strong>, issu de la coop. Pangoa au P\u00e9rou, et d\u2019une \u00e9laboration artisanale dans la Dr\u00f4me qui lui r\u00e9v\u00e8le tout sa saveur. Sucre de canne complet du P\u00e9rou. Biologique. Sans l\u00e9cithine.<\/p>\n<p><strong>Ingr\u00e9dients<\/strong>\u00a0:\u00a052 % de chocolat d\u2019enrobage (f\u00e8ves de cacao, panela, beurre de cacao), 48% d\u2019orange confite\u00a0(\u00e9corce d\u2019orange\u00a0et sucre de canne)<\/p>\n<p><strong>Caract\u00e9ristiques nutritionnelles\u00a0<\/strong>(valeurs moyennes pour 100g)<\/p>\n<p>Glucides\u00a0:\u00a062,7 g (dont sucres\u00a055,2 g) Lipides\u00a0:\u00a015,6 g (dont acides gras satur\u00e9s\u00a09,1 g) Prot\u00e9ines\u00a0:\u00a02,9 g\u00a0\u00a0 Sel\u00a0: 0,04 g<\/p>\n<p>Valeur \u00e9nerg\u00e9tique\u00a0:\u00a0412\u00a0\u00a0kcal \/\u00a01\u00a0728\u00a0kJ<\/p>\n<p><strong>Notre gamme de chocolats est certifi\u00e9e commerce \u00e9quitable par le syst\u00e8me SPP \u201cSimbolo de los Pequenos Productores\u201d, un label qui appartient enfin aux producteurs : www.spp.coop<\/strong><\/p>\n","protected":false},"featured_media":60620,"comment_status":"closed","ping_status":"closed","template":"","meta":[],"product_cat":[652,691],"product_tag":[],"supplier_id":null,"supplier_sku":"","atum_controlled":true,"out_stock_date":null,"out_stock_threshold":null,"inheritable":false,"inbound_stock":null,"stock_on_hold":0,"sold_today":0,"sales_last_days":0,"out_stock_days":0,"lost_sales":0,"has_location":false,"update_date":"2026-04-04T22:06:27","atum_locations":[],"atum_stock_status":"instock","restock_status":false,"low_stock_amount":"","sales_update_date":"2026-04-04T22:06:27","calc_backorders":null,"_links":{"self":[{"href":"https:\/\/www.epicerie-lasource.org\/magasin\/wp-json\/wp\/v2\/product\/60619"}],"collection":[{"href":"https:\/\/www.epicerie-lasource.org\/magasin\/wp-json\/wp\/v2\/product"}],"about":[{"href":"https:\/\/www.epicerie-lasource.org\/magasin\/wp-json\/wp\/v2\/types\/product"}],"replies":[{"embeddable":true,"href":"https:\/\/www.epicerie-lasource.org\/magasin\/wp-json\/wp\/v2\/comments?post=60619"}],"wp:featuredmedia":[{"embeddable":true,"href":"https:\/\/www.epicerie-lasource.org\/magasin\/wp-json\/wp\/v2\/media\/60620"}],"wp:attachment":[{"href":"https:\/\/www.epicerie-lasource.org\/magasin\/wp-json\/wp\/v2\/media?parent=60619"}],"wp:term":[{"taxonomy":"product_cat","embeddable":true,"href":"https:\/\/www.epicerie-lasource.org\/magasin\/wp-json\/wp\/v2\/product_cat?post=60619"},{"taxonomy":"product_tag","embeddable":true,"href":"https:\/\/www.epicerie-lasource.org\/magasin\/wp-json\/wp\/v2\/product_tag?post=60619"}],"curies":[{"name":"wp","href":"https:\/\/api.w.org\/{rel}","templated":true}]}}