{"id":6050,"date":"2020-02-19T18:20:21","date_gmt":"2020-02-19T17:20:21","guid":{"rendered":"https:\/\/www.epicerie-lasource.org\/magasin\/?post_type=product&#038;p=6050"},"modified":"2026-04-07T20:04:11","modified_gmt":"2026-04-07T18:04:11","slug":"riz-long-parfume-au-kilo","status":"publish","type":"product","link":"https:\/\/www.epicerie-lasource.org\/magasin\/produit\/riz-long-parfume-au-kilo\/","title":{"rendered":"Vrac- Riz Long Parfum\u00e9 Tha\u00eflande Au Kilo"},"content":{"rendered":"","protected":false},"excerpt":{"rendered":"<p>Riz long parfum\u00e9.<br \/>\nvendu au kilo.<\/p>\n","protected":false},"featured_media":24754,"comment_status":"closed","ping_status":"closed","template":"","meta":[],"product_cat":[715,63,700],"product_tag":[],"supplier_id":29024,"supplier_sku":"","atum_controlled":true,"out_stock_date":null,"out_stock_threshold":null,"inheritable":true,"inbound_stock":0,"stock_on_hold":0,"sold_today":0,"sales_last_days":2,"out_stock_days":0,"lost_sales":0,"has_location":false,"update_date":"2026-04-11T22:12:23","atum_locations":[],"atum_stock_status":"onbackorder","restock_status":false,"low_stock_amount":"","sales_update_date":"2026-04-11T22:12:22","calc_backorders":-504.607,"_links":{"self":[{"href":"https:\/\/www.epicerie-lasource.org\/magasin\/wp-json\/wp\/v2\/product\/6050"}],"collection":[{"href":"https:\/\/www.epicerie-lasource.org\/magasin\/wp-json\/wp\/v2\/product"}],"about":[{"href":"https:\/\/www.epicerie-lasource.org\/magasin\/wp-json\/wp\/v2\/types\/product"}],"replies":[{"embeddable":true,"href":"https:\/\/www.epicerie-lasource.org\/magasin\/wp-json\/wp\/v2\/comments?post=6050"}],"wp:featuredmedia":[{"embeddable":true,"href":"https:\/\/www.epicerie-lasource.org\/magasin\/wp-json\/wp\/v2\/media\/24754"}],"wp:attachment":[{"href":"https:\/\/www.epicerie-lasource.org\/magasin\/wp-json\/wp\/v2\/media?parent=6050"}],"wp:term":[{"taxonomy":"product_cat","embeddable":true,"href":"https:\/\/www.epicerie-lasource.org\/magasin\/wp-json\/wp\/v2\/product_cat?post=6050"},{"taxonomy":"product_tag","embeddable":true,"href":"https:\/\/www.epicerie-lasource.org\/magasin\/wp-json\/wp\/v2\/product_tag?post=6050"}],"curies":[{"name":"wp","href":"https:\/\/api.w.org\/{rel}","templated":true}]}}