{"id":60495,"date":"2025-12-11T16:12:29","date_gmt":"2025-12-11T15:12:29","guid":{"rendered":"https:\/\/www.epicerie-lasource.org\/magasin\/?post_type=product&#038;p=60495"},"modified":"2026-01-27T08:16:58","modified_gmt":"2026-01-27T07:16:58","slug":"chocolat-noir-70-fleur-el-inti-bio-saldac-100-gr","status":"publish","type":"product","link":"https:\/\/www.epicerie-lasource.org\/magasin\/produit\/chocolat-noir-70-fleur-el-inti-bio-saldac-100-gr\/","title":{"rendered":"Chocolat noir 70% fleur de sel El Inti bio &#8211; Saldac &#8211; 100 g"},"content":{"rendered":"","protected":false},"excerpt":{"rendered":"<p><strong>Chocolat noir 70 % de cacao, fleur de sel <\/strong><\/p>\n<p><strong>Ingr\u00e9dients<\/strong> : f\u00e8ves de cacao, sucre de canne complet, beurre de cacao; fleur de sel 1%<\/p>\n<p><strong>Notre gamme de chocolats est certifi\u00e9e commerce \u00e9quitable par le syst\u00e8me SPP \u201cSimbolo de los Pequenos Productores\u201d, un label qui appartient enfin aux producteurs : www.spp.coop<\/strong><\/p>\n","protected":false},"featured_media":61447,"comment_status":"closed","ping_status":"closed","template":"","meta":[],"product_cat":[652,64,691],"product_tag":[],"supplier_id":null,"supplier_sku":"","atum_controlled":true,"out_stock_date":null,"out_stock_threshold":null,"inheritable":false,"inbound_stock":null,"stock_on_hold":0,"sold_today":0,"sales_last_days":1,"out_stock_days":0,"lost_sales":0,"has_location":false,"update_date":"2026-04-29T22:26:08","atum_locations":[],"atum_stock_status":"instock","restock_status":false,"low_stock_amount":"","sales_update_date":"2026-04-29T22:26:08","calc_backorders":null,"_links":{"self":[{"href":"https:\/\/www.epicerie-lasource.org\/magasin\/wp-json\/wp\/v2\/product\/60495"}],"collection":[{"href":"https:\/\/www.epicerie-lasource.org\/magasin\/wp-json\/wp\/v2\/product"}],"about":[{"href":"https:\/\/www.epicerie-lasource.org\/magasin\/wp-json\/wp\/v2\/types\/product"}],"replies":[{"embeddable":true,"href":"https:\/\/www.epicerie-lasource.org\/magasin\/wp-json\/wp\/v2\/comments?post=60495"}],"wp:featuredmedia":[{"embeddable":true,"href":"https:\/\/www.epicerie-lasource.org\/magasin\/wp-json\/wp\/v2\/media\/61447"}],"wp:attachment":[{"href":"https:\/\/www.epicerie-lasource.org\/magasin\/wp-json\/wp\/v2\/media?parent=60495"}],"wp:term":[{"taxonomy":"product_cat","embeddable":true,"href":"https:\/\/www.epicerie-lasource.org\/magasin\/wp-json\/wp\/v2\/product_cat?post=60495"},{"taxonomy":"product_tag","embeddable":true,"href":"https:\/\/www.epicerie-lasource.org\/magasin\/wp-json\/wp\/v2\/product_tag?post=60495"}],"curies":[{"name":"wp","href":"https:\/\/api.w.org\/{rel}","templated":true}]}}