{"id":6031,"date":"2025-05-03T21:36:09","date_gmt":"2025-05-03T19:36:09","guid":{"rendered":"https:\/\/www.epicerie-lasource.org\/magasin\/?post_type=product&#038;p=6031"},"modified":"2025-09-15T14:38:08","modified_gmt":"2025-09-15T12:38:08","slug":"jambon-fume-en-tranches-au-choix","status":"publish","type":"product","link":"https:\/\/www.epicerie-lasource.org\/magasin\/produit\/jambon-fume-en-tranches-au-choix\/","title":{"rendered":"Jambon fum\u00e9 4 tranches"},"content":{"rendered":"","protected":false},"excerpt":{"rendered":"<p>Jambon l\u00e9g\u00e8rement fum\u00e9 de la ferme en tranches<br \/>\n<strong>Prix au Kilo : 19,60 \u20ac\/kg<\/strong><br \/>\nAu choix 4 tranches (Env. 250grs\/4tr. )<\/p>\n<p>[IMPORTANT]<br \/>\n!!! Une modification sur le prix peut \u00eatre effectu\u00e9e le jour de la distribution afin d\u2019ajuster le prix au poids exact. !!!<\/p>\n","protected":false},"featured_media":6027,"comment_status":"open","ping_status":"closed","template":"","meta":[],"product_cat":[15,688],"product_tag":[],"supplier_id":null,"supplier_sku":"","atum_controlled":true,"out_stock_date":null,"out_stock_threshold":null,"inheritable":false,"inbound_stock":0,"stock_on_hold":0,"sold_today":0,"sales_last_days":8,"out_stock_days":0,"lost_sales":0,"has_location":false,"update_date":"2026-05-08T22:30:28","atum_locations":[],"atum_stock_status":"instock","restock_status":false,"low_stock_amount":"","sales_update_date":"2026-05-08T22:30:27","calc_backorders":null,"_links":{"self":[{"href":"https:\/\/www.epicerie-lasource.org\/magasin\/wp-json\/wp\/v2\/product\/6031"}],"collection":[{"href":"https:\/\/www.epicerie-lasource.org\/magasin\/wp-json\/wp\/v2\/product"}],"about":[{"href":"https:\/\/www.epicerie-lasource.org\/magasin\/wp-json\/wp\/v2\/types\/product"}],"replies":[{"embeddable":true,"href":"https:\/\/www.epicerie-lasource.org\/magasin\/wp-json\/wp\/v2\/comments?post=6031"}],"wp:featuredmedia":[{"embeddable":true,"href":"https:\/\/www.epicerie-lasource.org\/magasin\/wp-json\/wp\/v2\/media\/6027"}],"wp:attachment":[{"href":"https:\/\/www.epicerie-lasource.org\/magasin\/wp-json\/wp\/v2\/media?parent=6031"}],"wp:term":[{"taxonomy":"product_cat","embeddable":true,"href":"https:\/\/www.epicerie-lasource.org\/magasin\/wp-json\/wp\/v2\/product_cat?post=6031"},{"taxonomy":"product_tag","embeddable":true,"href":"https:\/\/www.epicerie-lasource.org\/magasin\/wp-json\/wp\/v2\/product_tag?post=6031"}],"curies":[{"name":"wp","href":"https:\/\/api.w.org\/{rel}","templated":true}]}}