{"id":60271,"date":"2025-12-04T09:55:42","date_gmt":"2025-12-04T08:55:42","guid":{"rendered":"https:\/\/www.epicerie-lasource.org\/magasin\/?post_type=product&#038;p=60271"},"modified":"2026-01-01T19:31:32","modified_gmt":"2026-01-01T18:31:32","slug":"vin-rouge-beaumes-de-venise-les-dentelles-aop-75-cl","status":"publish","type":"product","link":"https:\/\/www.epicerie-lasource.org\/magasin\/produit\/vin-rouge-beaumes-de-venise-les-dentelles-aop-75-cl\/","title":{"rendered":"Vin rouge Beaumes de Venise Les Dentelles AOP &#8211; 75 cl"},"content":{"rendered":"","protected":false},"excerpt":{"rendered":"<h2 class=\"\">DESCRIPTIF<\/h2>\n<div class=\"\">\n<p>Vin tr\u00e8s \u00e9quilibr\u00e9 avec une pointe d&rsquo;\u00e9pices en fin de bouche ; une vraie gourmandise.<\/p>\n<p>R\u00e9gion: Vall\u00e9e du Rh\u00f4ne<\/p>\n<p>Adjectifs: Rond, Fruit\u00e9<\/p>\n<p>C\u00e9pages: 65% Grenache noir, 35% Syrah<\/p>\n<p>Caract\u00e9ristiques de d\u00e9gustation: Aspect limpide, robe rouge intense. Nez : attaque cerise, final \u00e9pic\u00e9. Bouche riche et complexe.<\/p>\n<p><span class=\"allergenes_produit\">Les ingr\u00e9dients renseign\u00e9s en majuscule attestent des allerg\u00e8nes pr\u00e9sents dans le ou les produits.<\/span><\/p>\n<\/div>\n<div><\/div>\n<div>\n<h2 class=\"\">CONSEILS ET INFO CONSO<\/h2>\n<div class=\"\">\n<p>Accords Mets-vins: Daube de boeuf proven\u00e7ale, \u00e9paule d&rsquo;agneau, lapin caram\u00e9lis\u00e9 aux \u00e9pices.<\/p>\n<\/div>\n<\/div>\n","protected":false},"featured_media":60273,"comment_status":"closed","ping_status":"closed","template":"","meta":[],"product_cat":[652,22,473],"product_tag":[],"supplier_id":null,"supplier_sku":"","atum_controlled":true,"out_stock_date":"2026-01-01 18:31:32","out_stock_threshold":null,"inheritable":false,"inbound_stock":null,"stock_on_hold":0,"sold_today":0,"sales_last_days":0,"out_stock_days":124,"lost_sales":309.29142857143,"has_location":false,"update_date":"2026-05-05T22:28:24","atum_locations":[],"atum_stock_status":"outofstock","restock_status":false,"low_stock_amount":"","sales_update_date":"2026-05-05T22:28:24","calc_backorders":null,"_links":{"self":[{"href":"https:\/\/www.epicerie-lasource.org\/magasin\/wp-json\/wp\/v2\/product\/60271"}],"collection":[{"href":"https:\/\/www.epicerie-lasource.org\/magasin\/wp-json\/wp\/v2\/product"}],"about":[{"href":"https:\/\/www.epicerie-lasource.org\/magasin\/wp-json\/wp\/v2\/types\/product"}],"replies":[{"embeddable":true,"href":"https:\/\/www.epicerie-lasource.org\/magasin\/wp-json\/wp\/v2\/comments?post=60271"}],"wp:featuredmedia":[{"embeddable":true,"href":"https:\/\/www.epicerie-lasource.org\/magasin\/wp-json\/wp\/v2\/media\/60273"}],"wp:attachment":[{"href":"https:\/\/www.epicerie-lasource.org\/magasin\/wp-json\/wp\/v2\/media?parent=60271"}],"wp:term":[{"taxonomy":"product_cat","embeddable":true,"href":"https:\/\/www.epicerie-lasource.org\/magasin\/wp-json\/wp\/v2\/product_cat?post=60271"},{"taxonomy":"product_tag","embeddable":true,"href":"https:\/\/www.epicerie-lasource.org\/magasin\/wp-json\/wp\/v2\/product_tag?post=60271"}],"curies":[{"name":"wp","href":"https:\/\/api.w.org\/{rel}","templated":true}]}}