{"id":60215,"date":"2025-12-02T13:14:22","date_gmt":"2025-12-02T12:14:22","guid":{"rendered":"https:\/\/www.epicerie-lasource.org\/magasin\/?post_type=product&#038;p=60215"},"modified":"2025-12-11T16:45:46","modified_gmt":"2025-12-11T15:45:46","slug":"chocolat-blanc-40-el-inti-bio-saldac-100-g","status":"publish","type":"product","link":"https:\/\/www.epicerie-lasource.org\/magasin\/produit\/chocolat-blanc-40-el-inti-bio-saldac-100-g\/","title":{"rendered":"Chocolat blanc dore 40% El Inti bio &#8211; Saldac &#8211; 100 g"},"content":{"rendered":"","protected":false},"excerpt":{"rendered":"<section class=\"product-features\">\n<p class=\"origine\">Origine : P\u00e9rou<\/p>\n<\/section>\n<div id=\"product-description-short-588\">\n<p>Lieu de fabrication : chocolaterie Morin &#8211; Donz\u00e8re (26)<\/p>\n<p>Chocolat blanc 40 % de cacao, beurre de cacao r\u00e9alis\u00e9 avec les f\u00e8ves de la Coop. Pangoa P\u00e9rou, sucre de canne complet du P\u00e9rou (panela), lait entier, biologique. Un grand cru blanc, un peu beige par la couleur du sucre de canne complet, excellent, tr\u00e8s parfum\u00e9, avec une touche de vanille pour relev\u00e9 le tout ! La gamme de chocolat de Saldac est certifi\u00e9e commerce \u00e9quitable par le syst\u00e8me SPP (Symb\u00f4le des Producteurs Paysans).<\/p>\n<\/div>\n","protected":false},"featured_media":60216,"comment_status":"closed","ping_status":"closed","template":"","meta":[],"product_cat":[652,64,691],"product_tag":[],"supplier_id":null,"supplier_sku":"","atum_controlled":true,"out_stock_date":null,"out_stock_threshold":null,"inheritable":false,"inbound_stock":null,"stock_on_hold":0,"sold_today":0,"sales_last_days":0,"out_stock_days":0,"lost_sales":0,"has_location":false,"update_date":"2026-04-28T22:21:53","atum_locations":[],"atum_stock_status":"instock","restock_status":false,"low_stock_amount":"","sales_update_date":"2026-04-28T22:21:53","calc_backorders":null,"_links":{"self":[{"href":"https:\/\/www.epicerie-lasource.org\/magasin\/wp-json\/wp\/v2\/product\/60215"}],"collection":[{"href":"https:\/\/www.epicerie-lasource.org\/magasin\/wp-json\/wp\/v2\/product"}],"about":[{"href":"https:\/\/www.epicerie-lasource.org\/magasin\/wp-json\/wp\/v2\/types\/product"}],"replies":[{"embeddable":true,"href":"https:\/\/www.epicerie-lasource.org\/magasin\/wp-json\/wp\/v2\/comments?post=60215"}],"wp:featuredmedia":[{"embeddable":true,"href":"https:\/\/www.epicerie-lasource.org\/magasin\/wp-json\/wp\/v2\/media\/60216"}],"wp:attachment":[{"href":"https:\/\/www.epicerie-lasource.org\/magasin\/wp-json\/wp\/v2\/media?parent=60215"}],"wp:term":[{"taxonomy":"product_cat","embeddable":true,"href":"https:\/\/www.epicerie-lasource.org\/magasin\/wp-json\/wp\/v2\/product_cat?post=60215"},{"taxonomy":"product_tag","embeddable":true,"href":"https:\/\/www.epicerie-lasource.org\/magasin\/wp-json\/wp\/v2\/product_tag?post=60215"}],"curies":[{"name":"wp","href":"https:\/\/api.w.org\/{rel}","templated":true}]}}