{"id":60207,"date":"2025-12-02T12:48:22","date_gmt":"2025-12-02T11:48:22","guid":{"rendered":"https:\/\/www.epicerie-lasource.org\/magasin\/?post_type=product&#038;p=60207"},"modified":"2025-12-19T16:29:49","modified_gmt":"2025-12-19T15:29:49","slug":"aoc-cotes-du-rhone-rouge-bio-les-grappes-dantan-75-cl","status":"publish","type":"product","link":"https:\/\/www.epicerie-lasource.org\/magasin\/produit\/aoc-cotes-du-rhone-rouge-bio-les-grappes-dantan-75-cl\/","title":{"rendered":"AOC C\u00f4tes du Rh\u00f4ne rouge bio &#8211; Les Grappes d&rsquo;Antan &#8211; 75 cl"},"content":{"rendered":"","protected":false},"excerpt":{"rendered":"<div class=\"title es-custom-fg1 es-custom-f1\">Description<\/div>\n<div class=\"content\">\n<p>La Cave coop\u00e9rative de Villedieu (Commune se situant au Nord de Vaison la Romaine), propose une s\u00e9lection de C\u00f4tes-du-Rh\u00f4ne Biologique de belle qualit\u00e9 !<\/p>\n<p>Ce rouge est compos\u00e9 de Grenache noir 66%, Syrah 24%, Carignan 3%, Cinsault 6%, Mourvedre 1%, le tout vinifi\u00e9 et \u00e9lev\u00e9 en cuves.<br \/>\nC&rsquo;est un rouge fruit\u00e9 aux notes de cassis, de framboise et de myrtille, avec une bouche souple et fruit\u00e9e aussi.<\/p>\n<p>C&rsquo;est un vin passe partout, qui pourra suivre des ap\u00e9ritifs, de la charcuterie et quelques bons steacks&#8230;<\/p>\n<\/div>\n","protected":false},"featured_media":60208,"comment_status":"closed","ping_status":"closed","template":"","meta":[],"product_cat":[652,473],"product_tag":[],"supplier_id":null,"supplier_sku":"","atum_controlled":true,"out_stock_date":null,"out_stock_threshold":null,"inheritable":false,"inbound_stock":null,"stock_on_hold":0,"sold_today":0,"sales_last_days":0,"out_stock_days":0,"lost_sales":0,"has_location":false,"update_date":"2026-05-04T22:29:13","atum_locations":[],"atum_stock_status":"instock","restock_status":false,"low_stock_amount":"","sales_update_date":"2026-05-04T22:29:13","calc_backorders":null,"_links":{"self":[{"href":"https:\/\/www.epicerie-lasource.org\/magasin\/wp-json\/wp\/v2\/product\/60207"}],"collection":[{"href":"https:\/\/www.epicerie-lasource.org\/magasin\/wp-json\/wp\/v2\/product"}],"about":[{"href":"https:\/\/www.epicerie-lasource.org\/magasin\/wp-json\/wp\/v2\/types\/product"}],"replies":[{"embeddable":true,"href":"https:\/\/www.epicerie-lasource.org\/magasin\/wp-json\/wp\/v2\/comments?post=60207"}],"wp:featuredmedia":[{"embeddable":true,"href":"https:\/\/www.epicerie-lasource.org\/magasin\/wp-json\/wp\/v2\/media\/60208"}],"wp:attachment":[{"href":"https:\/\/www.epicerie-lasource.org\/magasin\/wp-json\/wp\/v2\/media?parent=60207"}],"wp:term":[{"taxonomy":"product_cat","embeddable":true,"href":"https:\/\/www.epicerie-lasource.org\/magasin\/wp-json\/wp\/v2\/product_cat?post=60207"},{"taxonomy":"product_tag","embeddable":true,"href":"https:\/\/www.epicerie-lasource.org\/magasin\/wp-json\/wp\/v2\/product_tag?post=60207"}],"curies":[{"name":"wp","href":"https:\/\/api.w.org\/{rel}","templated":true}]}}