{"id":60205,"date":"2025-12-02T11:55:03","date_gmt":"2025-12-02T10:55:03","guid":{"rendered":"https:\/\/www.epicerie-lasource.org\/magasin\/?post_type=product&#038;p=60205"},"modified":"2026-02-25T10:43:57","modified_gmt":"2026-02-25T09:43:57","slug":"beurre-de-cacahuetes-go-nuts-270-grs-bio","status":"publish","type":"product","link":"https:\/\/www.epicerie-lasource.org\/magasin\/produit\/beurre-de-cacahuetes-go-nuts-270-grs-bio\/","title":{"rendered":"beurre de cacahu\u00e8tes go nuts &#8211; 270 grs &#8211; bio"},"content":{"rendered":"","protected":false},"excerpt":{"rendered":"<h2>DESCRIPTION<\/h2>\n<p>Beurre ou pur\u00e9e de cacahu\u00e8tes. Il est produit \u00e0 partir de cacahu\u00e8tes issues de l\u2019esp\u00e8ce Arachis hypogaea. Elles ont \u00e9t\u00e9 produites et grill\u00e9es conform\u00e9ment aux r\u00e8gles de l\u2019agriculture biologique. Le beurre de cacahu\u00e8tes est conditionn\u00e9 en pot de 270gr ou de 500gr.<\/p>\n<h2>INGR\u00c9DIENTS &amp; ALLERG\u00c8NES<\/h2>\n<p>Liste d\u2019ingr\u00e9dients : CACAHUETES* (100%)<\/p>\n<p>*Issu(es) de l\u2019agriculture biologique &#8211; Certifi\u00e9 par BUREAU ALPES CONTR\u00d4LES<\/p>\n<p>Origine :<br \/>\n\u2022 Cacahu\u00e8tes : Egypte<br \/>\n\u2022 Beurre de cacahu\u00e8tes : transform\u00e9 en France<\/p>\n<p><strong>ALLERGENES<\/strong>\u00a0: Le produit contient des arachides. Traces \u00e9ventuelles de fruits \u00e0 coque.<\/p>\n<h2>INFORMATIONS DE CONSERVATION<\/h2>\n<p>Apr\u00e8s ouverture conserver le produit jusqu\u2019\u00e0 sa DDM en suivant les conditions de stockage suivantes :<br \/>\n&#8211; Stockage recommand\u00e9 dans un endroit frais et sec \u00e0 l\u2019abri de l\u2019exposition \u00e0 la chaleur, au froid et au soleil.<br \/>\n&#8211; Lors de la r\u00e9ception et du stockage ne pas exposer \u00e0 des variations de temp\u00e9rature<\/p>\n","protected":false},"featured_media":60206,"comment_status":"closed","ping_status":"closed","template":"","meta":[],"product_cat":[652,697,692],"product_tag":[],"supplier_id":null,"supplier_sku":"","atum_controlled":true,"out_stock_date":null,"out_stock_threshold":null,"inheritable":false,"inbound_stock":null,"stock_on_hold":0,"sold_today":0,"sales_last_days":8,"out_stock_days":0,"lost_sales":0,"has_location":false,"update_date":"2026-05-07T11:36:15","atum_locations":[],"atum_stock_status":"instock","restock_status":false,"low_stock_amount":"","sales_update_date":"2026-05-07T11:36:15","calc_backorders":null,"_links":{"self":[{"href":"https:\/\/www.epicerie-lasource.org\/magasin\/wp-json\/wp\/v2\/product\/60205"}],"collection":[{"href":"https:\/\/www.epicerie-lasource.org\/magasin\/wp-json\/wp\/v2\/product"}],"about":[{"href":"https:\/\/www.epicerie-lasource.org\/magasin\/wp-json\/wp\/v2\/types\/product"}],"replies":[{"embeddable":true,"href":"https:\/\/www.epicerie-lasource.org\/magasin\/wp-json\/wp\/v2\/comments?post=60205"}],"wp:featuredmedia":[{"embeddable":true,"href":"https:\/\/www.epicerie-lasource.org\/magasin\/wp-json\/wp\/v2\/media\/60206"}],"wp:attachment":[{"href":"https:\/\/www.epicerie-lasource.org\/magasin\/wp-json\/wp\/v2\/media?parent=60205"}],"wp:term":[{"taxonomy":"product_cat","embeddable":true,"href":"https:\/\/www.epicerie-lasource.org\/magasin\/wp-json\/wp\/v2\/product_cat?post=60205"},{"taxonomy":"product_tag","embeddable":true,"href":"https:\/\/www.epicerie-lasource.org\/magasin\/wp-json\/wp\/v2\/product_tag?post=60205"}],"curies":[{"name":"wp","href":"https:\/\/api.w.org\/{rel}","templated":true}]}}