{"id":60126,"date":"2025-11-28T18:55:22","date_gmt":"2025-11-28T17:55:22","guid":{"rendered":"https:\/\/www.epicerie-lasource.org\/magasin\/?post_type=product&#038;p=60126"},"modified":"2026-04-27T06:22:18","modified_gmt":"2026-04-27T04:22:18","slug":"cancoillotte-poivron-piment-despelette-240grs","status":"publish","type":"product","link":"https:\/\/www.epicerie-lasource.org\/magasin\/produit\/cancoillotte-poivron-piment-despelette-240grs\/","title":{"rendered":"CANCOILLOTTE au vin blanc savignin (240g)"},"content":{"rendered":"","protected":false},"excerpt":{"rendered":"<p>La cancoillotte est une sp\u00e9cialit\u00e9 fromag\u00e8re franc-comtoise naturellement l\u00e9g\u00e8re en mati\u00e8res grasses.<br \/>\n12% de MG.<br \/>\nPot de 240 Grs.<br \/>\n<em><strong>Attention la date limite de consommation n&rsquo;est pas celle de l&rsquo;\u00e9tiquette mais celle du couvercle car la cancoillotte est sous vide <\/strong><\/em><\/p>\n","protected":false},"featured_media":61441,"comment_status":"open","ping_status":"closed","template":"","meta":[],"product_cat":[25,652],"product_tag":[],"supplier_id":null,"supplier_sku":"","atum_controlled":true,"out_stock_date":null,"out_stock_threshold":null,"inheritable":false,"inbound_stock":null,"stock_on_hold":0,"sold_today":0,"sales_last_days":0,"out_stock_days":0,"lost_sales":0,"has_location":false,"update_date":"2026-05-12T22:44:59","atum_locations":[],"atum_stock_status":"instock","restock_status":false,"low_stock_amount":"","sales_update_date":"2026-05-12T22:44:59","calc_backorders":null,"_links":{"self":[{"href":"https:\/\/www.epicerie-lasource.org\/magasin\/wp-json\/wp\/v2\/product\/60126"}],"collection":[{"href":"https:\/\/www.epicerie-lasource.org\/magasin\/wp-json\/wp\/v2\/product"}],"about":[{"href":"https:\/\/www.epicerie-lasource.org\/magasin\/wp-json\/wp\/v2\/types\/product"}],"replies":[{"embeddable":true,"href":"https:\/\/www.epicerie-lasource.org\/magasin\/wp-json\/wp\/v2\/comments?post=60126"}],"wp:featuredmedia":[{"embeddable":true,"href":"https:\/\/www.epicerie-lasource.org\/magasin\/wp-json\/wp\/v2\/media\/61441"}],"wp:attachment":[{"href":"https:\/\/www.epicerie-lasource.org\/magasin\/wp-json\/wp\/v2\/media?parent=60126"}],"wp:term":[{"taxonomy":"product_cat","embeddable":true,"href":"https:\/\/www.epicerie-lasource.org\/magasin\/wp-json\/wp\/v2\/product_cat?post=60126"},{"taxonomy":"product_tag","embeddable":true,"href":"https:\/\/www.epicerie-lasource.org\/magasin\/wp-json\/wp\/v2\/product_tag?post=60126"}],"curies":[{"name":"wp","href":"https:\/\/api.w.org\/{rel}","templated":true}]}}